{"id":74,"date":"2026-02-12T17:07:42","date_gmt":"2026-02-12T17:07:42","guid":{"rendered":"https:\/\/edutak.pl\/?page_id=74"},"modified":"2026-04-03T06:39:07","modified_gmt":"2026-04-03T05:39:07","slug":"o-edu-tak","status":"publish","type":"page","link":"https:\/\/edutak.pl\/","title":{"rendered":"EDU TAK"},"content":{"rendered":"<div id=\"pl-74\"  class=\"panel-layout\" ><div id=\"pg-74-0\"  class=\"panel-grid panel-no-style\" ><div id=\"pgc-74-0-0\"  class=\"panel-grid-cell\" ><div id=\"panel-74-0-0-0\" class=\"so-panel widget widget_sow-features panel-first-child\" data-index=\"0\" ><div\n\t\t\t\n\t\t\tclass=\"so-widget-sow-features so-widget-sow-features-default-08363e749b3e-74\"\n\t\t\t\n\t\t><ul\n\tclass=\"sow-features-list\n\tsow-features-responsive\">\n\n\t\t\t<li\n\t\t\tclass=\"sow-features-feature sow-icon-container-position-top\"\n\t\t\tstyle=\"display: flex; flex-direction: column; width: calc(100% - 25px);\"\n\t\t>\n\t\t\t\n\t\t\t\t\t\t<div\t\t\t\tclass=\"sow-icon-container sow-container-round\"\n\t\t\t\tstyle=\"color: #ffffff; \"\n\t\t\t\ttitle=\"TAK\"\n\t\t\t\t\t\t\t>\n\t\t\t\t\t\t\t\t\t\t<div class=\"sow-icon-image\" style=\"background-image: url(https:\/\/edutak.pl\/wp-content\/uploads\/2026\/02\/TAK-CIV-icon.png); font-size: 24px\"><\/div>\n\t\t\t\t\t\t\t\t\t<\/div>\n\n\t\t\t<div class=\"textwidget\">\n\t\t\t\t\n\t\t\t\t\t\t\t\t\t<h5 class=\"sow-features-feature-title\">\n\t\t\t\t\t\tAplikacja ATAK\t\t\t\t\t<\/h5>\n\t\t\t\t\n\t\t\t\t\t\t\t\t\t<div class=\"sow-features-feature-text\">\n\t\t\t\t\t<h1><a href=\"https:\/\/edutak.pl\/index.php\/swiadomosc-sytuacyjna-t-a-k\/\"><span dir=\"auto\" style=\"vertical-align: inherit\"><span dir=\"auto\" style=\"vertical-align: inherit\"><span dir=\"auto\" style=\"vertical-align: inherit\"><span dir=\"auto\" style=\"vertical-align: inherit\"><span dir=\"auto\" style=\"vertical-align: inherit\"><span dir=\"auto\" style=\"vertical-align: inherit\"><span dir=\"auto\" style=\"vertical-align: inherit\"><span dir=\"auto\" style=\"vertical-align: inherit\"><span dir=\"auto\" style=\"vertical-align: inherit\"><span dir=\"auto\" style=\"vertical-align: inherit\">Jedna platforma \u2013 wiele zastosowa\u0144 ATAK <\/span><\/span><\/span><\/span><\/span><\/span><\/span><\/span><span dir=\"auto\" style=\"vertical-align: inherit\"><span dir=\"auto\" style=\"vertical-align: inherit\"><span dir=\"auto\" style=\"vertical-align: inherit\"><span dir=\"auto\" style=\"vertical-align: inherit\"><span dir=\"auto\" style=\"vertical-align: inherit\"><span dir=\"auto\" style=\"vertical-align: inherit\"><span dir=\"auto\" style=\"vertical-align: inherit\"><span dir=\"auto\" style=\"vertical-align: inherit\">: <\/span><\/span><\/span><\/span><\/span><\/span><\/span><\/span><span dir=\"auto\" style=\"vertical-align: inherit\"><span dir=\"auto\" style=\"vertical-align: inherit\"><span dir=\"auto\" style=\"vertical-align: inherit\"><span dir=\"auto\" style=\"vertical-align: inherit\"><span dir=\"auto\" style=\"vertical-align: inherit\"><span dir=\"auto\" style=\"vertical-align: inherit\"><span dir=\"auto\" style=\"vertical-align: inherit\"><span dir=\"auto\" style=\"vertical-align: inherit\">administracja, s\u0142u\u017cby , <\/span><\/span><\/span><\/span><\/span><\/span><\/span><\/span><span dir=\"auto\" style=\"vertical-align: inherit\"><span dir=\"auto\" style=\"vertical-align: inherit\"><span dir=\"auto\" style=\"vertical-align: inherit\"><span dir=\"auto\" style=\"vertical-align: inherit\"><span dir=\"auto\" style=\"vertical-align: inherit\"><span dir=\"auto\" style=\"vertical-align: inherit\"><span dir=\"auto\" style=\"vertical-align: inherit\"><span dir=\"auto\" style=\"vertical-align: inherit\">ratownictwo i zarz\u0105dzanie kryzysowe.<\/span><\/span><\/span><\/span><\/span><\/span><\/span><\/span><\/span><\/span><\/a><\/h1>\n\t\t\t\t\t<\/div>\n\t\t\t\t\t\t\t\t<\/div>\n\t\t\t\t\t\t\t\t<\/li>\n\n\t<\/ul>\n<\/div><\/div><div id=\"panel-74-0-0-1\" class=\"so-panel widget widget_sow-features panel-last-child\" data-index=\"1\" ><div\n\t\t\t\n\t\t\tclass=\"so-widget-sow-features so-widget-sow-features-default-08363e749b3e-74\"\n\t\t\t\n\t\t><ul\n\tclass=\"sow-features-list\n\tsow-features-responsive\">\n\n\t\t\t<li\n\t\t\tclass=\"sow-features-feature sow-icon-container-position-top\"\n\t\t\tstyle=\"display: flex; flex-direction: column; width: calc(100% - 25px);\"\n\t\t>\n\t\t\t\n\t\t\t\t\t\t<div\t\t\t\tclass=\"sow-icon-container sow-container-round\"\n\t\t\t\tstyle=\"color: #ffffff; \"\n\t\t\t\ttitle=\"DORADZTWO, AUDYT I SZKOLENIA \u2013 DLA KA\u017bDEGO SEGMENTU\"\n\t\t\t\t\t\t\t>\n\t\t\t\t\t\t\t\t\t\t<div class=\"sow-icon-image\" style=\"background-image: url(https:\/\/edutak.pl\/wp-content\/uploads\/2026\/02\/doractwo.png); font-size: 24px\"><\/div>\n\t\t\t\t\t\t\t\t\t<\/div>\n\n\t\t\t<div class=\"textwidget\">\n\t\t\t\t\n\t\t\t\t\t\t\t\t\t<h5 class=\"sow-features-feature-title\">\n\t\t\t\t\t\tDoradztwo-Audyt\t\t\t\t\t<\/h5>\n\t\t\t\t\n\t\t\t\t\t\t\t\t\t<div class=\"sow-features-feature-text\">\n\t\t\t\t\t<h1><a href=\"https:\/\/edutak.pl\/index.php\/audyty-swiadomosci-sytuacyjnej\/\">Ka\u017cd\u0105 realizacj\u0119: poprzedzamy analiz\u0105 potrzeb, audytem dzia\u0142ania, doborem odpowiedniego zakresu funkcjonalno\u015bci.<\/a><\/h1>\n\t\t\t\t\t<\/div>\n\t\t\t\t\t\t\t\t<\/div>\n\t\t\t\t\t\t\t\t\t\t<p class=\"sow-more-text\">\n\t\t\t\t\t<a href=\"https:\/\/edutak.pl\/index.php\/audyty-swiadomosci-sytuacyjnej\/\" >Wi\u0119cej<\/a>\t\t\t\t<\/p>\n\t\t\t\t\t<\/li>\n\n\t<\/ul>\n<\/div><\/div><\/div><div id=\"pgc-74-0-1\"  class=\"panel-grid-cell\" ><div id=\"panel-74-0-1-0\" class=\"so-panel widget widget_sow-features panel-first-child\" data-index=\"2\" ><div\n\t\t\t\n\t\t\tclass=\"so-widget-sow-features so-widget-sow-features-default-08363e749b3e-74\"\n\t\t\t\n\t\t><ul\n\tclass=\"sow-features-list\n\tsow-features-responsive\">\n\n\t\t\t<li\n\t\t\tclass=\"sow-features-feature sow-icon-container-position-top\"\n\t\t\tstyle=\"display: flex; flex-direction: column; width: calc(100% - 25px);\"\n\t\t>\n\t\t\t\n\t\t\t\t\t\t<div\t\t\t\tclass=\"sow-icon-container sow-container-round\"\n\t\t\t\tstyle=\"color: #ffffff; \"\n\t\t\t\ttitle=\"TAK\"\n\t\t\t\t\t\t\t>\n\t\t\t\t\t\t\t\t\t\t<div class=\"sow-icon-image\" style=\"background-image: url(https:\/\/edutak.pl\/wp-content\/uploads\/2026\/02\/Logo_Zarzadzanie_Kryzysowe_\u2014_kopia.jpg); font-size: 24px\"><\/div>\n\t\t\t\t\t\t\t\t\t<\/div>\n\n\t\t\t<div class=\"textwidget\">\n\t\t\t\t\n\t\t\t\t\t\t\t\t\t<h5 class=\"sow-features-feature-title\">\n\t\t\t\t\t\tZarz\u0105dzanie Kryzysowe\t\t\t\t\t<\/h5>\n\t\t\t\t\n\t\t\t\t\t\t\t\t\t<div class=\"sow-features-feature-text\">\n\t\t\t\t\t<h1><a href=\"https:\/\/edutak.pl\/index.php\/rozwiazania-dedykowane-dla-sektora-jst\/\">Gminne \u2022 Powiatowe \u2022 Wojew\u00f3dzkie CZK Wsp\u00f3lny obraz sytuacji zamiast chaosu informacyjnego.<\/a><\/h1>\n\t\t\t\t\t<\/div>\n\t\t\t\t\t\t\t\t<\/div>\n\t\t\t\t\t\t\t\t<\/li>\n\n\t<\/ul>\n<\/div><\/div><div id=\"panel-74-0-1-1\" class=\"so-panel widget widget_sow-features panel-last-child\" data-index=\"3\" ><div\n\t\t\t\n\t\t\tclass=\"so-widget-sow-features so-widget-sow-features-default-08363e749b3e-74\"\n\t\t\t\n\t\t><ul\n\tclass=\"sow-features-list\n\tsow-features-responsive\">\n\n\t\t\t<li\n\t\t\tclass=\"sow-features-feature sow-icon-container-position-top\"\n\t\t\tstyle=\"display: flex; flex-direction: column; width: calc(100% - 25px);\"\n\t\t>\n\t\t\t\n\t\t\t\t\t\t<a\t\t\t\tclass=\"sow-icon-container sow-container-round\"\n\t\t\t\tstyle=\"color: #ffffff; \"\n\t\t\t\ttitle=\"NARZ\u0118DZIA WDRO\u017bENIOWE\"\n\t\t\t\t\t\t\t\t\thref=\"https:\/\/edutak.pl\/index.php\/integracja-najnowszych-systemow-i-zrodel-danych\/\"\n\t\t\t\t\t\t\t\t>\n\t\t\t\t\t\t\t\t\t\t<div class=\"sow-icon-image\" style=\"background-image: url(https:\/\/edutak.pl\/wp-content\/uploads\/2026\/02\/wdrozen.png); font-size: 24px\"><\/div>\n\t\t\t\t\t\t\t\t\t<\/a>\n\n\t\t\t<div class=\"textwidget\">\n\t\t\t\t\n\t\t\t\t\t\t\t\t\t<h5 class=\"sow-features-feature-title\">\n\t\t\t\t\t\tNarz\u0119dzia wdro\u017ceniowe\t\t\t\t\t<\/h5>\n\t\t\t\t\n\t\t\t\t\t\t\t\t\t<div class=\"sow-features-feature-text\">\n\t\t\t\t\t<h1><a href=\"https:\/\/edutak.pl\/index.php\/integracja-najnowszych-systemow-i-zrodel-danych\/\">Koncepcja realnego dzia\u0142ania, Nie ograniczamy si\u0119 do instalacji aplikacji ATAK. Uruchomienie systemu z wykorzystaniem najnowszych narz\u0119dzi, czujnik\u00f3w, sensor\u00f3w, AI - podczas \u0107wicze\u0144 praktycznych.\u00a0<\/a><\/h1>\n\t\t\t\t\t<\/div>\n\t\t\t\t\t\t\t\t<\/div>\n\t\t\t\t\t\t\t\t\t\t<p class=\"sow-more-text\">\n\t\t\t\t\t<a href=\"https:\/\/edutak.pl\/index.php\/integracja-najnowszych-systemow-i-zrodel-danych\/\" >Wi\u0119cej<\/a>\t\t\t\t<\/p>\n\t\t\t\t\t<\/li>\n\n\t<\/ul>\n<\/div><\/div><\/div><div id=\"pgc-74-0-2\"  class=\"panel-grid-cell\" ><div id=\"panel-74-0-2-0\" class=\"so-panel widget widget_sow-features panel-first-child\" data-index=\"4\" ><div\n\t\t\t\n\t\t\tclass=\"so-widget-sow-features so-widget-sow-features-default-08363e749b3e-74\"\n\t\t\t\n\t\t><ul\n\tclass=\"sow-features-list\n\tsow-features-responsive\">\n\n\t\t\t<li\n\t\t\tclass=\"sow-features-feature sow-icon-container-position-top\"\n\t\t\tstyle=\"display: flex; flex-direction: column; width: calc(100% - 25px);\"\n\t\t>\n\t\t\t\n\t\t\t\t\t\t<div\t\t\t\tclass=\"sow-icon-container sow-container-round\"\n\t\t\t\tstyle=\"color: #ffffff; \"\n\t\t\t\ttitle=\"S\u0141U\u017bBY MUNDUROWE\"\n\t\t\t\t\t\t\t>\n\t\t\t\t\t\t\t\t\t\t<div class=\"sow-icon-image\" style=\"background-image: url(https:\/\/edutak.pl\/wp-content\/uploads\/2026\/02\/mundurowe.png); font-size: 24px\"><\/div>\n\t\t\t\t\t\t\t\t\t<\/div>\n\n\t\t\t<div class=\"textwidget\">\n\t\t\t\t\n\t\t\t\t\t\t\t\t\t<h5 class=\"sow-features-feature-title\">\n\t\t\t\t\t\tS\u0142u\u017cby Mundurowe\t\t\t\t\t<\/h5>\n\t\t\t\t\n\t\t\t\t\t\t\t\t\t<div class=\"sow-features-feature-text\">\n\t\t\t\t\t<h1><a href=\"https:\/\/edutak.pl\/index.php\/rozwiazania-dla-sluzb-mundurowych-i-ratowniczych\/\">Operacyjna przewaga informacyjna Dla s\u0142u\u017cby liczy si\u0119 czas, precyzja i czytelny obraz sytuacji.<\/a><\/h1>\n\t\t\t\t\t<\/div>\n\t\t\t\t\t\t\t\t<\/div>\n\t\t\t\t\t\t\t\t\t\t<p class=\"sow-more-text\">\n\t\t\t\t\t<a href=\"https:\/\/edutak.pl\/index.php\/rozwiazania-dla-sluzb-mundurowych-i-ratowniczych\/\" >Wi\u0119cej<\/a>\t\t\t\t<\/p>\n\t\t\t\t\t<\/li>\n\n\t<\/ul>\n<\/div><\/div><div id=\"panel-74-0-2-1\" class=\"so-panel widget widget_sow-features panel-last-child\" data-index=\"5\" ><div\n\t\t\t\n\t\t\tclass=\"so-widget-sow-features so-widget-sow-features-default-08363e749b3e-74\"\n\t\t\t\n\t\t><ul\n\tclass=\"sow-features-list\n\tsow-features-responsive\">\n\n\t\t\t<li\n\t\t\tclass=\"sow-features-feature sow-icon-container-position-top\"\n\t\t\tstyle=\"display: flex; flex-direction: column; width: calc(100% - 25px);\"\n\t\t>\n\t\t\t\n\t\t\t\t\t\t<div\t\t\t\tclass=\"sow-icon-container sow-container-round\"\n\t\t\t\tstyle=\"color: #ffffff; \"\n\t\t\t\ttitle=\"\u0106WICZENIA I SZKOLENIA SCENARIUSZOWE\"\n\t\t\t\t\t\t\t>\n\t\t\t\t\t\t\t\t\t\t<div class=\"sow-icon-image\" style=\"background-image: url(https:\/\/edutak.pl\/wp-content\/uploads\/2026\/02\/cwiczenia.png); font-size: 24px\"><\/div>\n\t\t\t\t\t\t\t\t\t<\/div>\n\n\t\t\t<div class=\"textwidget\">\n\t\t\t\t\n\t\t\t\t\t\t\t\t\t<h5 class=\"sow-features-feature-title\">\n\t\t\t\t\t\t\u0106wiczenia i szkolenia \t\t\t\t\t<\/h5>\n\t\t\t\t\n\t\t\t\t\t\t\t\t\t<div class=\"sow-features-feature-text\">\n\t\t\t\t\t<h1><a href=\"https:\/\/edutak.pl\/index.php\/osp\/\">Trenujemy realne warianty kryzysu \u2013 nie dotyczy projektu, prowadzimy dedykowane dzia\u0142ania oraz szkolenia, o potencjalnym scenariuszu, charakterystycznym dla okre\u015blonego obszaru i rodzaju instytucji.<\/a><\/h1>\n\t\t\t\t\t<\/div>\n\t\t\t\t\t\t\t\t<\/div>\n\t\t\t\t\t\t\t\t<\/li>\n\n\t<\/ul>\n<\/div><\/div><\/div><div id=\"pgc-74-0-3\"  class=\"panel-grid-cell\" ><div id=\"panel-74-0-3-0\" class=\"so-panel widget widget_sow-features panel-first-child\" data-index=\"6\" ><div\n\t\t\t\n\t\t\tclass=\"so-widget-sow-features so-widget-sow-features-default-08363e749b3e-74\"\n\t\t\t\n\t\t><ul\n\tclass=\"sow-features-list\n\tsow-features-responsive\">\n\n\t\t\t<li\n\t\t\tclass=\"sow-features-feature sow-icon-container-position-top\"\n\t\t\tstyle=\"display: flex; flex-direction: column; width: calc(100% - 25px);\"\n\t\t>\n\t\t\t\n\t\t\t\t\t\t<div\t\t\t\tclass=\"sow-icon-container sow-container-round\"\n\t\t\t\tstyle=\"color: #ffffff; \"\n\t\t\t\ttitle=\"ROZWI\u0104ZANIA DEDYKOWANE DLA SEKTORA JST\"\n\t\t\t\t\t\t\t>\n\t\t\t\t\t\t\t\t\t\t<div class=\"sow-icon-image\" style=\"background-image: url(https:\/\/edutak.pl\/wp-content\/uploads\/2026\/02\/Polska_kontur_bialy.png); font-size: 24px\"><\/div>\n\t\t\t\t\t\t\t\t\t<\/div>\n\n\t\t\t<div class=\"textwidget\">\n\t\t\t\t\n\t\t\t\t\t\t\t\t\t<h5 class=\"sow-features-feature-title\">\n\t\t\t\t\t\tRozwi\u0105zania dla JST\t\t\t\t\t<\/h5>\n\t\t\t\t\n\t\t\t\t\t\t\t\t\t<div class=\"sow-features-feature-text\">\n\t\t\t\t\t<h1><a href=\"https:\/\/edutak.pl\/index.php\/jst\/\"><span dir=\"auto\" style=\"vertical-align: inherit\"><span dir=\"auto\" style=\"vertical-align: inherit\">\u015awiadomo\u015b\u0107 sytuacyjna jako narz\u0119dzie zarz\u0105dzaj\u0105ce dla JST.\u00a0\u00a0<\/span><\/span><\/a><\/h1>\n\t\t\t\t\t<\/div>\n\t\t\t\t\t\t\t\t<\/div>\n\t\t\t\t\t\t\t\t<\/li>\n\n\t<\/ul>\n<\/div><\/div><div id=\"panel-74-0-3-1\" class=\"so-panel widget widget_sow-features panel-last-child\" data-index=\"7\" ><div\n\t\t\t\n\t\t\tclass=\"so-widget-sow-features so-widget-sow-features-default-08363e749b3e-74\"\n\t\t\t\n\t\t><ul\n\tclass=\"sow-features-list\n\tsow-features-responsive\">\n\n\t\t\t<li\n\t\t\tclass=\"sow-features-feature sow-icon-container-position-top\"\n\t\t\tstyle=\"display: flex; flex-direction: column; width: calc(100% - 25px);\"\n\t\t>\n\t\t\t\n\t\t\t\t\t\t<div\t\t\t\tclass=\"sow-icon-container sow-container-round\"\n\t\t\t\tstyle=\"color: #ffffff; \"\n\t\t\t\ttitle=\" PLATFORMA E-LEARNINGOWA\"\n\t\t\t\t\t\t\t>\n\t\t\t\t\t\t\t\t\t\t<div class=\"sow-icon-image\" style=\"background-image: url(https:\/\/edutak.pl\/wp-content\/uploads\/2026\/02\/szkolenie.png); font-size: 24px\"><\/div>\n\t\t\t\t\t\t\t\t\t<\/div>\n\n\t\t\t<div class=\"textwidget\">\n\t\t\t\t\n\t\t\t\t\t\t\t\t\t<h5 class=\"sow-features-feature-title\">\n\t\t\t\t\t\tE-Learning  \t\t\t\t\t<\/h5>\n\t\t\t\t\n\t\t\t\t\t\t\t\t\t<div class=\"sow-features-feature-text\">\n\t\t\t\t\t<h1><a href=\"https:\/\/edutak.pl\/index.php\/organizacje-spoleczne-i-mlodziezowe\/\">Wiedza dost\u0119pna zawsze gdy jest ona potrzebna, dedykowana platforma e-learningowa specjalnie dla podmiot\u00f3w korzystaj\u0105cych z naszych us\u0142ug.<\/a><\/h1>\n\t\t\t\t\t<\/div>\n\t\t\t\t\t\t\t\t<\/div>\n\t\t\t\t\t\t\t\t<\/li>\n\n\t<\/ul>\n<\/div><\/div><\/div><\/div><div id=\"pg-74-1\"  class=\"panel-grid panel-has-style\" ><div class=\"wide-grey panel-row-style panel-row-style-for-74-1\" ><div id=\"pgc-74-1-0\"  class=\"panel-grid-cell\" ><div id=\"panel-74-1-0-0\" class=\"so-panel widget widget_sow-slider panel-first-child\" data-index=\"8\" ><div\n\t\t\t\n\t\t\tclass=\"so-widget-sow-slider so-widget-sow-slider-default-6d39609536fd-74\"\n\t\t\t\n\t\t>\t\t\t\t<div class=\"sow-slider-base\" style=\"display: none\" tabindex=\"0\">\n\t\t\t\t\t<ul\n\t\t\t\t\tclass=\"sow-slider-images\"\n\t\t\t\t\tdata-settings=\"{&quot;pagination&quot;:true,&quot;speed&quot;:400,&quot;timeout&quot;:8000,&quot;paused&quot;:false,&quot;pause_on_hover&quot;:false,&quot;swipe&quot;:true,&quot;nav_always_show_desktop&quot;:&quot;&quot;,&quot;nav_always_show_mobile&quot;:&quot;&quot;,&quot;breakpoint&quot;:&quot;780px&quot;,&quot;unmute&quot;:false,&quot;anchor&quot;:null}\"\n\t\t\t\t\t\t\t\t\t\tdata-anchor-id=\"\"\n\t\t\t\t><\/ul>\t\t\t\t<ol class=\"sow-slider-pagination\">\n\t\t\t\t\t\t\t\t\t<\/ol>\n\n\t\t\t\t<div class=\"sow-slide-nav sow-slide-nav-next\">\n\t\t\t\t\t<a href=\"#\" data-goto=\"next\" aria-label=\"Next slide\" data-action=\"next\">\n\t\t\t\t\t\t<em class=\"sow-sld-icon-thin-right\"><\/em>\n\t\t\t\t\t<\/a>\n\t\t\t\t<\/div>\n\n\t\t\t\t<div class=\"sow-slide-nav sow-slide-nav-prev\">\n\t\t\t\t\t<a href=\"#\" data-goto=\"previous\" aria-label=\"Previous slide\" data-action=\"prev\">\n\t\t\t\t\t\t<em class=\"sow-sld-icon-thin-left\"><\/em>\n\t\t\t\t\t<\/a>\n\t\t\t\t<\/div>\n\t\t\t\t<\/div><\/div><\/div><div id=\"panel-74-1-0-1\" class=\"so-panel widget widget_headline-widget panel-last-child\" data-index=\"9\" ><div class=\"panel-widget-style panel-widget-style-for-74-1-0-1\" >\t\t<h1><\/h1>\n\t\t<div class=\"decoration\"><div class=\"decoration-inside\"><\/div><\/div>\n\t\t<h3>Ustawa z dnia 5 grudnia 2024 r. o ochronie ludno\u015bci i obronie cywilnej Dz.U.2024.1907 Art. 3. Ilekro\u0107 w ustawie jest mowa o: pkt: 6) spo\u0142ecznej odporno\u015bci \u2013 nale\u017cy przez to rozumie\u0107 indywidualn\u0105 i grupow\u0105 zdolno\u015b\u0107 ludzi do zaspokajania swoich podstawowych potrzeb bytowych, w tym dzi\u0119ki posiadaniu w\u0142asnych zapas\u00f3w niezb\u0119dnych produkt\u00f3w, oraz ich zdolno\u015b\u0107 do wsp\u00f3\u0142dzia\u0142ania z podmiotami ochrony ludno\u015bci, a tak\u017ce do zdobywania kompetencji w zakresie kszta\u0142towania \u015bwiadomo\u015bci zagro\u017ce\u0144 i zapobiegania zagro\u017ceniom oraz po\u017c\u0105danych zachowa\u0144 na wypadek wyst\u0105pienia zagro\u017ce\u0144; Art. 4. 1. Zadania ochrony ludno\u015bci i obrony cywilnej polegaj\u0105 na: pkt: 2 lit: c) instruowaniu obywateli o zasadach zabezpieczenia przed zagro\u017ceniem i post\u0119powania w sytuacjach zagro\u017cenia, w szczeg\u00f3lno\u015bci w zakresie budowania spo\u0142ecznej odporno\u015bci, udzielania pierwszej pomocy i ewakuacji, d) uruchomieniu mechanizm\u00f3w spo\u0142ecznej odporno\u015bci; Art. 10. 1. Do zada\u0144 w\u00f3jta (burmistrza, prezydenta miasta) nale\u017cy pkt: 14) planowanie oraz organizowanie szkole\u0144, \u0107wicze\u0144 i innych form edukacji z zakresu ochrony ludno\u015bci i obrony cywilnej oraz wspieranie program\u00f3w edukacyjnych maj\u0105cych na celu przygotowanie do reagowania na potencjalne zagro\u017cenia na obszarze gminy;<\/h3>\n\t\t<\/div><\/div><\/div><\/div><\/div><div id=\"pg-74-2\"  class=\"panel-grid panel-no-style\" ><div id=\"pgc-74-2-0\"  class=\"panel-grid-cell\" ><div id=\"panel-74-2-0-0\" class=\"so-panel widget widget_sow-anything-carousel panel-first-child panel-last-child\" data-index=\"10\" ><div\n\t\t\t\n\t\t\tclass=\"so-widget-sow-anything-carousel so-widget-sow-anything-carousel-base-34d3d11cb945-74\"\n\t\t\t\n\t\t><div class=\"sow-carousel-title has-title\">\n\t<h3 class=\"widget-title\">Wps\u00f3\u0142pracujemy<\/h3><\/div>\n\n<div class=\"sow-carousel-container \">\n\t\t\t<div class=\"sow-carousel-navigation sow-carousel-navigation-prev \">\n\t\t\t\t\t\t<a href=\"#\" class=\"sow-carousel-previous\" title=\"Previous\" aria-label=\"Previous Posts\" role=\"button\"><\/a>\n\t\t\t\t\t<\/div>\n\t\t<div class=\"sow-carousel-wrapper\"\n\t\tdata-dir=\"ltr\"\n\t\tstyle=\"opacity: 0;\"\n\t\tdata-widget=\"anything\" data-item_count=\"2\" data-loop=\"\" data-carousel_settings=\"{&quot;loop&quot;:true,&quot;dots&quot;:true,&quot;animation&quot;:&quot;ease&quot;,&quot;animation_speed&quot;:400,&quot;autoplay&quot;:&quot;&quot;,&quot;pauseOnHover&quot;:&quot;&quot;,&quot;autoplaySpeed&quot;:8000,&quot;item_overflow&quot;:false,&quot;adaptive_height&quot;:&quot;&quot;}\" data-responsive=\"{&quot;desktop_slides_to_scroll&quot;:2,&quot;tablet_landscape_breakpoint&quot;:1366,&quot;tablet_landscape_slides_to_scroll&quot;:3,&quot;tablet_portrait_breakpoint&quot;:1025,&quot;tablet_portrait_slides_to_scroll&quot;:2,&quot;mobile_breakpoint&quot;:480,&quot;mobile_slides_to_scroll&quot;:1,&quot;desktop_slides_to_show&quot;:2,&quot;tablet_landscape_slides_to_show&quot;:3,&quot;tablet_portrait_slides_to_show&quot;:2,&quot;mobile_slides_to_show&quot;:1}\" \t>\n\t\t<div\n\t\t\tclass=\"sow-carousel-items\"\n\t\t\t\t\t>\n\t\t\t\t<div class=\"sow-carousel-item\" tabindex=\"-1\">\n\t\t\n\t\t<div class=\"sow-carousel-content\">\n\t\t\t<p><img loading=\"lazy\" decoding=\"async\" class=\"alignnone size-full wp-image-212\" src=\"http:\/\/edutak.pl\/wp-content\/uploads\/2026\/02\/OSP-Stare-bielsko.jpg\" alt=\"\" width=\"225\" height=\"225\" srcset=\"https:\/\/edutak.pl\/wp-content\/uploads\/2026\/02\/OSP-Stare-bielsko.jpg 225w, https:\/\/edutak.pl\/wp-content\/uploads\/2026\/02\/OSP-Stare-bielsko-150x150.jpg 150w\" sizes=\"auto, (max-width: 225px) 100vw, 225px\" \/><\/p>\n\t\t<\/div>\n\t<\/div>\n\t\t<div class=\"sow-carousel-item\" tabindex=\"-1\">\n\t\t\n\t\t<div class=\"sow-carousel-content\">\n\t\t\t<p><img loading=\"lazy\" decoding=\"async\" class=\"alignnone size-full wp-image-213\" src=\"http:\/\/edutak.pl\/wp-content\/uploads\/2026\/02\/Powiatowe-ZK.jpg\" alt=\"\" width=\"280\" height=\"160\" \/><\/p>\n\t\t<\/div>\n\t<\/div>\n\t\t\t<\/div>\n\t\t\t<\/div>\n\n\t\t\t<div class=\"sow-carousel-navigation sow-carousel-navigation-next \">\n\t\t\t\t\t\t<a href=\"#\" class=\"sow-carousel-next\" title=\"Next\" aria-label=\"Next Posts\" role=\"button\"><\/a>\n\t\t\t\t\t<\/div>\n\t<\/div>\n<\/div><\/div><\/div><\/div><\/div>","protected":false},"excerpt":{"rendered":"<p>Aplikacja ATAK Jedna platforma \u2013 wiele zastosowa\u0144 ATAK : administracja, s\u0142u\u017cby , ratownictwo i zarz\u0105dzanie kryzysowe. Doradztwo-Audyt Ka\u017cd\u0105 realizacj\u0119: poprzedzamy analiz\u0105 potrzeb, audytem dzia\u0142ania, doborem odpowiedniego zakresu funkcjonalno\u015bci. Wi\u0119cej Zarz\u0105dzanie Kryzysowe Gminne \u2022 Powiatowe \u2022 Wojew\u00f3dzkie CZK Wsp\u00f3lny obraz sytuacji zamiast chaosu informacyjnego. Narz\u0119dzia wdro\u017ceniowe Koncepcja realnego dzia\u0142ania, Nie ograniczamy si\u0119 do instalacji aplikacji ATAK. [&hellip;]<\/p>\n","protected":false},"author":1,"featured_media":0,"parent":0,"menu_order":0,"comment_status":"closed","ping_status":"closed","template":"templates\/template-full.php","meta":{"_uag_custom_page_level_css":"","footnotes":""},"class_list":["post-74","page","type-page","status-publish","hentry","post"],"uagb_featured_image_src":{"full":false,"thumbnail":false,"medium":false,"medium_large":false,"large":false,"1536x1536":false,"2048x2048":false,"post-thumbnail":false,"vantage-thumbnail-no-sidebar":false,"vantage-slide":false,"vantage-carousel":false,"vantage-grid-loop":false,"sow-carousel-default":false},"uagb_author_info":{"display_name":"admin1715","author_link":"https:\/\/edutak.pl\/index.php\/author\/admin1715\/"},"uagb_comment_info":0,"uagb_excerpt":"Aplikacja ATAK Jedna platforma \u2013 wiele zastosowa\u0144 ATAK : administracja, s\u0142u\u017cby , ratownictwo i zarz\u0105dzanie kryzysowe. Doradztwo-Audyt Ka\u017cd\u0105 realizacj\u0119: poprzedzamy analiz\u0105 potrzeb, audytem dzia\u0142ania, doborem odpowiedniego zakresu funkcjonalno\u015bci. Wi\u0119cej Zarz\u0105dzanie Kryzysowe Gminne \u2022 Powiatowe \u2022 Wojew\u00f3dzkie CZK Wsp\u00f3lny obraz sytuacji zamiast chaosu informacyjnego. Narz\u0119dzia wdro\u017ceniowe Koncepcja realnego dzia\u0142ania, Nie ograniczamy si\u0119 do instalacji aplikacji ATAK.&hellip;","_links":{"self":[{"href":"https:\/\/edutak.pl\/index.php\/wp-json\/wp\/v2\/pages\/74","targetHints":{"allow":["GET"]}}],"collection":[{"href":"https:\/\/edutak.pl\/index.php\/wp-json\/wp\/v2\/pages"}],"about":[{"href":"https:\/\/edutak.pl\/index.php\/wp-json\/wp\/v2\/types\/page"}],"author":[{"embeddable":true,"href":"https:\/\/edutak.pl\/index.php\/wp-json\/wp\/v2\/users\/1"}],"replies":[{"embeddable":true,"href":"https:\/\/edutak.pl\/index.php\/wp-json\/wp\/v2\/comments?post=74"}],"version-history":[{"count":29,"href":"https:\/\/edutak.pl\/index.php\/wp-json\/wp\/v2\/pages\/74\/revisions"}],"predecessor-version":[{"id":505,"href":"https:\/\/edutak.pl\/index.php\/wp-json\/wp\/v2\/pages\/74\/revisions\/505"}],"wp:attachment":[{"href":"https:\/\/edutak.pl\/index.php\/wp-json\/wp\/v2\/media?parent=74"}],"curies":[{"name":"wp","href":"https:\/\/api.w.org\/{rel}","templated":true}]}}