{"id":595,"date":"2026-04-10T11:00:55","date_gmt":"2026-04-10T10:00:55","guid":{"rendered":"https:\/\/edutak.pl\/?page_id=595"},"modified":"2026-04-10T11:04:07","modified_gmt":"2026-04-10T10:04:07","slug":"ebd-zadania-dla-wykladowcy","status":"publish","type":"page","link":"https:\/\/edutak.pl\/index.php\/ebd-zadania-dla-wykladowcy\/","title":{"rendered":"EBD- ZADANIA DLA WYK\u0141ADOWCY"},"content":{"rendered":"\n<div class=\"wp-block-uagb-image aligncenter uagb-block-380219fd wp-block-uagb-image--layout-default wp-block-uagb-image--effect-static wp-block-uagb-image--align-center\"><figure class=\"wp-block-uagb-image__figure\"><img decoding=\"async\" srcset=\"https:\/\/edutak.pl\/wp-content\/uploads\/2026\/04\/Rozpoczecie-budowania-swiadomosci-s-1024x683.png ,https:\/\/edutak.pl\/wp-content\/uploads\/2026\/04\/Rozpoczecie-budowania-swiadomosci-s.png 780w, https:\/\/edutak.pl\/wp-content\/uploads\/2026\/04\/Rozpoczecie-budowania-swiadomosci-s.png 360w\" sizes=\"auto, (max-width: 480px) 150px\" src=\"https:\/\/edutak.pl\/wp-content\/uploads\/2026\/04\/Rozpoczecie-budowania-swiadomosci-s-1024x683.png\" alt=\"\" class=\"uag-image-573\" width=\"1024\" height=\"683\" title=\"Rozpocz\u0119cie budowania \u015bwiadomo\u015bci \u015b\" loading=\"lazy\" role=\"img\"\/><\/figure><\/div>\n\n\n\n<h2 class=\"wp-block-heading has-text-align-center has-x-large-font-size\">ZADANIE PIERWSZE <\/h2>\n\n\n\n<div data-aos= \"flip-down\" data-aos-duration=\"400\" data-aos-delay=\"0\" data-aos-easing=\"ease\" data-aos-once=\"true\" class=\"wp-block-uagb-tabs uagb-block-5226fc64 uagb-tabs__wrap uagb-tabs__hstyle1-desktop uagb-tabs__vstyle6-tablet uagb-tabs__stack1-mobile\" data-tab-active=\"0\"><ul class=\"uagb-tabs__panel uagb-tabs__align-left\" role=\"tablist\"><li class=\"uagb-tab uagb-tabs__active\" role=\"none\"><a href=\"#uagb-tabs__tab0\" class=\"uagb-tabs-list uagb-tabs__icon-position-left\" data-tab=\"0\" role=\"tab\"><div>Paczka<\/div><\/a><\/li><li class=\"uagb-tab \" role=\"none\"><a href=\"#uagb-tabs__tab1\" class=\"uagb-tabs-list uagb-tabs__icon-position-left\" data-tab=\"1\" role=\"tab\"><div>Plan<\/div><\/a><\/li><li class=\"uagb-tab \" role=\"none\"><a href=\"#uagb-tabs__tab2\" class=\"uagb-tabs-list uagb-tabs__icon-position-left\" data-tab=\"2\" role=\"tab\"><div>Buduj<\/div><\/a><\/li><li class=\"uagb-tab \" role=\"none\"><a href=\"#uagb-tabs__tab3\" class=\"uagb-tabs-list uagb-tabs__icon-position-left\" data-tab=\"3\" role=\"tab\"><div>Zapisz<\/div><\/a><\/li><\/ul><div class=\"uagb-tabs__body-wrap\">\n<div class=\"wp-block-uagb-tabs-child uagb-tabs__body-container uagb-inner-tab-0\" aria-labelledby=\"uagb-tabs__tab0\">\n<p>Uruchom aplikacje ATAK, po zalogowaniu na serwer pobierz paczk\u0119 danych &#8222;\u0106wiczenie A1&#8221; <\/p>\n<\/div>\n\n\n\n<div class=\"wp-block-uagb-tabs-child uagb-tabs__body-container uagb-inner-tab-1\" aria-labelledby=\"uagb-tabs__tab1\">\n<p>Po pobraniu i otwarciu paczki danych na mapie pojawia si\u0119 dane w postaci punkt\u00f3w, sektor\u00f3w i innych znacznik\u00f3w w lokalizacje centrum miasta Wroc\u0142aw. Przyjrzyj si\u0119 ka\u017cdemu z nich za co odpowiada i co przedstawia na mapie, zobacz na opis ka\u017cdej<br> z umieszczonych na mapie ikon.<\/p>\n<\/div>\n\n\n\n<div class=\"wp-block-uagb-tabs-child uagb-tabs__body-container uagb-inner-tab-2\" aria-labelledby=\"uagb-tabs__tab2\">\n<p>Poprzez dost\u0119pne narz\u0119dzie rysowanie, punkty, odzwierciedl stworzony obraz sytuacyjny na terenie kt\u00f3ry jest ci bli\u017cej znany w jak najbardziej zbli\u017conej formie. <\/p>\n<\/div>\n\n\n\n<div class=\"wp-block-uagb-tabs-child uagb-tabs__body-container uagb-inner-tab-3\" aria-labelledby=\"uagb-tabs__tab3\">\n<p>Za pomoc\u0105 narz\u0119dzia LASSO zaznacz obszar na kt\u00f3rym umie\u015bci\u0142e\u015b\/a\u015b swoje dane na mapie, a w kolejnym kroku z uzyskanych  danych stw\u00f3rz now\u0105 paczk\u0119 danych kt\u00f3r\u0105 nast\u0119pnie prze\u015blij za pomoc\u0105 komendy send na serwer EDUTAK.PL<\/p>\n<\/div>\n<\/div><\/div>\n\n\n\n<p><\/p>\n","protected":false},"excerpt":{"rendered":"<p>ZADANIE PIERWSZE<\/p>\n","protected":false},"author":1,"featured_media":0,"parent":0,"menu_order":0,"comment_status":"closed","ping_status":"closed","template":"","meta":{"_uag_custom_page_level_css":"","footnotes":""},"class_list":["post-595","page","type-page","status-publish","hentry","post"],"uagb_featured_image_src":{"full":false,"thumbnail":false,"medium":false,"medium_large":false,"large":false,"1536x1536":false,"2048x2048":false,"post-thumbnail":false,"vantage-thumbnail-no-sidebar":false,"vantage-slide":false,"vantage-carousel":false,"vantage-grid-loop":false,"sow-carousel-default":false},"uagb_author_info":{"display_name":"admin1715","author_link":"https:\/\/edutak.pl\/index.php\/author\/admin1715\/"},"uagb_comment_info":0,"uagb_excerpt":"ZADANIE PIERWSZE","_links":{"self":[{"href":"https:\/\/edutak.pl\/index.php\/wp-json\/wp\/v2\/pages\/595","targetHints":{"allow":["GET"]}}],"collection":[{"href":"https:\/\/edutak.pl\/index.php\/wp-json\/wp\/v2\/pages"}],"about":[{"href":"https:\/\/edutak.pl\/index.php\/wp-json\/wp\/v2\/types\/page"}],"author":[{"embeddable":true,"href":"https:\/\/edutak.pl\/index.php\/wp-json\/wp\/v2\/users\/1"}],"replies":[{"embeddable":true,"href":"https:\/\/edutak.pl\/index.php\/wp-json\/wp\/v2\/comments?post=595"}],"version-history":[{"count":5,"href":"https:\/\/edutak.pl\/index.php\/wp-json\/wp\/v2\/pages\/595\/revisions"}],"predecessor-version":[{"id":601,"href":"https:\/\/edutak.pl\/index.php\/wp-json\/wp\/v2\/pages\/595\/revisions\/601"}],"wp:attachment":[{"href":"https:\/\/edutak.pl\/index.php\/wp-json\/wp\/v2\/media?parent=595"}],"curies":[{"name":"wp","href":"https:\/\/api.w.org\/{rel}","templated":true}]}}