{"id":565,"date":"2026-04-10T09:16:36","date_gmt":"2026-04-10T08:16:36","guid":{"rendered":"https:\/\/edutak.pl\/?page_id=565"},"modified":"2026-04-10T09:25:58","modified_gmt":"2026-04-10T08:25:58","slug":"565-2","status":"publish","type":"page","link":"https:\/\/edutak.pl\/index.php\/565-2\/","title":{"rendered":"EBD &#8211; START PIERWSZY KROK INSTALACJA"},"content":{"rendered":"\n<div class=\"wp-block-uagb-image uagb-block-80e70e9b wp-block-uagb-image--layout-default wp-block-uagb-image--effect-static wp-block-uagb-image--align-none\"><figure class=\"wp-block-uagb-image__figure\"><img decoding=\"async\" srcset=\"https:\/\/edutak.pl\/wp-content\/uploads\/2026\/04\/Pierwszy-krok-w-przyszlosc-1-1024x683.png ,https:\/\/edutak.pl\/wp-content\/uploads\/2026\/04\/Pierwszy-krok-w-przyszlosc-1.png 780w, https:\/\/edutak.pl\/wp-content\/uploads\/2026\/04\/Pierwszy-krok-w-przyszlosc-1.png 360w\" sizes=\"auto, (max-width: 480px) 150px\" src=\"https:\/\/edutak.pl\/wp-content\/uploads\/2026\/04\/Pierwszy-krok-w-przyszlosc-1-1024x683.png\" alt=\"\" class=\"uag-image-521\" width=\"1024\" height=\"683\" title=\"Pierwszy krok w przysz\u0142o\u015b\u0107\" loading=\"lazy\" role=\"img\"\/><\/figure><\/div>\n\n\n\n<div class=\"wp-block-media-text is-stacked-on-mobile\"><figure class=\"wp-block-media-text__media\"><img loading=\"lazy\" decoding=\"async\" width=\"1000\" height=\"1000\" src=\"http:\/\/edutak.pl\/wp-content\/uploads\/2026\/04\/SKLEP-GOOGLE-PLAY-APLIKACJA-ATAK-CIV.png\" alt=\"\" class=\"wp-image-517 size-full\" srcset=\"https:\/\/edutak.pl\/wp-content\/uploads\/2026\/04\/SKLEP-GOOGLE-PLAY-APLIKACJA-ATAK-CIV.png 1000w, https:\/\/edutak.pl\/wp-content\/uploads\/2026\/04\/SKLEP-GOOGLE-PLAY-APLIKACJA-ATAK-CIV-300x300.png 300w, https:\/\/edutak.pl\/wp-content\/uploads\/2026\/04\/SKLEP-GOOGLE-PLAY-APLIKACJA-ATAK-CIV-150x150.png 150w, https:\/\/edutak.pl\/wp-content\/uploads\/2026\/04\/SKLEP-GOOGLE-PLAY-APLIKACJA-ATAK-CIV-768x768.png 768w\" sizes=\"auto, (max-width: 1000px) 100vw, 1000px\" \/><\/figure><div class=\"wp-block-media-text__content\">\n<p>Pobierz i zainstaluj aplikacj\u0119 ATAK &#8211; CIV z sklepu GOOGLE PLAY, akceptuj\u0105c wszystkie zgody wymagane przez aplikacj\u0119.                 <\/p>\n\n\n\n<p><\/p>\n\n\n\n<p><\/p>\n<\/div><\/div>\n\n\n\n<div class=\"wp-block-uagb-buttons uagb-buttons__outer-wrap uagb-btn__default-btn uagb-btn-tablet__default-btn uagb-btn-mobile__default-btn uagb-block-86dc8c67\"><div class=\"uagb-buttons__wrap uagb-buttons-layout-wrap \">\n<div class=\"wp-block-uagb-buttons-child uagb-buttons__outer-wrap uagb-block-790b0867 wp-block-button\"><div class=\"uagb-button__wrapper\"><a class=\"uagb-buttons-repeater wp-block-button__link\" aria-label=\"\" href=\"https:\/\/tak.gov\/\" rel=\"follow noopener\" target=\"_blank\" role=\"button\"><div class=\"uagb-button__link\">STRONA TW\u00d3RCY SYSTEMU TAK <\/div><\/a><\/div><\/div>\n\n\n\n<div class=\"wp-block-uagb-buttons-child uagb-buttons__outer-wrap uagb-block-88d988d4 wp-block-button\"><div class=\"uagb-button__wrapper\"><a class=\"uagb-buttons-repeater wp-block-button__link\" aria-label=\"\" href=\"https:\/\/play.google.com\/store\/apps\/details?id=com.atakmap.app.civ&amp;hl=pl\" rel=\"follow noopener\" target=\"_blank\" role=\"button\"><div class=\"uagb-button__link\">STRONA APLIKACJI SKLEP PLAY<\/div><\/a><\/div><\/div>\n<\/div><\/div>\n\n\n\n<p><\/p>\n","protected":false},"excerpt":{"rendered":"<p>Pobierz i zainstaluj aplikacj\u0119 ATAK &#8211; CIV z sklepu GOOGLE PLAY, akceptuj\u0105c wszystkie zgody wymagane przez aplikacj\u0119.<\/p>\n","protected":false},"author":1,"featured_media":0,"parent":0,"menu_order":0,"comment_status":"closed","ping_status":"closed","template":"","meta":{"_uag_custom_page_level_css":"","footnotes":""},"class_list":["post-565","page","type-page","status-publish","hentry","post"],"uagb_featured_image_src":{"full":false,"thumbnail":false,"medium":false,"medium_large":false,"large":false,"1536x1536":false,"2048x2048":false,"post-thumbnail":false,"vantage-thumbnail-no-sidebar":false,"vantage-slide":false,"vantage-carousel":false,"vantage-grid-loop":false,"sow-carousel-default":false},"uagb_author_info":{"display_name":"admin1715","author_link":"https:\/\/edutak.pl\/index.php\/author\/admin1715\/"},"uagb_comment_info":0,"uagb_excerpt":"Pobierz i zainstaluj aplikacj\u0119 ATAK &#8211; CIV z sklepu GOOGLE PLAY, akceptuj\u0105c wszystkie zgody wymagane przez aplikacj\u0119.","_links":{"self":[{"href":"https:\/\/edutak.pl\/index.php\/wp-json\/wp\/v2\/pages\/565","targetHints":{"allow":["GET"]}}],"collection":[{"href":"https:\/\/edutak.pl\/index.php\/wp-json\/wp\/v2\/pages"}],"about":[{"href":"https:\/\/edutak.pl\/index.php\/wp-json\/wp\/v2\/types\/page"}],"author":[{"embeddable":true,"href":"https:\/\/edutak.pl\/index.php\/wp-json\/wp\/v2\/users\/1"}],"replies":[{"embeddable":true,"href":"https:\/\/edutak.pl\/index.php\/wp-json\/wp\/v2\/comments?post=565"}],"version-history":[{"count":4,"href":"https:\/\/edutak.pl\/index.php\/wp-json\/wp\/v2\/pages\/565\/revisions"}],"predecessor-version":[{"id":571,"href":"https:\/\/edutak.pl\/index.php\/wp-json\/wp\/v2\/pages\/565\/revisions\/571"}],"wp:attachment":[{"href":"https:\/\/edutak.pl\/index.php\/wp-json\/wp\/v2\/media?parent=565"}],"curies":[{"name":"wp","href":"https:\/\/api.w.org\/{rel}","templated":true}]}}