{"id":527,"date":"2026-04-10T07:19:58","date_gmt":"2026-04-10T06:19:58","guid":{"rendered":"https:\/\/edutak.pl\/?page_id=527"},"modified":"2026-04-10T10:45:49","modified_gmt":"2026-04-10T09:45:49","slug":"ebd-pooda","status":"publish","type":"page","link":"https:\/\/edutak.pl\/index.php\/ebd-pooda\/","title":{"rendered":"EBD -POODA"},"content":{"rendered":"\n<div class=\"wp-block-uagb-image aligncenter uagb-block-755c08e2 wp-block-uagb-image--layout-default wp-block-uagb-image--effect-static wp-block-uagb-image--align-center\"><figure class=\"wp-block-uagb-image__figure\"><img decoding=\"async\" srcset=\"https:\/\/edutak.pl\/wp-content\/uploads\/2026\/04\/Solidarni-w-sluzbie-ratunkowej-1024x683.png ,https:\/\/edutak.pl\/wp-content\/uploads\/2026\/04\/Solidarni-w-sluzbie-ratunkowej.png 780w, https:\/\/edutak.pl\/wp-content\/uploads\/2026\/04\/Solidarni-w-sluzbie-ratunkowej.png 360w\" sizes=\"auto, (max-width: 480px) 150px\" src=\"https:\/\/edutak.pl\/wp-content\/uploads\/2026\/04\/Solidarni-w-sluzbie-ratunkowej-1024x683.png\" alt=\"\" class=\"uag-image-515\" width=\"480\" height=\"522\" title=\"Solidarni w s\u0142u\u017cbie ratunkowej\" loading=\"lazy\" role=\"img\"\/><\/figure><\/div>\n\n\n\n<p><\/p>\n\n\n\n<div class=\"wp-block-uagb-container uagb-block-cb089ffa alignfull uagb-is-root-container\"><div class=\"uagb-container-inner-blocks-wrap\">\n<div class=\"wp-block-uagb-inline-notice uagb-inline_notice__align-left uagb-block-b929bec5\"><button class=\"uagb-notice-close-button\" type=\"button\" aria-label=\"Close\"><\/button><h4 class=\"uagb-notice-title\">PREPARATION &#8211; PRZYGOTOWANIE &#8211;  system\u00f3w i zespo\u0142u<\/h4><div class=\"uagb-notice-text\">\n<p>Stworzenie podk\u0142ad\u00f3w cyfrowych kt\u00f3re b\u0119d\u0105 zawiera\u0107 ukierunkowane dane. Przeszkolenie z przygotowanych procedur takich jak nazewnictwo czy spos\u00f3b komunikacji z u\u017cyciem system\u00f3w buduj\u0105cych i zarz\u0105dzaj\u0105cych \u015bwiadomo\u015bci\u0105 sytuacyjn\u0105. <\/p>\n<\/div><\/div>\n<\/div><\/div>\n\n\n\n<div class=\"wp-block-uagb-container uagb-block-c968d056 alignfull uagb-is-root-container\"><div class=\"uagb-container-inner-blocks-wrap\">\n<div class=\"wp-block-uagb-inline-notice uagb-inline_notice__align-left uagb-block-00c0aff8\"><button class=\"uagb-notice-close-button\" type=\"button\" aria-label=\"Close\"><\/button><h4 class=\"uagb-notice-title\">OBSERVE &#8211; OBSERWACJA &#8211; danych kt\u00f3rymi dysponujemy<\/h4><div class=\"uagb-notice-text\">\n<p>Ilo\u015b\u0107 danych wymusza sprawne wskazywanie kt\u00f3re dane s\u0105 w danym momencie kluczowe, a kt\u00f3re nale\u017cy ukry\u0107 na mapie by utrzyma\u0107 kultur\u0119 cyfrow\u0105. \u015awiadomo\u015b\u0107 sytuacyjna kt\u00f3r\u0105 budujemy ci\u0105gle poddawana jest zmiana , a sprawne postrzeganie tych zmian i nanoszenie ich na obraz dzia\u0142a\u0144 staje sie kluczem do sprawnego i profesjonalnego dzia\u0142ania.<\/p>\n<\/div><\/div>\n<\/div><\/div>\n\n\n\n<div class=\"wp-block-uagb-container uagb-block-97830e9b alignfull uagb-is-root-container\"><div class=\"uagb-container-inner-blocks-wrap\">\n<div class=\"wp-block-uagb-inline-notice uagb-inline_notice__align-left uagb-block-0972d2ae\"><button class=\"uagb-notice-close-button\" type=\"button\" aria-label=\"Close\"><\/button><h4 class=\"uagb-notice-title\">ORIENT &#8211; ANALIZA &#8211; ci\u0105g\u0142a wielow\u0105tkowa usystematyzowana<\/h4><div class=\"uagb-notice-text\">\n<p>Wymaga wyspecjalizowanych os\u00f3b posiadaj\u0105cych umiej\u0119tno\u015bci i do\u015bwiadczenie analityczne w budowaniu i zarz\u0105dzaniu \u015bwiadomo\u015bci\u0105 sytuacyjn\u0105 odpornych na stres i presj\u0119 czasu. Ich przekaz odzwierciedlony na mapie sytuacyjnej musi by\u0107 sp\u00f3jny i jasny do odbioru dla decydent\u00f3w.<\/p>\n<\/div><\/div>\n\n\n\n<div class=\"wp-block-uagb-inline-notice uagb-inline_notice__align-left uagb-block-3c056017\"><button class=\"uagb-notice-close-button\" type=\"button\" aria-label=\"Close\"><\/button><h4 class=\"uagb-notice-title\">DECIDE &#8211; DECYZJA &#8211; zawsze oparta na zmierzonych danych <\/h4><div class=\"uagb-notice-text\">\n<p>Na podstawie analizy mo\u017cemy przedstawi\u0107 najbardziej rzeczywisty obraz sytuacji operacyjnej podejmowanych dzia\u0142a\u0144 co skutkuje najbardziej skuteczn\u0105 decyzj\u0105 podj\u0119t\u0105 przez dycydenta.<\/p>\n<\/div><\/div>\n\n\n\n<div class=\"wp-block-uagb-inline-notice uagb-inline_notice__align-left uagb-block-7504cd88\"><button class=\"uagb-notice-close-button\" type=\"button\" aria-label=\"Close\"><\/button><h4 class=\"uagb-notice-title\">ACT &#8211; Wykonanie dzia\u0142ania<\/h4><div class=\"uagb-notice-text\">\n<p>Nast\u0119puje decyzja w oparciu o dost\u0119pne i najbardziej wiarygodne dane zebrane podczas budowania \u015bwiadomo\u015bci sytuacyjnej. Wykonanie dzia\u0142ania b\u0119dzie skutkowa\u0142o najwi\u0119kszym profesjonalizmem opartym na rzeczowych faktycznych danych. <\/p>\n<\/div><\/div>\n\n\n\n<div class=\"wp-block-uagb-inline-notice uagb-inline_notice__align-left uagb-block-ea1f064d\"><button class=\"uagb-notice-close-button\" type=\"button\" aria-label=\"Close\"><\/button><h4 class=\"uagb-notice-title\">After Action Review (AAR) \u2013 podsumowanie dzia\u0142a\u0144<br>To uporz\u0105dkowana analiza przebiegu operacji lub \u0107wiczenia<\/h4><div class=\"uagb-notice-text\">\n<p>Podczas kt\u00f3rego nale\u017cy zidentyfikowa\u0107 dobre praktyki co wp\u0142yn\u0119\u0142o na osi\u0105gni\u0119cie sukcesu. Kolejnym krokiem b\u0119dzie przeanalizowanie zaistnia\u0142ych b\u0142\u0119d\u00f3w i niedoci\u0105gni\u0119\u0107 najwa\u017cniejsze jest znalezienie przyczyny, a nie szukanie winnych. Na podstawie danych nale\u017cy zaktualizowa\u0107 procedury i metodyk\u0119 dzia\u0142a\u0144. Na koniec pozostaje wdro\u017cenie wniosk\u00f3w z przeprowadzonych dzia\u0142a\u0144.<\/p>\n<\/div><\/div>\n<\/div><\/div>\n\n\n\n<p><\/p>\n","protected":false},"excerpt":{"rendered":"","protected":false},"author":1,"featured_media":0,"parent":0,"menu_order":0,"comment_status":"closed","ping_status":"closed","template":"","meta":{"_uag_custom_page_level_css":"","footnotes":""},"class_list":["post-527","page","type-page","status-publish","hentry","post"],"uagb_featured_image_src":{"full":false,"thumbnail":false,"medium":false,"medium_large":false,"large":false,"1536x1536":false,"2048x2048":false,"post-thumbnail":false,"vantage-thumbnail-no-sidebar":false,"vantage-slide":false,"vantage-carousel":false,"vantage-grid-loop":false,"sow-carousel-default":false},"uagb_author_info":{"display_name":"admin1715","author_link":"https:\/\/edutak.pl\/index.php\/author\/admin1715\/"},"uagb_comment_info":0,"uagb_excerpt":null,"_links":{"self":[{"href":"https:\/\/edutak.pl\/index.php\/wp-json\/wp\/v2\/pages\/527","targetHints":{"allow":["GET"]}}],"collection":[{"href":"https:\/\/edutak.pl\/index.php\/wp-json\/wp\/v2\/pages"}],"about":[{"href":"https:\/\/edutak.pl\/index.php\/wp-json\/wp\/v2\/types\/page"}],"author":[{"embeddable":true,"href":"https:\/\/edutak.pl\/index.php\/wp-json\/wp\/v2\/users\/1"}],"replies":[{"embeddable":true,"href":"https:\/\/edutak.pl\/index.php\/wp-json\/wp\/v2\/comments?post=527"}],"version-history":[{"count":7,"href":"https:\/\/edutak.pl\/index.php\/wp-json\/wp\/v2\/pages\/527\/revisions"}],"predecessor-version":[{"id":593,"href":"https:\/\/edutak.pl\/index.php\/wp-json\/wp\/v2\/pages\/527\/revisions\/593"}],"wp:attachment":[{"href":"https:\/\/edutak.pl\/index.php\/wp-json\/wp\/v2\/media?parent=527"}],"curies":[{"name":"wp","href":"https:\/\/api.w.org\/{rel}","templated":true}]}}