{"id":520,"date":"2026-04-10T07:05:05","date_gmt":"2026-04-10T06:05:05","guid":{"rendered":"https:\/\/edutak.pl\/?page_id=520"},"modified":"2026-04-10T10:46:22","modified_gmt":"2026-04-10T09:46:22","slug":"edukacja-dla-bepieczenstwa","status":"publish","type":"page","link":"https:\/\/edutak.pl\/index.php\/edukacja-dla-bepieczenstwa\/","title":{"rendered":"EDUKACJA DLA BEPIECZE\u0143STWA"},"content":{"rendered":"\n<div class=\"wp-block-cover is-light has-custom-content-position is-position-bottom-center\"><video class=\"wp-block-cover__video-background intrinsic-ignore\" autoplay muted loop playsinline src=\"http:\/\/edutak.pl\/wp-content\/uploads\/2026\/04\/Modern_tactical_technology_video_showing_the_Android_Tactical_Awareness_Kit_ATAK_application_used__seed164971956.mp4\" data-object-fit=\"cover\"><\/video><span aria-hidden=\"true\" class=\"wp-block-cover__background has-background-dim\" style=\"background-color:#FFF\"><\/span><div class=\"wp-block-cover__inner-container is-layout-constrained wp-block-cover-is-layout-constrained\">\n<p class=\"has-text-align-center has-white-color has-text-color has-link-color has-x-large-font-size wp-elements-0b6ce93319e88653ea8a02ff99aae1cd\"><a href=\"https:\/\/edutak.pl\/index.php\/565-2\/\" data-type=\"page\" data-id=\"565\">Wejd\u017a w \u015bwiat cyfrowej \u015bwiadomo\u015bci sytuacyjnej ATAK<\/a><\/p>\n<\/div><\/div>\n\n\n\n<div class=\"wp-block-cover is-light has-custom-content-position is-position-bottom-center\"><video class=\"wp-block-cover__video-background intrinsic-ignore\" autoplay muted loop playsinline src=\"http:\/\/edutak.pl\/wp-content\/uploads\/2026\/04\/In_the_center_of_the_animation_appears_the_title______POODA_____Below_it_appears_the_full_cycle______seed1263495258.mp4\" data-object-fit=\"cover\"><\/video><span aria-hidden=\"true\" class=\"wp-block-cover__background has-background-dim\" style=\"background-color:#FFF\"><\/span><div class=\"wp-block-cover__inner-container is-layout-constrained wp-block-cover-is-layout-constrained\">\n<p class=\"has-text-align-center has-white-color has-text-color has-link-color has-x-large-font-size wp-elements-f103faa08d646720ec12e469266a154d\" style=\"font-style:normal;font-weight:500\"><sup><a href=\"https:\/\/edutak.pl\/index.php\/ebd-pooda\/\" data-type=\"page\" data-id=\"527\">Preparation &#8211; Observe &#8211; Orient &#8211; Decide &#8211; Act<\/a><\/sup><\/p>\n<\/div><\/div>\n\n\n\n<div class=\"wp-block-cover is-light has-custom-content-position is-position-bottom-center\"><video class=\"wp-block-cover__video-background intrinsic-ignore\" autoplay muted loop playsinline src=\"http:\/\/edutak.pl\/wp-content\/uploads\/2026\/04\/Dynamic_futuristic_technology_map_video_banner_for_a_security_education_conference.____The_video_beg_seed1333909807.mp4\" data-object-fit=\"cover\"><\/video><span aria-hidden=\"true\" class=\"wp-block-cover__background has-background-dim\" style=\"background-color:#FFF\"><\/span><div class=\"wp-block-cover__inner-container is-layout-constrained wp-block-cover-is-layout-constrained\">\n<p class=\"has-text-align-center has-white-color has-text-color has-link-color has-x-large-font-size wp-elements-1bd7671091ecb4289cd371ce597e3228\" style=\"font-style:normal;font-weight:500\"><a href=\"https:\/\/edutak.pl\/index.php\/ebd-zadania-dla-studenta\/\" data-type=\"page\" data-id=\"576\">Twoja pierwsza misja z ATAK zaczyna si\u0119 tutaj<\/a><\/p>\n<\/div><\/div>\n\n\n\n<div class=\"wp-block-cover is-light has-custom-content-position is-position-bottom-center\"><video class=\"wp-block-cover__video-background intrinsic-ignore\" autoplay muted loop playsinline src=\"http:\/\/edutak.pl\/wp-content\/uploads\/2026\/04\/ynamic_cinematic_video_showing_emergency_services_responding_to_incidents_using_modern_situational_a_seed3953702718.mp4\" style=\"object-position:18% 17%\" data-object-fit=\"cover\" data-object-position=\"18% 17%\"><\/video><span aria-hidden=\"true\" class=\"wp-block-cover__background has-background-dim\" style=\"background-color:#FFF\"><\/span><div class=\"wp-block-cover__inner-container is-layout-constrained wp-block-cover-is-layout-constrained\">\n<p class=\"has-text-align-center has-white-color has-text-color has-link-color has-x-large-font-size wp-elements-d4eebfc5eb51206ff91970909bfc4a10\" style=\"font-style:normal;font-weight:500\"><a href=\"https:\/\/edutak.pl\/index.php\/ebd-zadania-dla-wykladowcy\/\" data-type=\"page\" data-id=\"540\">Naucz si\u0119 zarz\u0105dza\u0107 sytuacj\u0105 <br>w czasie rzeczywistym<\/a><\/p>\n<\/div><\/div>\n\n\n\n<p><\/p>\n\n\n\n<p><\/p>\n","protected":false},"excerpt":{"rendered":"","protected":false},"author":1,"featured_media":0,"parent":0,"menu_order":0,"comment_status":"closed","ping_status":"closed","template":"","meta":{"_uag_custom_page_level_css":"","footnotes":""},"class_list":["post-520","page","type-page","status-publish","hentry","post"],"uagb_featured_image_src":{"full":false,"thumbnail":false,"medium":false,"medium_large":false,"large":false,"1536x1536":false,"2048x2048":false,"post-thumbnail":false,"vantage-thumbnail-no-sidebar":false,"vantage-slide":false,"vantage-carousel":false,"vantage-grid-loop":false,"sow-carousel-default":false},"uagb_author_info":{"display_name":"admin1715","author_link":"https:\/\/edutak.pl\/index.php\/author\/admin1715\/"},"uagb_comment_info":0,"uagb_excerpt":null,"_links":{"self":[{"href":"https:\/\/edutak.pl\/index.php\/wp-json\/wp\/v2\/pages\/520","targetHints":{"allow":["GET"]}}],"collection":[{"href":"https:\/\/edutak.pl\/index.php\/wp-json\/wp\/v2\/pages"}],"about":[{"href":"https:\/\/edutak.pl\/index.php\/wp-json\/wp\/v2\/types\/page"}],"author":[{"embeddable":true,"href":"https:\/\/edutak.pl\/index.php\/wp-json\/wp\/v2\/users\/1"}],"replies":[{"embeddable":true,"href":"https:\/\/edutak.pl\/index.php\/wp-json\/wp\/v2\/comments?post=520"}],"version-history":[{"count":21,"href":"https:\/\/edutak.pl\/index.php\/wp-json\/wp\/v2\/pages\/520\/revisions"}],"predecessor-version":[{"id":594,"href":"https:\/\/edutak.pl\/index.php\/wp-json\/wp\/v2\/pages\/520\/revisions\/594"}],"wp:attachment":[{"href":"https:\/\/edutak.pl\/index.php\/wp-json\/wp\/v2\/media?parent=520"}],"curies":[{"name":"wp","href":"https:\/\/api.w.org\/{rel}","templated":true}]}}