{"id":52,"date":"2026-02-11T18:25:14","date_gmt":"2026-02-11T18:25:14","guid":{"rendered":"https:\/\/edutak.pl\/?page_id=52"},"modified":"2026-02-20T19:21:56","modified_gmt":"2026-02-20T18:21:56","slug":"organizacje-spoleczne-i-mlodziezowe","status":"publish","type":"page","link":"https:\/\/edutak.pl\/index.php\/organizacje-spoleczne-i-mlodziezowe\/","title":{"rendered":"Harcerze"},"content":{"rendered":"\n<div class=\"wp-block-uagb-image uagb-block-d12b019d wp-block-uagb-image--layout-default wp-block-uagb-image--effect-static wp-block-uagb-image--align-none\"><figure class=\"wp-block-uagb-image__figure\"><img decoding=\"async\" srcset=\"https:\/\/edutak.pl\/wp-content\/uploads\/2026\/02\/harverze-1024x683.jpg ,https:\/\/edutak.pl\/wp-content\/uploads\/2026\/02\/harverze.jpg 780w, https:\/\/edutak.pl\/wp-content\/uploads\/2026\/02\/harverze.jpg 360w\" sizes=\"auto, (max-width: 480px) 150px\" src=\"https:\/\/edutak.pl\/wp-content\/uploads\/2026\/02\/harverze-1024x683.jpg\" alt=\"\" class=\"uag-image-352\" width=\"1200\" height=\"800\" title=\"harverze\" loading=\"lazy\" role=\"img\"\/><\/figure><\/div>\n\n\n<\/p>\n<p data-start=\"3461\" data-end=\"3512\"><strong data-start=\"3461\" data-end=\"3512\">Harcerze \u2022 Organizacje proobronne \u2022 Wolontariat<\/strong><\/p>\n<h3 data-start=\"3514\" data-end=\"3565\">Nauka odpowiedzialno\u015bci i dzia\u0142ania zespo\u0142owego.<\/h3>\n<p data-start=\"3567\" data-end=\"3727\">Dla organizacji takich jak harcerstwo, \u015bwiadomo\u015b\u0107 sytuacyjna to <strong data-start=\"3631\" data-end=\"3669\">narz\u0119dzie edukacyjne <br \/>i wychowawcze<\/strong>, ucz\u0105ce pracy zespo\u0142owej, odpowiedzialno\u015bci i planowania w dobie nowoczesnych technologii w zastosowaniach proobronnych.<\/p>\n<p data-start=\"3729\" data-end=\"3757\"><strong data-start=\"3729\" data-end=\"3757\">Mo\u017cliwo\u015bci zastosowania:<\/strong><\/p>\n<ul data-start=\"3758\" data-end=\"3892\">\n<li data-start=\"3758\" data-end=\"3785\">\n<p data-start=\"3760\" data-end=\"3785\">gry terenowe i \u0107wiczenia,<\/p>\n<\/li>\n<li data-start=\"3786\" data-end=\"3823\">\n<p data-start=\"3788\" data-end=\"3823\">dzia\u0142ania poszukiwawcze i pomocowe,<\/p>\n<\/li>\n<li data-start=\"3824\" data-end=\"3857\">\n<p data-start=\"3826\" data-end=\"3857\">zarz\u0105dzanie obozami i biwakami,<\/p>\n<\/li>\n<li data-start=\"3858\" data-end=\"3892\">\n<p data-start=\"3860\" data-end=\"3892\">wsp\u00f3\u0142praca z lokalnymi s\u0142u\u017cbami.,<\/p>\n<\/li>\n<li data-start=\"3858\" data-end=\"3892\">poszukiwanie os\u00f3b zaginionych,<\/li>\n<\/ul>\n<p data-start=\"3894\" data-end=\"4022\">Szkolenia prowadzone s\u0105 <strong data-start=\"3918\" data-end=\"3979\">w spos\u00f3b dostosowany do wieku i do\u015bwiadczenia uczestnik\u00f3w<\/strong>, z naciskiem na bezpiecze\u0144stwo i praktyk\u0119.<\/p>\n<p data-start=\"3894\" data-end=\"4022\">Mo\u017cliwo\u015b\u0107 wdro\u017ce\u0144 \u015bwiadomo\u015bci sytuacyjnej w oparciu o system TAK w hufcach.\u00a0<\/p>\n<p data-start=\"3894\" data-end=\"4022\">Integracja i szkolenia z mo\u017cliwo\u015bci systemu na ka\u017cdym poziomie zawansowania.<\/p>\n\n\n<div class=\"wp-block-uagb-buttons uagb-buttons__outer-wrap uagb-btn__default-btn uagb-btn-tablet__default-btn uagb-btn-mobile__default-btn uagb-block-d91e6d2b\"><div class=\"uagb-buttons__wrap uagb-buttons-layout-wrap \">\n<div class=\"wp-block-uagb-buttons-child uagb-buttons__outer-wrap uagb-block-b241c830 wp-block-button\"><div class=\"uagb-button__wrapper\"><a class=\"uagb-buttons-repeater wp-block-button__link\" aria-label=\"\" href=\"#\" rel=\"follow noopener\" target=\"_self\" role=\"button\"><div class=\"uagb-button__link\">Click Here<\/div><\/a><\/div><\/div>\n<\/div><\/div>\n\n\n\n<p><\/p>\n\n\n\n<p><\/p>\n","protected":false},"excerpt":{"rendered":"<p>Harcerze \u2022 Organizacje proobronne \u2022 Wolontariat Nauka odpowiedzialno\u015bci i dzia\u0142ania zespo\u0142owego. Dla organizacji takich jak harcerstwo, \u015bwiadomo\u015b\u0107 sytuacyjna to narz\u0119dzie edukacyjne i wychowawcze, ucz\u0105ce pracy zespo\u0142owej, odpowiedzialno\u015bci i planowania w dobie nowoczesnych technologii w zastosowaniach proobronnych. Mo\u017cliwo\u015bci zastosowania: gry terenowe i \u0107wiczenia, dzia\u0142ania poszukiwawcze i pomocowe, zarz\u0105dzanie obozami i biwakami, wsp\u00f3\u0142praca z lokalnymi s\u0142u\u017cbami., poszukiwanie [&hellip;]<\/p>\n","protected":false},"author":1,"featured_media":0,"parent":0,"menu_order":0,"comment_status":"closed","ping_status":"closed","template":"","meta":{"_uag_custom_page_level_css":"","footnotes":""},"class_list":["post-52","page","type-page","status-publish","hentry","post"],"uagb_featured_image_src":{"full":false,"thumbnail":false,"medium":false,"medium_large":false,"large":false,"1536x1536":false,"2048x2048":false,"post-thumbnail":false,"vantage-thumbnail-no-sidebar":false,"vantage-slide":false,"vantage-carousel":false,"vantage-grid-loop":false,"sow-carousel-default":false},"uagb_author_info":{"display_name":"admin1715","author_link":"https:\/\/edutak.pl\/index.php\/author\/admin1715\/"},"uagb_comment_info":0,"uagb_excerpt":"Harcerze \u2022 Organizacje proobronne \u2022 Wolontariat Nauka odpowiedzialno\u015bci i dzia\u0142ania zespo\u0142owego. Dla organizacji takich jak harcerstwo, \u015bwiadomo\u015b\u0107 sytuacyjna to narz\u0119dzie edukacyjne i wychowawcze, ucz\u0105ce pracy zespo\u0142owej, odpowiedzialno\u015bci i planowania w dobie nowoczesnych technologii w zastosowaniach proobronnych. Mo\u017cliwo\u015bci zastosowania: gry terenowe i \u0107wiczenia, dzia\u0142ania poszukiwawcze i pomocowe, zarz\u0105dzanie obozami i biwakami, wsp\u00f3\u0142praca z lokalnymi s\u0142u\u017cbami., poszukiwanie&hellip;","_links":{"self":[{"href":"https:\/\/edutak.pl\/index.php\/wp-json\/wp\/v2\/pages\/52","targetHints":{"allow":["GET"]}}],"collection":[{"href":"https:\/\/edutak.pl\/index.php\/wp-json\/wp\/v2\/pages"}],"about":[{"href":"https:\/\/edutak.pl\/index.php\/wp-json\/wp\/v2\/types\/page"}],"author":[{"embeddable":true,"href":"https:\/\/edutak.pl\/index.php\/wp-json\/wp\/v2\/users\/1"}],"replies":[{"embeddable":true,"href":"https:\/\/edutak.pl\/index.php\/wp-json\/wp\/v2\/comments?post=52"}],"version-history":[{"count":9,"href":"https:\/\/edutak.pl\/index.php\/wp-json\/wp\/v2\/pages\/52\/revisions"}],"predecessor-version":[{"id":384,"href":"https:\/\/edutak.pl\/index.php\/wp-json\/wp\/v2\/pages\/52\/revisions\/384"}],"wp:attachment":[{"href":"https:\/\/edutak.pl\/index.php\/wp-json\/wp\/v2\/media?parent=52"}],"curies":[{"name":"wp","href":"https:\/\/api.w.org\/{rel}","templated":true}]}}