{"id":449,"date":"2026-03-10T10:12:12","date_gmt":"2026-03-10T09:12:12","guid":{"rendered":"https:\/\/edutak.pl\/?page_id=449"},"modified":"2026-03-20T10:28:06","modified_gmt":"2026-03-20T09:28:06","slug":"szkolenie-28-03-2026r","status":"publish","type":"page","link":"https:\/\/edutak.pl\/index.php\/szkolenie-28-03-2026r\/","title":{"rendered":"Szkolenie  28.03.2026r."},"content":{"rendered":"<h2 data-section-id=\"1s49dkt\" data-start=\"160\" data-end=\"267\">Budowanie \u015bwiadomo\u015bci sytuacyjnej z wykorzystaniem systemu Tactical Awareness Kit (TAK) i aplikacji ATAK<\/h2>\n<p data-start=\"269\" data-end=\"564\">Zapraszamy druh\u00f3w <strong data-start=\"287\" data-end=\"320\">Ochotniczych Stra\u017cy Po\u017carnych<\/strong> do udzia\u0142u w specjalistycznym szkoleniu po\u015bwi\u0119conym <strong data-start=\"373\" data-end=\"451\">budowaniu i zarz\u0105dzaniu \u015bwiadomo\u015bci\u0105 sytuacyjn\u0105 w dzia\u0142aniach ratowniczych<\/strong> z wykorzystaniem nowoczesnych narz\u0119dzi cyfrowych \u2013 <strong data-start=\"503\" data-end=\"563\">systemu Tactical Awareness Kit (TAK) oraz aplikacji ATAK<\/strong>.<\/p>\n<p data-start=\"566\" data-end=\"815\">Szkolenie ma na celu przybli\u017cenie mo\u017cliwo\u015bci wykorzystania technologii TAK w codziennej dzia\u0142alno\u015bci jednostek OSP, wspieraj\u0105c <strong data-start=\"693\" data-end=\"814\">koordynacj\u0119 dzia\u0142a\u0144, analiz\u0119 sytuacji operacyjnej oraz skuteczniejsze podejmowanie decyzji podczas akcji ratowniczych<\/strong>.<\/p>\n<p data-start=\"817\" data-end=\"1132\">Zaj\u0119cia prowadzone b\u0119d\u0105 przez <strong data-start=\"847\" data-end=\"1005\">ekspert\u00f3w specjalizuj\u0105cych si\u0119 w budowaniu i zarz\u0105dzaniu \u015bwiadomo\u015bci\u0105 sytuacyjn\u0105 oraz we wdra\u017caniu systemu TAK w strukturach Ochotniczych Stra\u017cy Po\u017carnych<\/strong>. Szkolenie opiera si\u0119 na do\u015bwiadczeniach praktycznych oraz przyk\u0142adach realnych zastosowa\u0144 systemu w dzia\u0142aniach operacyjnych.<\/p>\n<hr data-start=\"1134\" data-end=\"1137\" \/>\n<h2 data-section-id=\"1ba13cj\" data-start=\"1139\" data-end=\"1158\">Zakres szkolenia<\/h2>\n<p data-start=\"1160\" data-end=\"1211\">Podczas szkolenia uczestnicy poznaj\u0105 mi\u0119dzy innymi:<\/p>\n<ul data-start=\"1213\" data-end=\"1552\">\n<li data-section-id=\"14e2v40\" data-start=\"1213\" data-end=\"1291\">\n<p data-start=\"1215\" data-end=\"1291\">podstawy <strong data-start=\"1224\" data-end=\"1288\">budowania \u015bwiadomo\u015bci sytuacyjnej w dzia\u0142aniach ratowniczych<\/strong>,<\/p>\n<\/li>\n<li data-section-id=\"dk1hvt\" data-start=\"1292\" data-end=\"1363\">\n<p data-start=\"1294\" data-end=\"1363\">architektur\u0119 i mo\u017cliwo\u015bci <strong data-start=\"1320\" data-end=\"1360\">systemu Tactical Awareness Kit (TAK)<\/strong>,<\/p>\n<\/li>\n<li data-section-id=\"1nxgur2\" data-start=\"1364\" data-end=\"1430\">\n<p data-start=\"1366\" data-end=\"1430\">praktyczne wykorzystanie <strong data-start=\"1391\" data-end=\"1427\">aplikacji ATAK w dzia\u0142aniach OSP<\/strong>,<\/p>\n<\/li>\n<li data-section-id=\"j8xz12\" data-start=\"1431\" data-end=\"1494\">\n<p data-start=\"1433\" data-end=\"1494\">integracj\u0119 danych przestrzennych i informacji operacyjnych,<\/p>\n<\/li>\n<li data-section-id=\"1onzufn\" data-start=\"1495\" data-end=\"1552\">\n<p data-start=\"1497\" data-end=\"1552\">przyk\u0142ady wdro\u017ce\u0144 systemu TAK w \u015brodowisku ratowniczym.<\/p>\n<\/li>\n<\/ul>\n<hr data-start=\"1554\" data-end=\"1557\" \/>\n<h2 data-section-id=\"ay78xx\" data-start=\"1559\" data-end=\"1586\">Informacje organizacyjne<\/h2>\n<p data-start=\"1588\" data-end=\"1752\">Szkolenie odbywa si\u0119 <strong data-start=\"1609\" data-end=\"1634\">w formie stacjonarnej<\/strong>, co pozwala na bezpo\u015bredni kontakt z prowadz\u0105cymi oraz mo\u017cliwo\u015b\u0107 praktycznego zapoznania si\u0119 z mo\u017cliwo\u015bciami systemu.<\/p>\n<p data-start=\"1754\" data-end=\"1792\">\u26a0\ufe0f <strong data-start=\"1757\" data-end=\"1792\">Liczba miejsc jest ograniczona.<\/strong><\/p>\n<h3 data-section-id=\"1500xsr\" data-start=\"1794\" data-end=\"1847\">Udzia\u0142 w szkoleniu jest ca\u0142kowicie <strong data-start=\"1833\" data-end=\"1846\">BEZP\u0141ATNY<\/strong>.<\/h3>\n<p data-start=\"1849\" data-end=\"1917\">O zakwalifikowaniu si\u0119 na szkolenie decyduje <strong data-start=\"1894\" data-end=\"1916\">kolejno\u015b\u0107 zg\u0142osze\u0144<\/strong>.<\/p>\n<hr data-start=\"1919\" data-end=\"1922\" \/>\n<h2 data-section-id=\"g6ozmn\" data-start=\"1924\" data-end=\"1937\">Zg\u0142oszenia<\/h2>\n<p data-start=\"1939\" data-end=\"2024\">Zg\u0142oszenia ch\u0119ci uczestnictwa (z podaniem <strong data-start=\"1981\" data-end=\"2004\">nazwy jednostki OSP<\/strong>) prosimy przesy\u0142a\u0107:<\/p>\n<p data-start=\"2026\" data-end=\"2071\">\ud83d\udce7 <strong data-start=\"2029\" data-end=\"2050\"><a class=\"decorated-link cursor-pointer\" rel=\"noopener\" data-start=\"2031\" data-end=\"2048\">kontakt@edutak.pl<\/a><\/strong><br data-start=\"2050\" data-end=\"2053\" \/>\ud83d\udcde <strong data-start=\"2056\" data-end=\"2071\">669 446 997<\/strong><\/p>\n<h3 data-start=\"2026\" data-end=\"2071\">ROZPOCZ\u0118CIE<\/h3>\n<h3 data-start=\"2026\" data-end=\"2071\">GODZ. 10:00<\/h3>\n<p>LOKALIZACJA<\/p>\n<p>49.83068946947913, 18.982838951168024<\/p>\n\n\n<div class=\"wp-block-uagb-image uagb-block-b28c6703 wp-block-uagb-image--layout-default wp-block-uagb-image--effect-static wp-block-uagb-image--align-none\"><figure class=\"wp-block-uagb-image__figure\"><img decoding=\"async\" srcset=\"https:\/\/edutak.pl\/wp-content\/uploads\/2026\/03\/Zrzut-ekranu-2026-03-20-102534-1024x540.png ,https:\/\/edutak.pl\/wp-content\/uploads\/2026\/03\/Zrzut-ekranu-2026-03-20-102534.png 780w, https:\/\/edutak.pl\/wp-content\/uploads\/2026\/03\/Zrzut-ekranu-2026-03-20-102534.png 360w\" sizes=\"auto, (max-width: 480px) 150px\" src=\"https:\/\/edutak.pl\/wp-content\/uploads\/2026\/03\/Zrzut-ekranu-2026-03-20-102534-1024x540.png\" alt=\"\" class=\"uag-image-495\" width=\"1907\" height=\"1005\" title=\"Zrzut ekranu 2026-03-20 102534\" loading=\"lazy\" role=\"img\"\/><\/figure><\/div>\n","protected":false},"excerpt":{"rendered":"<p>Budowanie \u015bwiadomo\u015bci sytuacyjnej z wykorzystaniem systemu Tactical Awareness Kit (TAK) i aplikacji ATAK Zapraszamy druh\u00f3w Ochotniczych Stra\u017cy Po\u017carnych do udzia\u0142u w specjalistycznym szkoleniu po\u015bwi\u0119conym budowaniu i zarz\u0105dzaniu \u015bwiadomo\u015bci\u0105 sytuacyjn\u0105 w dzia\u0142aniach ratowniczych z wykorzystaniem nowoczesnych narz\u0119dzi cyfrowych \u2013 systemu Tactical Awareness Kit (TAK) oraz aplikacji ATAK. Szkolenie ma na celu przybli\u017cenie mo\u017cliwo\u015bci wykorzystania technologii TAK [&hellip;]<\/p>\n","protected":false},"author":1,"featured_media":0,"parent":0,"menu_order":0,"comment_status":"closed","ping_status":"closed","template":"","meta":{"_uag_custom_page_level_css":"","footnotes":""},"class_list":["post-449","page","type-page","status-publish","hentry","post"],"uagb_featured_image_src":{"full":false,"thumbnail":false,"medium":false,"medium_large":false,"large":false,"1536x1536":false,"2048x2048":false,"post-thumbnail":false,"vantage-thumbnail-no-sidebar":false,"vantage-slide":false,"vantage-carousel":false,"vantage-grid-loop":false,"sow-carousel-default":false},"uagb_author_info":{"display_name":"admin1715","author_link":"https:\/\/edutak.pl\/index.php\/author\/admin1715\/"},"uagb_comment_info":0,"uagb_excerpt":"Budowanie \u015bwiadomo\u015bci sytuacyjnej z wykorzystaniem systemu Tactical Awareness Kit (TAK) i aplikacji ATAK Zapraszamy druh\u00f3w Ochotniczych Stra\u017cy Po\u017carnych do udzia\u0142u w specjalistycznym szkoleniu po\u015bwi\u0119conym budowaniu i zarz\u0105dzaniu \u015bwiadomo\u015bci\u0105 sytuacyjn\u0105 w dzia\u0142aniach ratowniczych z wykorzystaniem nowoczesnych narz\u0119dzi cyfrowych \u2013 systemu Tactical Awareness Kit (TAK) oraz aplikacji ATAK. Szkolenie ma na celu przybli\u017cenie mo\u017cliwo\u015bci wykorzystania technologii TAK&hellip;","_links":{"self":[{"href":"https:\/\/edutak.pl\/index.php\/wp-json\/wp\/v2\/pages\/449","targetHints":{"allow":["GET"]}}],"collection":[{"href":"https:\/\/edutak.pl\/index.php\/wp-json\/wp\/v2\/pages"}],"about":[{"href":"https:\/\/edutak.pl\/index.php\/wp-json\/wp\/v2\/types\/page"}],"author":[{"embeddable":true,"href":"https:\/\/edutak.pl\/index.php\/wp-json\/wp\/v2\/users\/1"}],"replies":[{"embeddable":true,"href":"https:\/\/edutak.pl\/index.php\/wp-json\/wp\/v2\/comments?post=449"}],"version-history":[{"count":8,"href":"https:\/\/edutak.pl\/index.php\/wp-json\/wp\/v2\/pages\/449\/revisions"}],"predecessor-version":[{"id":500,"href":"https:\/\/edutak.pl\/index.php\/wp-json\/wp\/v2\/pages\/449\/revisions\/500"}],"wp:attachment":[{"href":"https:\/\/edutak.pl\/index.php\/wp-json\/wp\/v2\/media?parent=449"}],"curies":[{"name":"wp","href":"https:\/\/api.w.org\/{rel}","templated":true}]}}