{"id":422,"date":"2026-03-10T08:29:04","date_gmt":"2026-03-10T07:29:04","guid":{"rendered":"https:\/\/edutak.pl\/?page_id=422"},"modified":"2026-03-10T08:29:04","modified_gmt":"2026-03-10T07:29:04","slug":"polityka-prywatnosci","status":"publish","type":"page","link":"https:\/\/edutak.pl\/index.php\/polityka-prywatnosci\/","title":{"rendered":"Polityka Prywatno\u015bci"},"content":{"rendered":"<p>JE\u015aLI CHC\u0104 PA\u0143STWO DOWIEDZIE\u0106 SI\u0118 W JAKI SPOS\u00d3B S\u0104 PRZETWARZANE PA\u0143STWA DANE, PROSIMY<br \/>\nO ZAPOZNANIE SI\u0118 Z NIENIEJSZ\u0104 POLITYK\u0104 PRYWATNO\u015aCI, KT\u00d3RA OPISUJE ZASADY WYKORZYSTANIA<br \/>\nPLIK\u00d3W COOKIE I INNYCH PODOBNYCH TECHNOLOGII, A TAK\u017bE ZASADY PRZETWARZANIA DANYCH<br \/>\nOSOBOWYCH U\u017bYTKOWNIK\u00d3W, GROMADZONYCH PODCZAS KORZYSTANIA Z NASZYCH SERWIS\u00d3W.<br \/>\nKORZYSTAJ\u0104C Z SERWI\u00d3W INTERNETOWYCH NALE\u017b\u0104CYCH DO FIRMY EDU TAK KA\u017bDY U\u017bYTKOWNIK<br \/>\nAKCEPTUJE NIEJSZ\u0104 POLITYK\u0118 PRYWATNO\u015aCI.<br \/>\nFIRMA EDU TAK  SZANUJE I RESPEKTUJE PRAWA DOTYCZ\u0104CE PRYWATNO\u015aCI U\u017bYTKOWNIK\u00d3W<br \/>\nODWIEDZAJ\u0104CYCH JEJ SERWISY (DALEJ JAKO: STRONA).<br \/>\nROZUMIEMY, \u017bE JESTE\u015aMY ODPOWIEDZIALNI ZA OCHRON\u0118 DANYCH POWIERZONYCH NAM PRZEZ<br \/>\nU\u017bYTKOWNIK\u00d3W. KWESTIE BEZPIECZE\u0143STWA TRAKTUJEMY BARDZO POWA\u017bNIE. DLATEGO, STARAMY<br \/>\nSI\u0118 CHRONI\u0106 NASZE SERWISY PRZED NIEUPRAWNIONYM DOST\u0118PEM OS\u00d3B TRZECICH ORAZ<br \/>\nKONTROLUJEMY NASZE METODY ZBIERANIA, PRZECHOWYWANIA I PRZETWARZANIA INFORMACJI.<br \/>\nSTOSUJEMY M.IN. FIREWALL, URZ\u0104DZENIA ZABEZPIECZAJ\u0104CE SERWER, URZ\u0104DZENIA SZYFRUJ\u0104CE<br \/>\nORAZ \u015aRODKI BEZPIECZE\u0143STWA FIZYCZNEGO. DOST\u0118P DO DANYCH ZAPEWNIAMY TYLKO TYM<br \/>\nPRACOWNIKOM I PODMIOTOM, KT\u00d3RE MUSZ\u0104 MIE\u0106 DO NICH DOST\u0118P, ABY PRZETWARZA\u0106 JE<br \/>\nWY\u0141\u0104CZNIE W CELACH OPISANYCH W POLITYCE PRYWATNO\u015aCI.<br \/>\nZGODNIE Z ART. 13 PAR. 1-2 ROZPORZ\u0104DZENIA PARLAMENTU EUROPEJSKIEGO I RADY (UE) 2016\/679<br \/>\nZ DNIA 27 KWIETNIA 2016 R. W SPRAWIE OCHRONY OS\u00d3B FIZYCZNYCH W ZWI\u0104ZKU Z PRZETWARZANIEM<br \/>\nDANYCH OSOBOWYCH I W SPRAWIE SWOBODNEGO PRZEP\u0141YWU TAKICH DANYCH ORAZ UCHYLENIA<br \/>\nDYREKTYWY 95\/46\/WE (OG\u00d3LNE ROZPORZ\u0104DZENIE O OCHRONIE DANYCH, DALEJ JAKO RODO) (DZ. URZ.<br \/>\nUE L 119, S. 1), INFORMUJEMY, \u017bE:<br \/>\n1. TO\u017bSAMO\u015a\u0106 ADMINISTRATORA<br \/>\n1.1. Administratorem danych osobowych jest firma Eud Tak z siedzib\u0105 w Bielsku-Bia\u0142ej (43-300),<br \/>\nul. Kolejnowa 5\/1, Polska, wpisana do rejestru przedsi\u0119biorc\u00f3w prowadzonego przez S\u0105d Rejonowy<br \/>\nw Bielsku-Bia\u0142ej, VIII Wydzia\u0142 Gospodarczy Krajowego Rejestru S\u0105dowego pod numerem<br \/>\n2. INSPEKTOR OCHRONY DANYCH<br \/>\n2.1. Administrator wyznaczy\u0142 inspektora ochrony danych, z kt\u00f3rym mo\u017cna si\u0119 skontaktowa\u0107 poprzez kontakt<br \/>\ntelefoniczny, pod numerem: +48 33 , email: , lub pisemnie na adres siedziby<br \/>\nadministratora.<br \/>\n2.2. Z inspektorem ochrony danych mo\u017cna si\u0119 kontaktowa\u0107 we wszystkich sprawach dotycz\u0105cych<br \/>\nprzetwarzania danych osobowych oraz korzystania z praw zwi\u0105zanych z przetwarzaniem danych.<br \/>\n3. PRZETWARZANIE DANYCH W ZWI\u0104ZKU Z KORZYSTANIEM ZE STRONY<br \/>\nFirm Edu Tak <\/p>\n<p> I Dzia\u0142amy zgodnie z normami: Zarz\u0105dzania Bezpiecze\u0144stwem Informacji PN-EN ISO\/IEC 27001:2023 oraz Zarz\u0105dzania Jako\u015bci\u0105 PN-EN ISO 9001:2015.<br \/>\n2 \/ 5<br \/>\nPOLITYKA PRYWATNO\u015aCI | WERSJA 2026\/03\/10<br \/>\n3.1. W zwi\u0105zku z korzystaniem przez U\u017cytkownika ze Strony Administrator informuje, \u017ce zbiera:<br \/>\na) dane U\u017cytkownika w zakresie niezb\u0119dnym do \u015bwiadczenia oferowanych us\u0142ug;<br \/>\nb) informacje o aktywno\u015bci U\u017cytkownika na Stronie, w tym IP urz\u0105dzenia, dane o lokalizacji,<br \/>\nidentyfikator internetowy oraz informacje gromadzone za po\u015brednictwem plik\u00f3w cookies i innych<br \/>\npodobnych technologii.<br \/>\n3.2. Serwery Administratora automatycznie zapisuj\u0105 dane takie jak: \u017c\u0105dania stron wysy\u0142ane przez<br \/>\nU\u017cytkownika, data i godzina \u017c\u0105dania, dane urz\u0105dzenia (np. model sprz\u0119tu), typ przegl\u0105darki, j\u0119zyk<br \/>\nprzegl\u0105darki, rodzaj systemu operacyjnego, adres IP oraz cookies.<br \/>\n3.3. Adres IP \u2013 ka\u017cdy komputer pod\u0142\u0105czony do Internetu ma przypisany unikalny numer, czyli adres IP. Na<br \/>\njego podstawie mo\u017cna np. zidentyfikowa\u0107 kraj, z kt\u00f3rego dany u\u017cytkownik \u0142\u0105czy si\u0119 z sieci\u0105.<br \/>\n3.4. Pliki cookies (tzw. ciasteczka) \u2013 niewielkie pliki tekstowe wysy\u0142ane przez serwis internetowy, kt\u00f3ry<br \/>\nodwiedza internauta, na urz\u0105dzenie internauty (komputer, smartfon itp.).<br \/>\n3.5. Dane podane w ramach formularza rejestracyjnego U\u017cytkownika Portalu s\u0105 przetwarzane w celu<br \/>\numo\u017cliwienia bezpiecznego dost\u0119pu do Portalu (logowanie, przypomnienia, zmiana has\u0142a) oraz<br \/>\nkontaktu specjalist\u00f3w Proget z U\u017cytkownikiem w zwi\u0105zku z korzystaniem z Portalu i Proget, zgodnie<br \/>\nz regulaminem Portalu. Podane dane b\u0119d\u0105 przetwarzane do momentu usuni\u0119cia konta u\u017cytkownika ze<br \/>\nSpo\u0142eczno\u015bci.<br \/>\n3.6. Administrator zbiera dane korzystaj\u0105c tak\u017ce z rozwi\u0105zania zewn\u0119trznego dostawcy \u2013 Google Analytics.<br \/>\nNarz\u0119dzie to dzia\u0142a w oparciu o pliki cookies, ale nie dostarcza informacji umo\u017cliwiaj\u0105cych identyfikacj\u0119<br \/>\nosoby. Prosimy o zapoznanie si\u0119 ze szczeg\u00f3\u0142ami polityki prywatno\u015bci Google Analytics.<br \/>\n3.7. Administrator Strony zbiera informacje i dane osobowe, podane dobrowolnie przez U\u017cytkownika za<br \/>\npomoc\u0105 formularza trial oraz formularza kontaktowego.<br \/>\n3.8. Na podstawie podanych dobrowolnie danych osobowych Administrator nie b\u0119dzie podejmowa\u0142 wobec<br \/>\nU\u017cytkownika \u017cadnych zautomatyzowanych decyzji, w tym decyzji wynikaj\u0105cych z profilowania.<br \/>\n3.9. Administrator na bie\u017c\u0105co prowadzi analiz\u0119 ryzyka w celu zapewnienia, \u017ce dane osobowe przetwarzane<br \/>\ns\u0105 przez niego w spos\u00f3b bezpieczny, daj\u0105cy pewno\u015b\u0107, \u017ce dost\u0119p do danych maj\u0105 wy\u0142\u0105cznie osoby<br \/>\nupowa\u017cnione i jedynie w zakresie, w jakim jest to niezb\u0119dne ze wzgl\u0119du na wykonywane przez nie<br \/>\nfunkcje.<br \/>\n3.10. Administrator podejmuje wszelkie niezb\u0119dne dzia\u0142ania zmierzaj\u0105ce do zapewnienia gwarancji jego<br \/>\npodwykonawc\u00f3w i innych podmiot\u00f3w wsp\u00f3\u0142pracuj\u0105cych, co do stosowania odpowiednich \u015brodk\u00f3w<br \/>\nbezpiecze\u0144stwa w ka\u017cdym przypadku, gdy przetwarzaj\u0105 dane osobowe na zlecenie Administratora.<br \/>\n3.11. Podanie danych jest dobrowolne, ale niezb\u0119dne do zawarcia umowy, przedstawienia oferty handlowej,<br \/>\nuzyskania dost\u0119pu do oprogramowania i korzystania z funkcjonalno\u015bci.<br \/>\n3.12. Informujemy, \u017ce u\u017cywanie przez Edu Tak i przesy\u0142anie informacji otrzymanych<br \/>\nz interfejs\u00f3w API Google do dowolnej innej aplikacji jest zgodne z Zasadami dotycz\u0105cymi danych<br \/>\nu\u017cytkownika us\u0142ug interfejsu API Google (Google API Services User Data Policy), w tym z wymaganiami<br \/>\ndotycz\u0105cymi ograniczonego u\u017cytkowania.<br \/>\nfirma Edu Tak<br \/>\nPOLITYKA PRYWATNO\u015aCI | WERSJA 2026\/03\/10<br \/>\n4. CELE ORAZ PODSTAWY PRAWNE PRZETWARZANIA DANYCH NA STRONIE<br \/>\n4.1. Dane U\u017cytkownik\u00f3w s\u0105 przetwarzane w celu:<br \/>\na) przetestowania Oprogramowania TAK na podstawie zgody U\u017cytkownika (podstawa z art. 6 ust. 1<br \/>\npkt a i RODO);<br \/>\nb) zapewnienia dost\u0119pu do Strony (podstawa z art. 6 ust. 1 lit. b RODO);<br \/>\nc) za\u0142o\u017cenia konta w Systemie Proget oraz na dodatkowych stronach internetowych Administratora<br \/>\n(portal wsparcia, us\u0142uga obs\u0142ugi powiadomie\u0144, w kt\u00f3rej do logowania wykorzystywane s\u0105: adres email, imi\u0119 i nazwisko u\u017cytkownika);<br \/>\nd) zawarcia umowy partnerskiej w oparciu o zainteresowanie U\u017cytkownika ofert\u0105 Administratora<br \/>\n(podstawa z art. 6 ust. 1 lit. b RODO);<br \/>\ne) wykonania umowy, kt\u00f3rej U\u017cytkownik jest stron\u0105 lub do podj\u0119cia dzia\u0142a\u0144 na \u017c\u0105danie U\u017cytkownika<br \/>\nprzed zawarciem takiej umowy (podstawa art. 6 ust. 1 lit. b RODO);<br \/>\nf) wykonywania obowi\u0105zk\u00f3w wynikaj\u0105cych z przepis\u00f3w prawa (podstawa z art. 6 ust. 1 lit. c RODO);<br \/>\ng) analityki \u2013 dob\u00f3r us\u0142ug do potrzeb klient\u00f3w, optymalizacje produkt\u00f3w w oparciu o komentarze<br \/>\nU\u017cytkownik\u00f3w oraz zainteresowanie, optymalizacje proces\u00f3w obs\u0142ugi w oparciu o przebieg<br \/>\nproces\u00f3w sprzeda\u017cowych i posprzeda\u017cowych (w tym m.in. reklamacji) legalnie realizowanych przez<br \/>\nAdministratora z uzasadnionych powod\u00f3w (podstawa art. 6 ust. 1 lit. f RODO);<br \/>\nh) dowodowym (cele archiwalne) b\u0119d\u0105cym realizacj\u0105 prawnie uzasadnionego interesu Administratora<br \/>\npolegaj\u0105cego na udzieleniu informacji w przypadku prawnej potrzeby udowodnienia fakt\u00f3w<br \/>\n(podstawa art. 6 ust. 1 lit. f RODO);<br \/>\ni) ewentualnego ustalenia, dochodzenia lub obrony przed roszczeniami b\u0119d\u0105cymi realizacj\u0105 prawnie<br \/>\nuzasadnionego interesu Administratora (podstawa art. 6 (1) lit. f RODO);<br \/>\nj) badania satysfakcji klient\u00f3w, kt\u00f3re jest realizacj\u0105 prawnie uzasadnionego interesu Administratora<br \/>\npolegaj\u0105cego na okre\u015bleniu jako\u015bci jego us\u0142ug oraz poziomu zadowolenia jego klient\u00f3w z produkt\u00f3w<br \/>\ni us\u0142ug (podstawa z art. 6 ust. 1 pkt f) RODO)<br \/>\nk) w celu oferowania bezpo\u015brednio (marketing bezpo\u015bredni) produkt\u00f3w i us\u0142ug firm wsp\u00f3\u0142pracuj\u0105cych<br \/>\nz Administratorem (partner\u00f3w), np. w postaci kupon\u00f3w rabatowych, w tym dopasowania ich do<br \/>\npotrzeb u\u017cytkownik\u00f3w za pomoc\u0105 profilowania, co stanowi prawnie uzasadnion\u0105 realizacje interesu<br \/>\nAdministratora oraz jego partner\u00f3w (podstawa art. 6 ust. 1 lit. f RODO);<br \/>\nl) udzia\u0142u w procesie rekrutacji i aplikowania na zamieszczone przez Administratora oferty pracy.<br \/>\n5. OKRES PRZETWARZANIA DANYCH<br \/>\n5.1. Dane osobowe U\u017cytkownik\u00f3w wynikaj\u0105ce z zawarcia um\u00f3w z Administratorem b\u0119d\u0105 przetwarzane<br \/>\nprzez okres, w kt\u00f3rym mog\u0105 pojawi\u0107 si\u0119 roszczenia zwi\u0105zane z t\u0105 umow\u0105, tj. przez X + 1 lat od ko\u0144ca<br \/>\nroku, w kt\u00f3rym umowa wygas\u0142a, w tym X lat to najd\u0142u\u017cszy mo\u017cliwy okres przedawnienia roszcze\u0144,<br \/>\ndodatkowy rok wyst\u0119puje w przypadku roszcze\u0144 zg\u0142aszanych w ostatniej chwili i problem\u00f3w z dostaw\u0105,<br \/>\na liczenie od ko\u0144ca roku s\u0142u\u017cy do okre\u015blenia jednej daty usuni\u0119cia danych dla um\u00f3w ko\u0144cz\u0105cych si\u0119<br \/>\nw danym roku.<br \/>\nFirma Edu Tak<br \/>\nPOLITYKA PRYWATNO\u015aCI | WERSJA 2026\/03\/10<br \/>\n5.2. Je\u015bli umowa nie zostanie zawarta w ci\u0105gu trzech lat od z\u0142o\u017cenia oferty, dane osobowe zwi\u0105zane<br \/>\nz rozmowami na temat tej umowy zostan\u0105 niezw\u0142ocznie usuni\u0119te, z wyj\u0105tkiem danych potrzebnych do<br \/>\nmarketingu bezpo\u015bredniego.<br \/>\n5.3. Dane przetwarzane na potrzeby marketingu bezpo\u015bredniego produkt\u00f3w i us\u0142ug Administratora mog\u0105<br \/>\nby\u0107 przetwarzane do czasu wniesienia przez U\u017cytkownika sprzeciwu wobec ich przetwarzania w tym<br \/>\ncelu lub stwierdzenia, \u017ce si\u0119 zdezaktualizowa\u0142y.<br \/>\n6. UPRAWNIENIA U\u017bYTKOWNIKA<br \/>\n6.1. W ka\u017cdej chwili U\u017cytkownikowi przys\u0142uguje prawo do wniesienia sprzeciwu wobec przetwarzania<br \/>\ndanych. Administrator zaprzestanie przetwarza\u0107 dane, chyba \u017ce wyka\u017ce, \u017ce w stosunku do konkretnych<br \/>\ndanych istniej\u0105 wa\u017cne prawnie uzasadnione podstawy, kt\u00f3re s\u0105 nadrz\u0119dne wobec interes\u00f3w<br \/>\nU\u017cytkownika, praw i wolno\u015bci lub gdy dane b\u0119d\u0105 wymagane do ustalenia, dochodzenia lub obrony<br \/>\nroszcze\u0144.<br \/>\n6.2. W ka\u017cdej chwili U\u017cytkownikowi przys\u0142uguje wniesienia sprzeciwu wobec przetwarzania jego danych<br \/>\nw celu prowadzenia marketingu bezpo\u015bredniego. Je\u015bli U\u017cytkownik skorzysta z tego prawa \u2013<br \/>\nAdministrator przestanie przetwarza\u0107 jego dane w tym celu.<br \/>\n6.3. Zgodnie z RODO poza powy\u017cszymi, U\u017cytkownikowi przys\u0142uguje tak\u017ce:<br \/>\na) prawo dost\u0119pu do swoich danych i otrzymania ich kopii;<br \/>\nb) prawo do sprostowania (poprawienia) swoich danych;<br \/>\nc) prawo do usuni\u0119cia danych, ograniczenia przetwarzania danych;<br \/>\nd) prawo do wniesienia sprzeciwu wobec przetwarzania danych;<br \/>\ne) prawo do przenoszenia danych;<br \/>\nf) prawo do wniesienia skargi do organu nadzorczego;<br \/>\ng) informacja o wymogu \/ dobrowolno\u015bci podania danych.<br \/>\n7. ODBIORCY DANYCH<br \/>\n7.1. Dost\u0119p do danych U\u017cytkownika mog\u0105 mie\u0107 r\u00f3wnie\u017c podwykonawcy Administratora (podmioty<br \/>\nprzetwarzaj\u0105ce), np. firmy ksi\u0119gowe, prawne, informatyczne, likwidatorzy szk\u00f3d, agencje marketingowe,<br \/>\nw tym tw\u00f3rcy oprogramowania do obs\u0142ugi zg\u0142osze\u0144 i procesu rekrutacji, wsparcie sprzeda\u017cy, firmy<br \/>\n\u015bwiadcz\u0105ce us\u0142ugi hostingowe w chmurze obliczeniowej, dostarczaj\u0105ce systemy do marketingu<br \/>\ninternetowego.<br \/>\n7.2. Dostawcy Administratora maj\u0105 siedziby g\u0142\u00f3wnie w Polsce. Niekt\u00f3rzy z nich maj\u0105 siedzib\u0119 poza EOG.<br \/>\nW zwi\u0105zku z przekazywaniem danych poza EOG Administrator zadba\u0142 o to, aby jego dostawcy<br \/>\ngwarantowali wysoki poziom ochrony danych osobowych. Gwarancje te wynikaj\u0105 w szczeg\u00f3lno\u015bci<br \/>\nz obowi\u0105zku stosowania standardowych klauzul umownych przyj\u0119tych przez Komisj\u0119 (UE) lub<br \/>\nuczestnictwa w programie &#8222;Privacy Shield&#8221; ustanowionym decyzj\u0105 wykonawcz\u0105 Komisji (UE) 2016\/1250<br \/>\nz dnia 12 lipca 2016 r. w sprawie adekwatno\u015bci ochrony zapewnianej przez Tarcz\u0119 Prywatno\u015bci UEUSA. Administrator nie wsp\u00f3\u0142pracuje z podmiotami, kt\u00f3re nie gwarantuj\u0105 nale\u017cytej ochrony danych<br \/>\nosobowych, w szczeg\u00f3lno\u015bci z podmiotami z terytorium EOG, kt\u00f3re nie spe\u0142niaj\u0105 wymog\u00f3w RODO oraz<br \/>\npolityki prywatno\u015bci Edu Tak.<br \/>\nfirma Edu Tak.<br \/>\nPOLITYKA PRYWATNO\u015aCI | WERSJA 2026\/03\/10<br \/>\n8. PLIKI COOKIE<br \/>\n8.1. Pliki cookie gromadz\u0105 dane, kt\u00f3re samoistnie nie pozwalaj\u0105 na identyfikacj\u0119 osoby fizycznej, dopiero<br \/>\nw po\u0142\u0105czeniu z innymi unikatowymi identyfikatorami lub innymi informacjami pozwalaj\u0105 na identyfikacj\u0119<br \/>\ntej osoby i w\u00f3wczas mog\u0105 stanowi\u0107 dane osobowe.<br \/>\n8.2. Administrator przetwarza dane pochodz\u0105ce z plik\u00f3w cookies, aby:<br \/>\na) u\u0142atwi\u0107 U\u017cytkownikom korzystanie ze Strony \u2013 pliki cookies rozpoznaj\u0105 urz\u0105dzenie u\u017cytkownika<br \/>\ni odpowiednio wy\u015bwietlaj\u0105 stron\u0119 internetow\u0105, dostosowan\u0105 do jego indywidualnych potrzeb;<br \/>\nb) tworzy\u0107 anonimowe statystyki strony internetowej \u2013 dzi\u0119ki temu mo\u017ce lepiej zrozumie\u0107 oczekiwania<br \/>\nU\u017cytkownik\u00f3w i rozwija\u0107 stron\u0119 internetow\u0105 tak, aby by\u0142a jeszcze bardziej przyjazna.<br \/>\n8.3. Zazwyczaj przegl\u0105darki domy\u015blnie dopuszczaj\u0105 przechowywanie plik\u00f3w cookies na komputerze lub<br \/>\nsmartfonie u\u017cytkownika. Internauci mog\u0105 jednak samodzielnie zarz\u0105dza\u0107 plikami cookies, w tym<br \/>\nblokowa\u0107 te pliki.<br \/>\n8.4. Je\u015bli U\u017cytkownik nie chce otrzymywa\u0107 plik\u00f3w cookies, mo\u017ce zmieni\u0107 ustawienia przegl\u0105darki. Nale\u017cy<br \/>\npami\u0119ta\u0107, \u017ce wy\u0142\u0105czenie plik\u00f3w cookies niezb\u0119dnych do rejestracji, bezpiecze\u0144stwa, utrzymania<br \/>\npreferencji u\u017cytkownika, utrudniaj\u0105cych korzystanie ze stron internetowych Proget, w skrajnych<br \/>\nprzypadkach mo\u017ce uniemo\u017cliwi\u0107 korzystanie ze Strony.<br \/>\n9. LINKI DO INNYCH STRON INTERNETOWYCH<br \/>\n9.1. Serwisy nale\u017c\u0105ce do Edu Tak zawieraj\u0105 linki (odes\u0142ania) do innych stron internetowych. Edu Tak nie ponosi<br \/>\nodpowiedzialno\u015bci za zasady zachowania prywatno\u015bci obowi\u0105zuj\u0105ce na tych stronach. Nak\u0142aniamy, aby<br \/>\npo przej\u015bciu na inne strony internetowe zapozna\u0107 si\u0119 z ich polityk\u0105 prywatno\u015bci. Niniejsza polityka<br \/>\nprywatno\u015bci dotyczy wy\u0142\u0105cznie serwis\u00f3w Edu Tak.<\/p>\n","protected":false},"excerpt":{"rendered":"<p>JE\u015aLI CHC\u0104 PA\u0143STWO DOWIEDZIE\u0106 SI\u0118 W JAKI SPOS\u00d3B S\u0104 PRZETWARZANE PA\u0143STWA DANE, PROSIMY O ZAPOZNANIE SI\u0118 Z NIENIEJSZ\u0104 POLITYK\u0104 PRYWATNO\u015aCI, KT\u00d3RA OPISUJE ZASADY WYKORZYSTANIA PLIK\u00d3W COOKIE I INNYCH PODOBNYCH TECHNOLOGII, A TAK\u017bE ZASADY PRZETWARZANIA DANYCH OSOBOWYCH U\u017bYTKOWNIK\u00d3W, GROMADZONYCH PODCZAS KORZYSTANIA Z NASZYCH SERWIS\u00d3W. KORZYSTAJ\u0104C Z SERWI\u00d3W INTERNETOWYCH NALE\u017b\u0104CYCH DO FIRMY EDU TAK KA\u017bDY U\u017bYTKOWNIK AKCEPTUJE [&hellip;]<\/p>\n","protected":false},"author":1,"featured_media":0,"parent":0,"menu_order":0,"comment_status":"closed","ping_status":"closed","template":"","meta":{"_uag_custom_page_level_css":"","footnotes":""},"class_list":["post-422","page","type-page","status-publish","hentry","post"],"uagb_featured_image_src":{"full":false,"thumbnail":false,"medium":false,"medium_large":false,"large":false,"1536x1536":false,"2048x2048":false,"post-thumbnail":false,"vantage-thumbnail-no-sidebar":false,"vantage-slide":false,"vantage-carousel":false,"vantage-grid-loop":false,"sow-carousel-default":false},"uagb_author_info":{"display_name":"admin1715","author_link":"https:\/\/edutak.pl\/index.php\/author\/admin1715\/"},"uagb_comment_info":0,"uagb_excerpt":"JE\u015aLI CHC\u0104 PA\u0143STWO DOWIEDZIE\u0106 SI\u0118 W JAKI SPOS\u00d3B S\u0104 PRZETWARZANE PA\u0143STWA DANE, PROSIMY O ZAPOZNANIE SI\u0118 Z NIENIEJSZ\u0104 POLITYK\u0104 PRYWATNO\u015aCI, KT\u00d3RA OPISUJE ZASADY WYKORZYSTANIA PLIK\u00d3W COOKIE I INNYCH PODOBNYCH TECHNOLOGII, A TAK\u017bE ZASADY PRZETWARZANIA DANYCH OSOBOWYCH U\u017bYTKOWNIK\u00d3W, GROMADZONYCH PODCZAS KORZYSTANIA Z NASZYCH SERWIS\u00d3W. KORZYSTAJ\u0104C Z SERWI\u00d3W INTERNETOWYCH NALE\u017b\u0104CYCH DO FIRMY EDU TAK KA\u017bDY U\u017bYTKOWNIK AKCEPTUJE&hellip;","_links":{"self":[{"href":"https:\/\/edutak.pl\/index.php\/wp-json\/wp\/v2\/pages\/422","targetHints":{"allow":["GET"]}}],"collection":[{"href":"https:\/\/edutak.pl\/index.php\/wp-json\/wp\/v2\/pages"}],"about":[{"href":"https:\/\/edutak.pl\/index.php\/wp-json\/wp\/v2\/types\/page"}],"author":[{"embeddable":true,"href":"https:\/\/edutak.pl\/index.php\/wp-json\/wp\/v2\/users\/1"}],"replies":[{"embeddable":true,"href":"https:\/\/edutak.pl\/index.php\/wp-json\/wp\/v2\/comments?post=422"}],"version-history":[{"count":1,"href":"https:\/\/edutak.pl\/index.php\/wp-json\/wp\/v2\/pages\/422\/revisions"}],"predecessor-version":[{"id":424,"href":"https:\/\/edutak.pl\/index.php\/wp-json\/wp\/v2\/pages\/422\/revisions\/424"}],"wp:attachment":[{"href":"https:\/\/edutak.pl\/index.php\/wp-json\/wp\/v2\/media?parent=422"}],"curies":[{"name":"wp","href":"https:\/\/api.w.org\/{rel}","templated":true}]}}