{"id":42,"date":"2026-02-11T18:21:58","date_gmt":"2026-02-11T18:21:58","guid":{"rendered":"https:\/\/edutak.pl\/?page_id=42"},"modified":"2026-03-10T09:24:37","modified_gmt":"2026-03-10T08:24:37","slug":"jst","status":"publish","type":"page","link":"https:\/\/edutak.pl\/index.php\/jst\/","title":{"rendered":"Jednostki Samorz\u0105du Terytorialnego"},"content":{"rendered":"<p data-start=\"372\" data-end=\"405\"><strong data-start=\"372\" data-end=\"405\"><span dir=\"auto\" style=\"vertical-align: inherit;\"><span dir=\"auto\" style=\"vertical-align: inherit;\">Gmina \u2022 Powiat \u2022 Wojew\u00f3dztwo<\/span><\/span><\/strong><\/p>\n<h3 data-start=\"407\" data-end=\"457\"><span dir=\"auto\" style=\"vertical-align: inherit;\"><span dir=\"auto\" style=\"vertical-align: inherit;\">\u015awiadomo\u015b\u0107 sytuacyjna jako narz\u0119dzie zarz\u0105dcze.<\/span><\/span><\/h3>\n<p data-start=\"459\" data-end=\"738\"><span dir=\"auto\" style=\"vertical-align: inherit;\"><span dir=\"auto\" style=\"vertical-align: inherit;\">Dla JST zastosowanie sytuacyjne do <\/span><\/span><strong data-start=\"492\" data-end=\"531\"><span dir=\"auto\" style=\"vertical-align: inherit;\"><span dir=\"auto\" style=\"vertical-align: inherit;\">prawdziwego wsparcia procesu decydowania<\/span><\/span><\/strong><span dir=\"auto\" style=\"vertical-align: inherit;\"><span dir=\"auto\" style=\"vertical-align: inherit;\"> , nie kolejny system informatyczny. Rozwi\u0105zania podstawowe na aplikacji ATAK jednostek w\u0142adzom samorz\u0105dowym s\u0105 dost\u0119pne, <\/span><\/span><strong data-start=\"645\" data-end=\"681\"><span dir=\"auto\" style=\"vertical-align: inherit;\"><span dir=\"auto\" style=\"vertical-align: inherit;\">wsp\u00f3lne dla sytuacji<\/span><\/span><\/strong><span dir=\"auto\" style=\"vertical-align: inherit;\"><span dir=\"auto\" style=\"vertical-align: inherit;\"> na terenie jednostki \u2013 od rodzaju zdarzenia.<\/span><\/span><\/p>\n<p data-start=\"740\" data-end=\"759\"><strong data-start=\"740\" data-end=\"759\"><span dir=\"auto\" style=\"vertical-align: inherit;\"><span dir=\"auto\" style=\"vertical-align: inherit;\">Co zyskuje JST:<\/span><\/span><\/strong><\/p>\n<ul data-start=\"760\" data-end=\"973\">\n<li data-start=\"760\" data-end=\"806\">\n<p data-start=\"762\" data-end=\"806\"><span dir=\"auto\" style=\"vertical-align: inherit;\"><span dir=\"auto\" style=\"vertical-align: inherit;\">jedno narz\u0119dzie dla wielu s\u0142u\u017cb i wydzia\u0142\u00f3w,<\/span><\/span><\/p>\n<\/li>\n<li data-start=\"807\" data-end=\"858\">\n<p data-start=\"809\" data-end=\"858\"><span dir=\"auto\" style=\"vertical-align: inherit;\"><span dir=\"auto\" style=\"vertical-align: inherit;\">skr\u00f3cenie czasu reakcji w sytuacjach kryzysowych,<\/span><\/span><\/p>\n<\/li>\n<li data-start=\"859\" data-end=\"902\">\n<p data-start=\"861\" data-end=\"902\"><span dir=\"auto\" style=\"vertical-align: inherit;\"><span dir=\"auto\" style=\"vertical-align: inherit;\">wsparcie zarz\u0105dzania kryzysowego,<\/span><\/span><\/p>\n<\/li>\n<li data-start=\"903\" data-end=\"973\">\n<p data-start=\"905\" data-end=\"973\"><span dir=\"auto\" style=\"vertical-align: inherit;\"><span dir=\"auto\" style=\"vertical-align: inherit;\">precyzyjna koordynacja dzia\u0142a\u0144 mi\u0119dzygminnych i mi\u0119dzyinstytucjonalnych.<\/span><\/span><\/p>\n<\/li>\n<\/ul>\n<p data-start=\"975\" data-end=\"1139\"><span dir=\"auto\" style=\"vertical-align: inherit;\"><span dir=\"auto\" style=\"vertical-align: inherit;\">System jest rozpowszechniany z realiami administracji publicznej oraz <\/span><\/span><strong data-start=\"1050\" data-end=\"1093\"><span dir=\"auto\" style=\"vertical-align: inherit;\"><span dir=\"auto\" style=\"vertical-align: inherit;\">wspiera realizacj\u0119 zada\u0144 ustawowych JST<\/span><\/span><\/strong><span dir=\"auto\" style=\"vertical-align: inherit;\"><span dir=\"auto\" style=\"vertical-align: inherit;\"> w zakresie bezpiecze\u0144stwa i ochrony ludno\u015bci.<\/span><\/span><\/p>\n","protected":false},"excerpt":{"rendered":"<p>Gmina \u2022 Powiat \u2022 Wojew\u00f3dztwo \u015awiadomo\u015b\u0107 sytuacyjna jako narz\u0119dzie zarz\u0105dcze. Dla JST zastosowanie sytuacyjne do prawdziwego wsparcia procesu decydowania , nie kolejny system informatyczny. Rozwi\u0105zania podstawowe na aplikacji ATAK jednostek w\u0142adzom samorz\u0105dowym s\u0105 dost\u0119pne, wsp\u00f3lne dla sytuacji na terenie jednostki \u2013 od rodzaju zdarzenia. Co zyskuje JST: jedno narz\u0119dzie dla wielu s\u0142u\u017cb i wydzia\u0142\u00f3w, skr\u00f3cenie [&hellip;]<\/p>\n","protected":false},"author":1,"featured_media":0,"parent":0,"menu_order":0,"comment_status":"closed","ping_status":"closed","template":"","meta":{"_uag_custom_page_level_css":"","footnotes":""},"class_list":["post-42","page","type-page","status-publish","hentry","post"],"uagb_featured_image_src":{"full":false,"thumbnail":false,"medium":false,"medium_large":false,"large":false,"1536x1536":false,"2048x2048":false,"post-thumbnail":false,"vantage-thumbnail-no-sidebar":false,"vantage-slide":false,"vantage-carousel":false,"vantage-grid-loop":false,"sow-carousel-default":false},"uagb_author_info":{"display_name":"admin1715","author_link":"https:\/\/edutak.pl\/index.php\/author\/admin1715\/"},"uagb_comment_info":0,"uagb_excerpt":"Gmina \u2022 Powiat \u2022 Wojew\u00f3dztwo \u015awiadomo\u015b\u0107 sytuacyjna jako narz\u0119dzie zarz\u0105dcze. Dla JST zastosowanie sytuacyjne do prawdziwego wsparcia procesu decydowania , nie kolejny system informatyczny. Rozwi\u0105zania podstawowe na aplikacji ATAK jednostek w\u0142adzom samorz\u0105dowym s\u0105 dost\u0119pne, wsp\u00f3lne dla sytuacji na terenie jednostki \u2013 od rodzaju zdarzenia. Co zyskuje JST: jedno narz\u0119dzie dla wielu s\u0142u\u017cb i wydzia\u0142\u00f3w, skr\u00f3cenie&hellip;","_links":{"self":[{"href":"https:\/\/edutak.pl\/index.php\/wp-json\/wp\/v2\/pages\/42","targetHints":{"allow":["GET"]}}],"collection":[{"href":"https:\/\/edutak.pl\/index.php\/wp-json\/wp\/v2\/pages"}],"about":[{"href":"https:\/\/edutak.pl\/index.php\/wp-json\/wp\/v2\/types\/page"}],"author":[{"embeddable":true,"href":"https:\/\/edutak.pl\/index.php\/wp-json\/wp\/v2\/users\/1"}],"replies":[{"embeddable":true,"href":"https:\/\/edutak.pl\/index.php\/wp-json\/wp\/v2\/comments?post=42"}],"version-history":[{"count":4,"href":"https:\/\/edutak.pl\/index.php\/wp-json\/wp\/v2\/pages\/42\/revisions"}],"predecessor-version":[{"id":438,"href":"https:\/\/edutak.pl\/index.php\/wp-json\/wp\/v2\/pages\/42\/revisions\/438"}],"wp:attachment":[{"href":"https:\/\/edutak.pl\/index.php\/wp-json\/wp\/v2\/media?parent=42"}],"curies":[{"name":"wp","href":"https:\/\/api.w.org\/{rel}","templated":true}]}}