{"id":40,"date":"2026-02-11T18:21:28","date_gmt":"2026-02-11T18:21:28","guid":{"rendered":"https:\/\/edutak.pl\/?page_id=40"},"modified":"2026-02-19T17:01:38","modified_gmt":"2026-02-19T17:01:38","slug":"kontakt","status":"publish","type":"page","link":"https:\/\/edutak.pl\/index.php\/kontakt\/","title":{"rendered":"Kontakt"},"content":{"rendered":"<h2 data-start=\"5020\" data-end=\"5045\">ZAPRASZAMY DO KONTAKTU<\/h2>\n<h1 data-start=\"5047\" data-end=\"5061\">Je\u017celi chcesz:<\/h1>\n<ul data-start=\"5062\" data-end=\"5171\">\n<li data-start=\"5062\" data-end=\"5089\">\n<h1 data-start=\"5064\" data-end=\"5089\">zwi\u0119kszy\u0107 bezpiecze\u0144stwo,<\/h1>\n<\/li>\n<li data-start=\"5090\" data-end=\"5121\">\n<h1 data-start=\"5092\" data-end=\"5121\">poprawi\u0107 koordynacj\u0119 dzia\u0142a\u0144,<\/h1>\n<\/li>\n<li data-start=\"5122\" data-end=\"5171\">\n<h1 data-start=\"5124\" data-end=\"5171\">przygotowa\u0107 si\u0119 realnie na sytuacje kryzysowe,<\/h1>\n<\/li>\n<\/ul>\n<h1 data-start=\"5173\" data-end=\"5278\"><strong data-start=\"5173\" data-end=\"5198\">skontaktuj si\u0119 z nami<\/strong> \u2013 zaprojektujemy<br \/>i wdro\u017cymy \u015bwiadomo\u015b\u0107 sytuacyjn\u0105 dopasowan\u0105 do Twoich potrzeb.<\/h1>\n\n<div\n\t\t\t\n\t\t\tclass=\"so-widget-sow-contact-form so-widget-sow-contact-form-default-2dba59c62dd0\"\n\t\t\t\n\t\t>\t<form\n\t\taction=\"\/index.php\/wp-json\/wp\/v2\/pages\/40\"\n\t\tmethod=\"POST\"\n\t\tclass=\"sow-contact-form\"\n\t\tid=\"contact-form-a74c\"\n\t>\n\n\t\t\n\t\t\t\t\t<div class=\"sow-form-field sow-form-field-name\">\n\t\t\t\t<label class=\"sow-form-field-label-above\" for=\"sow-contact-form-field-your-name-1\">\n\t\t\t\t<strong>\n\t\t\t\t\tYour Name\t\t\t\t\t\t\t\t\t<\/strong>\n\t\t\t<\/label>\n\t\t\t\t\t\t\t<div class=\"sow-field-container\">\n\t\t\t\t\t\t\t<input\n\t\t\ttype=\"text\"\n\t\t\tname=\"your-name-1\"\n\t\t\tid=\"sow-contact-form-field-your-name-1\"\n\t\t\tvalue=\"\"\n\t\t\tclass=\"sow-text-field\"\n\t\t\t\t\t\t\t\t\/>\n\t\t\t\t\t\t<\/div>\n\t\t\t\t\t\t\t<\/div>\n\t\t\t\t\t\t<div class=\"sow-form-field sow-form-field-email\">\n\t\t\t\t<label class=\"sow-form-field-label-above\" for=\"sow-contact-form-field-your-email-1\">\n\t\t\t\t<strong>\n\t\t\t\t\tYour Email\t\t\t\t\t\t\t\t\t<\/strong>\n\t\t\t<\/label>\n\t\t\t\t\t\t\t<div class=\"sow-field-container\">\n\t\t\t\t\t\t\t<input\n\t\t\ttype=\"email\"\n\t\t\tname=\"your-email-1\"\n\t\t\tid=\"sow-contact-form-field-your-email-1\"\n\t\t\tvalue=\"\"\n\t\t\tclass=\"sow-text-field\"\t\t\t\t\t\t\t\t\/>\n\t\t\t\t\t\t<\/div>\n\t\t\t\t\t\t\t<\/div>\n\t\t\t\t\t\t<div class=\"sow-form-field sow-form-field-subject\">\n\t\t\t\t<label class=\"sow-form-field-label-above\" for=\"sow-contact-form-field-subject-1\">\n\t\t\t\t<strong>\n\t\t\t\t\tSubject\t\t\t\t\t\t\t\t\t<\/strong>\n\t\t\t<\/label>\n\t\t\t\t\t\t\t<div class=\"sow-field-container\">\n\t\t\t\t\t\t\t<input\n\t\t\ttype=\"text\"\n\t\t\tname=\"subject-1\"\n\t\t\tid=\"sow-contact-form-field-subject-1\"\n\t\t\tvalue=\"\"\n\t\t\tclass=\"sow-text-field\"\n\t\t\t\t\t\t\t\t\/>\n\t\t\t\t\t\t<\/div>\n\t\t\t\t\t\t\t<\/div>\n\t\t\t\t\t\t<div class=\"sow-form-field sow-form-field-textarea\">\n\t\t\t\t<label class=\"sow-form-field-label-above\" for=\"sow-contact-form-field-message-1\">\n\t\t\t\t<strong>\n\t\t\t\t\tMessage\t\t\t\t\t\t\t\t\t<\/strong>\n\t\t\t<\/label>\n\t\t\t\t\t\t\t<div class=\"sow-field-container\">\n\t\t\t\t\t\t\t<textarea\n\t\t\tname=\"message-1\"\n\t\t\tid=\"sow-contact-form-field-message-1\"\n\t\t\trows=\"10\"\n\t\t\t\t\t\t\t\t><\/textarea>\n\t\t\t\t\t\t<\/div>\n\t\t\t\t\t\t\t<\/div>\n\t\t\t\t\t\t<input\n\t\t\t\ttype=\"text\"\n\t\t\t\tname=\"sow-name\"\n\t\t\t\tclass=\"sow-text-field\"\n\t\t\t\tstyle=\"display: none !important; visibility: hidden !important;\"\n\t\t\t\tautocomplete=\"off\"\n\t\t\t\taria-hidden=\"true\"\n\t\t\t>\n\t\t\n\t\t\n\t\t<div class=\"sow-submit-wrapper \n\t\tsow-submit-styled\t\t\">\n\n\t\t\t<button\n\t\t\t\ttype=\"submit\"\n\t\t\t\tclass=\"sow-submit\n\t\t\t\t\t\t\t\t\"\n\t\t\t\tdata-js-key=\"c4ca4238a0b923820dcc509a6f75849b\" \t\t\t>\n\t\t\t\tContact Us\t\t\t<\/button>\n\t\t<\/div>\n\t\t\t\t<input\n\t\t\ttype=\"hidden\"\n\t\t\tname=\"instance_hash-1\"\n\t\t\tvalue=\"a74c739c\"\n\t\t\/>\n\n\t\t<input type=\"hidden\" id=\"_wpnonce\" name=\"_wpnonce\" value=\"4e7c4b2432\" \/><input type=\"hidden\" name=\"_wp_http_referer\" value=\"\/index.php\/wp-json\/wp\/v2\/pages\/40\" \/>\t<\/form>\n\t<\/div>","protected":false},"excerpt":{"rendered":"<p>ZAPRASZAMY DO KONTAKTU Je\u017celi chcesz: zwi\u0119kszy\u0107 bezpiecze\u0144stwo, poprawi\u0107 koordynacj\u0119 dzia\u0142a\u0144, przygotowa\u0107 si\u0119 realnie na sytuacje kryzysowe, skontaktuj si\u0119 z nami \u2013 zaprojektujemyi wdro\u017cymy \u015bwiadomo\u015b\u0107 sytuacyjn\u0105 dopasowan\u0105 do Twoich potrzeb.<\/p>\n","protected":false},"author":1,"featured_media":0,"parent":0,"menu_order":0,"comment_status":"closed","ping_status":"closed","template":"","meta":{"_uag_custom_page_level_css":"","footnotes":""},"class_list":["post-40","page","type-page","status-publish","hentry","post"],"uagb_featured_image_src":{"full":false,"thumbnail":false,"medium":false,"medium_large":false,"large":false,"1536x1536":false,"2048x2048":false,"post-thumbnail":false,"vantage-thumbnail-no-sidebar":false,"vantage-slide":false,"vantage-carousel":false,"vantage-grid-loop":false,"sow-carousel-default":false},"uagb_author_info":{"display_name":"admin1715","author_link":"https:\/\/edutak.pl\/index.php\/author\/admin1715\/"},"uagb_comment_info":0,"uagb_excerpt":"ZAPRASZAMY DO KONTAKTU Je\u017celi chcesz: zwi\u0119kszy\u0107 bezpiecze\u0144stwo, poprawi\u0107 koordynacj\u0119 dzia\u0142a\u0144, przygotowa\u0107 si\u0119 realnie na sytuacje kryzysowe, skontaktuj si\u0119 z nami \u2013 zaprojektujemyi wdro\u017cymy \u015bwiadomo\u015b\u0107 sytuacyjn\u0105 dopasowan\u0105 do Twoich potrzeb.","_links":{"self":[{"href":"https:\/\/edutak.pl\/index.php\/wp-json\/wp\/v2\/pages\/40","targetHints":{"allow":["GET"]}}],"collection":[{"href":"https:\/\/edutak.pl\/index.php\/wp-json\/wp\/v2\/pages"}],"about":[{"href":"https:\/\/edutak.pl\/index.php\/wp-json\/wp\/v2\/types\/page"}],"author":[{"embeddable":true,"href":"https:\/\/edutak.pl\/index.php\/wp-json\/wp\/v2\/users\/1"}],"replies":[{"embeddable":true,"href":"https:\/\/edutak.pl\/index.php\/wp-json\/wp\/v2\/comments?post=40"}],"version-history":[{"count":4,"href":"https:\/\/edutak.pl\/index.php\/wp-json\/wp\/v2\/pages\/40\/revisions"}],"predecessor-version":[{"id":330,"href":"https:\/\/edutak.pl\/index.php\/wp-json\/wp\/v2\/pages\/40\/revisions\/330"}],"wp:attachment":[{"href":"https:\/\/edutak.pl\/index.php\/wp-json\/wp\/v2\/media?parent=40"}],"curies":[{"name":"wp","href":"https:\/\/api.w.org\/{rel}","templated":true}]}}