{"id":35,"date":"2026-02-11T18:19:31","date_gmt":"2026-02-11T18:19:31","guid":{"rendered":"https:\/\/edutak.pl\/?page_id=35"},"modified":"2026-03-10T17:36:42","modified_gmt":"2026-03-10T16:36:42","slug":"audyty-swiadomosci-sytuacyjnej","status":"publish","type":"page","link":"https:\/\/edutak.pl\/index.php\/audyty-swiadomosci-sytuacyjnej\/","title":{"rendered":"AUDYTY \u015aWIADOMO\u015aCI SYTUACYJNEJ"},"content":{"rendered":"<h3 data-start=\"3876\" data-end=\"3913\"><span dir=\"auto\" style=\"vertical-align: inherit;\"><span dir=\"auto\" style=\"vertical-align: inherit;\">Sprawd\u017a, zanim nast\u0105pi kryzys<\/span><\/span><\/h3>\n<p data-start=\"3915\" data-end=\"3932\"><span dir=\"auto\" style=\"vertical-align: inherit;\"><span dir=\"auto\" style=\"vertical-align: inherit;\">Oferujemy audyty:<\/span><\/span><\/p>\n<ul data-start=\"3933\" data-end=\"4032\">\n<li data-start=\"3933\" data-end=\"3955\">\n<p data-start=\"3935\" data-end=\"3955\"><span dir=\"auto\" style=\"vertical-align: inherit;\"><span dir=\"auto\" style=\"vertical-align: inherit;\">procedura reagowania,<\/span><\/span><\/p>\n<\/li>\n<li data-start=\"3956\" data-end=\"3985\">\n<p data-start=\"3958\" data-end=\"3985\"><span dir=\"auto\" style=\"vertical-align: inherit;\"><span dir=\"auto\" style=\"vertical-align: inherit;\">infrastruktura krytyczna<\/span><\/span><\/p>\n<\/li>\n<li data-start=\"3986\" data-end=\"4009\">\n<p data-start=\"3988\" data-end=\"4009\"><span dir=\"auto\" style=\"vertical-align: inherit;\"><span dir=\"auto\" style=\"vertical-align: inherit;\">ogranicze\u0144 informacji,<\/span><\/span><\/p>\n<\/li>\n<li data-start=\"4010\" data-end=\"4032\">\n<p data-start=\"4012\" data-end=\"4032\"><span dir=\"auto\" style=\"vertical-align: inherit;\"><span dir=\"auto\" style=\"vertical-align: inherit;\">szkolenie personelu.<\/span><\/span><\/p>\n<\/li>\n<\/ul>\n<p data-start=\"4034\" data-end=\"4091\"><span dir=\"auto\" style=\"vertical-align: inherit;\"><span dir=\"auto\" style=\"vertical-align: inherit;\">Efektem audytu s\u0105 <\/span><\/span><strong data-start=\"4052\" data-end=\"4090\"><span dir=\"auto\" style=\"vertical-align: inherit;\"><span dir=\"auto\" style=\"vertical-align: inherit;\">najwa\u017cniejsze rekomendacje wdro\u017ceniowe<\/span><\/span><\/strong><span dir=\"auto\" style=\"vertical-align: inherit;\"><span dir=\"auto\" style=\"vertical-align: inherit;\"> .<\/span><\/span><\/p>\n<h1 data-start=\"3108\" data-end=\"3149\">MODEL WDRO\u017bENIA \u2013 KOMPLEKSOWO I ETAPOWO<\/h1>\n<ol data-start=\"3151\" data-end=\"3372\">\n<li data-start=\"3151\" data-end=\"3173\">\n<p data-start=\"3154\" data-end=\"3173\"><strong data-start=\"3154\" data-end=\"3173\">Analiza i audyt<\/strong><\/p>\n<\/li>\n<li data-start=\"3174\" data-end=\"3215\">\n<p data-start=\"3177\" data-end=\"3215\"><strong data-start=\"3177\" data-end=\"3215\">Dob\u00f3r narz\u0119dzi i konfiguracja ATAK<\/strong><\/p>\n<\/li>\n<li data-start=\"3216\" data-end=\"3256\">\n<p data-start=\"3219\" data-end=\"3256\"><strong data-start=\"3219\" data-end=\"3256\">Szkolenia podstawowe i operacyjne<\/strong><\/p>\n<\/li>\n<li data-start=\"3257\" data-end=\"3287\">\n<p data-start=\"3260\" data-end=\"3287\"><strong data-start=\"3260\" data-end=\"3287\">\u0106wiczenia scenariuszowe<\/strong><\/p>\n<\/li>\n<li data-start=\"3288\" data-end=\"3324\">\n<p data-start=\"3291\" data-end=\"3324\"><strong data-start=\"3291\" data-end=\"3324\">Wsparcie i rozw\u00f3j kompetencji<\/strong><\/p>\n<\/li>\n<li data-start=\"3325\" data-end=\"3372\">\n<p data-start=\"3328\" data-end=\"3372\"><strong data-start=\"3328\" data-end=\"3372\">Sta\u0142y dost\u0119p do platformy e-learningowej<\/strong><\/p>\n<\/li>\n<\/ol>\n<hr data-start=\"3374\" data-end=\"3377\" \/>\n<h1 data-start=\"3379\" data-end=\"3420\">DO\u015aWIADCZENIE OPERACYJNE JAKO FUNDAMENT<\/h1>\n<p data-start=\"3422\" data-end=\"3502\">Ca\u0142o\u015b\u0107 oparta jest o wiedz\u0119 i praktyk\u0119 <strong data-start=\"3461\" data-end=\"3493\">by\u0142ych funkcjonariuszy s\u0142u\u017cb<\/strong>, kt\u00f3rzy:<\/p>\n<ul data-start=\"3503\" data-end=\"3609\">\n<li data-start=\"3503\" data-end=\"3542\">\n<p data-start=\"3505\" data-end=\"3542\">uczestniczyli w realnych dzia\u0142aniach,<\/p>\n<\/li>\n<li data-start=\"3543\" data-end=\"3565\">\n<p data-start=\"3545\" data-end=\"3565\">dowodzili zespo\u0142ami,<\/p>\n<\/li>\n<li data-start=\"3566\" data-end=\"3609\">\n<p data-start=\"3568\" data-end=\"3609\">budowali i szkolili struktury reagowania.<\/p>\n<\/li>\n<\/ul>\n<p data-start=\"3611\" data-end=\"3730\">Dzi\u0119ki temu <strong data-start=\"3623\" data-end=\"3729\">narz\u0119dzia, \u0107wiczenia i szkolenia odpowiadaj\u0105 rzeczywistym potrzebom, a nie tylko zapisom proceduralnym<\/strong>.<\/p>\n","protected":false},"excerpt":{"rendered":"<p>Sprawd\u017a, zanim nast\u0105pi kryzys Oferujemy audyty: procedura reagowania, infrastruktura krytyczna ogranicze\u0144 informacji, szkolenie personelu. Efektem audytu s\u0105 najwa\u017cniejsze rekomendacje wdro\u017ceniowe . MODEL WDRO\u017bENIA \u2013 KOMPLEKSOWO I ETAPOWO Analiza i audyt Dob\u00f3r narz\u0119dzi i konfiguracja ATAK Szkolenia podstawowe i operacyjne \u0106wiczenia scenariuszowe Wsparcie i rozw\u00f3j kompetencji Sta\u0142y dost\u0119p do platformy e-learningowej DO\u015aWIADCZENIE OPERACYJNE JAKO FUNDAMENT Ca\u0142o\u015b\u0107 [&hellip;]<\/p>\n","protected":false},"author":1,"featured_media":0,"parent":0,"menu_order":0,"comment_status":"closed","ping_status":"closed","template":"","meta":{"_uag_custom_page_level_css":"","footnotes":""},"class_list":["post-35","page","type-page","status-publish","hentry","post"],"uagb_featured_image_src":{"full":false,"thumbnail":false,"medium":false,"medium_large":false,"large":false,"1536x1536":false,"2048x2048":false,"post-thumbnail":false,"vantage-thumbnail-no-sidebar":false,"vantage-slide":false,"vantage-carousel":false,"vantage-grid-loop":false,"sow-carousel-default":false},"uagb_author_info":{"display_name":"admin1715","author_link":"https:\/\/edutak.pl\/index.php\/author\/admin1715\/"},"uagb_comment_info":0,"uagb_excerpt":"Sprawd\u017a, zanim nast\u0105pi kryzys Oferujemy audyty: procedura reagowania, infrastruktura krytyczna ogranicze\u0144 informacji, szkolenie personelu. Efektem audytu s\u0105 najwa\u017cniejsze rekomendacje wdro\u017ceniowe . MODEL WDRO\u017bENIA \u2013 KOMPLEKSOWO I ETAPOWO Analiza i audyt Dob\u00f3r narz\u0119dzi i konfiguracja ATAK Szkolenia podstawowe i operacyjne \u0106wiczenia scenariuszowe Wsparcie i rozw\u00f3j kompetencji Sta\u0142y dost\u0119p do platformy e-learningowej DO\u015aWIADCZENIE OPERACYJNE JAKO FUNDAMENT Ca\u0142o\u015b\u0107&hellip;","_links":{"self":[{"href":"https:\/\/edutak.pl\/index.php\/wp-json\/wp\/v2\/pages\/35","targetHints":{"allow":["GET"]}}],"collection":[{"href":"https:\/\/edutak.pl\/index.php\/wp-json\/wp\/v2\/pages"}],"about":[{"href":"https:\/\/edutak.pl\/index.php\/wp-json\/wp\/v2\/types\/page"}],"author":[{"embeddable":true,"href":"https:\/\/edutak.pl\/index.php\/wp-json\/wp\/v2\/users\/1"}],"replies":[{"embeddable":true,"href":"https:\/\/edutak.pl\/index.php\/wp-json\/wp\/v2\/comments?post=35"}],"version-history":[{"count":5,"href":"https:\/\/edutak.pl\/index.php\/wp-json\/wp\/v2\/pages\/35\/revisions"}],"predecessor-version":[{"id":463,"href":"https:\/\/edutak.pl\/index.php\/wp-json\/wp\/v2\/pages\/35\/revisions\/463"}],"wp:attachment":[{"href":"https:\/\/edutak.pl\/index.php\/wp-json\/wp\/v2\/media?parent=35"}],"curies":[{"name":"wp","href":"https:\/\/api.w.org\/{rel}","templated":true}]}}