{"id":33,"date":"2026-02-11T18:19:08","date_gmt":"2026-02-11T18:19:08","guid":{"rendered":"https:\/\/edutak.pl\/?page_id=33"},"modified":"2026-03-10T17:44:00","modified_gmt":"2026-03-10T16:44:00","slug":"integracja-najnowszych-systemow-i-zrodel-danych","status":"publish","type":"page","link":"https:\/\/edutak.pl\/index.php\/integracja-najnowszych-systemow-i-zrodel-danych\/","title":{"rendered":"INTEGRACJA NAJNOWSZYCH SYSTEM\u00d3W I \u0179R\u00d3DE\u0141 DANYCH"},"content":{"rendered":"\n<p><strong>Nowoczesne narz\u0119dzia wdro\u017ceniowe systemu TAK<\/strong> umo\u017cliwiaj\u0105 szybkie uruchomienie i efektywne wykorzystanie platformy do budowania \u015bwiadomo\u015bci sytuacyjnej. Dzi\u0119ki gotowym pakietom danych, automatycznej dystrybucji konfiguracji oraz integracji z mapami i sensorami, organizacje mog\u0105 w kr\u00f3tkim czasie stworzy\u0107 wsp\u00f3lny obraz sytuacji operacyjnej i skutecznie koordynowa\u0107 dzia\u0142ania wielu s\u0142u\u017cb i instytucji. Rozwi\u0105zania te znacz\u0105co skracaj\u0105 czas wdro\u017cenia systemu oraz podnosz\u0105 efektywno\u015b\u0107 zarz\u0105dzania informacj\u0105 w sytuacjach kryzysowych.<\/p>\n\n\n<h3 data-start=\"3581\" data-end=\"3627\">ATAK jako centralna platforma integracyjna<\/h3>\n<p data-start=\"3629\" data-end=\"3641\">Integrujemy:<\/p>\n<ul data-start=\"3642\" data-end=\"3757\">\n<li data-start=\"3642\" data-end=\"3674\">\n<p data-start=\"3644\" data-end=\"3674\">systemy monitoringu wizyjnego,<\/p>\n<\/li>\n<li data-start=\"3675\" data-end=\"3689\">\n<p data-start=\"3677\" data-end=\"3689\">drony i BSP,<\/p>\n<\/li>\n<li data-start=\"3690\" data-end=\"3715\">\n<p data-start=\"3692\" data-end=\"3715\">czujniki i sensory IoT,<\/p>\n<\/li>\n<li data-start=\"3716\" data-end=\"3730\">\n<p data-start=\"3718\" data-end=\"3730\">systemy GIS,<\/p>\n<\/li>\n<li data-start=\"3731\" data-end=\"3757\">\n<p data-start=\"3733\" data-end=\"3757\">bazy danych JST i s\u0142u\u017cb.<\/p>\n<\/li>\n<\/ul>\n<p data-start=\"3759\" data-end=\"3834\">Tworzymy <strong data-start=\"3768\" data-end=\"3801\">sp\u00f3jny ekosystem informacyjny<\/strong>, zamiast rozproszonych narz\u0119dzi.<\/p>","protected":false},"excerpt":{"rendered":"<p>Nowoczesne narz\u0119dzia wdro\u017ceniowe systemu TAK umo\u017cliwiaj\u0105 szybkie uruchomienie i efektywne wykorzystanie platformy do budowania \u015bwiadomo\u015bci sytuacyjnej. Dzi\u0119ki gotowym pakietom danych, automatycznej dystrybucji konfiguracji oraz integracji z mapami i sensorami, organizacje mog\u0105 w kr\u00f3tkim czasie stworzy\u0107 wsp\u00f3lny obraz sytuacji operacyjnej i skutecznie koordynowa\u0107 dzia\u0142ania wielu s\u0142u\u017cb i instytucji. Rozwi\u0105zania te znacz\u0105co skracaj\u0105 czas wdro\u017cenia systemu oraz [&hellip;]<\/p>\n","protected":false},"author":1,"featured_media":0,"parent":0,"menu_order":0,"comment_status":"closed","ping_status":"closed","template":"","meta":{"_uag_custom_page_level_css":"","footnotes":""},"class_list":["post-33","page","type-page","status-publish","hentry","post"],"uagb_featured_image_src":{"full":false,"thumbnail":false,"medium":false,"medium_large":false,"large":false,"1536x1536":false,"2048x2048":false,"post-thumbnail":false,"vantage-thumbnail-no-sidebar":false,"vantage-slide":false,"vantage-carousel":false,"vantage-grid-loop":false,"sow-carousel-default":false},"uagb_author_info":{"display_name":"admin1715","author_link":"https:\/\/edutak.pl\/index.php\/author\/admin1715\/"},"uagb_comment_info":0,"uagb_excerpt":"Nowoczesne narz\u0119dzia wdro\u017ceniowe systemu TAK umo\u017cliwiaj\u0105 szybkie uruchomienie i efektywne wykorzystanie platformy do budowania \u015bwiadomo\u015bci sytuacyjnej. Dzi\u0119ki gotowym pakietom danych, automatycznej dystrybucji konfiguracji oraz integracji z mapami i sensorami, organizacje mog\u0105 w kr\u00f3tkim czasie stworzy\u0107 wsp\u00f3lny obraz sytuacji operacyjnej i skutecznie koordynowa\u0107 dzia\u0142ania wielu s\u0142u\u017cb i instytucji. Rozwi\u0105zania te znacz\u0105co skracaj\u0105 czas wdro\u017cenia systemu oraz&hellip;","_links":{"self":[{"href":"https:\/\/edutak.pl\/index.php\/wp-json\/wp\/v2\/pages\/33","targetHints":{"allow":["GET"]}}],"collection":[{"href":"https:\/\/edutak.pl\/index.php\/wp-json\/wp\/v2\/pages"}],"about":[{"href":"https:\/\/edutak.pl\/index.php\/wp-json\/wp\/v2\/types\/page"}],"author":[{"embeddable":true,"href":"https:\/\/edutak.pl\/index.php\/wp-json\/wp\/v2\/users\/1"}],"replies":[{"embeddable":true,"href":"https:\/\/edutak.pl\/index.php\/wp-json\/wp\/v2\/comments?post=33"}],"version-history":[{"count":2,"href":"https:\/\/edutak.pl\/index.php\/wp-json\/wp\/v2\/pages\/33\/revisions"}],"predecessor-version":[{"id":466,"href":"https:\/\/edutak.pl\/index.php\/wp-json\/wp\/v2\/pages\/33\/revisions\/466"}],"wp:attachment":[{"href":"https:\/\/edutak.pl\/index.php\/wp-json\/wp\/v2\/media?parent=33"}],"curies":[{"name":"wp","href":"https:\/\/api.w.org\/{rel}","templated":true}]}}