{"id":31,"date":"2026-02-11T18:18:32","date_gmt":"2026-02-11T18:18:32","guid":{"rendered":"https:\/\/edutak.pl\/?page_id=31"},"modified":"2026-03-10T18:19:50","modified_gmt":"2026-03-10T17:19:50","slug":"rozwiazania-dla-sluzb-mundurowych-i-ratowniczych","status":"publish","type":"page","link":"https:\/\/edutak.pl\/index.php\/rozwiazania-dla-sluzb-mundurowych-i-ratowniczych\/","title":{"rendered":"ROZWI\u0104ZANIA DLA S\u0141U\u017bB MUNDUROWYCH I RATOWNICZYCH"},"content":{"rendered":"<div class=\"flex flex-col text-sm pb-25\">\n<article class=\"text-token-text-primary w-full focus:outline-none [--shadow-height:45px] has-data-writing-block:pointer-events-none has-data-writing-block:-mt-(--shadow-height) has-data-writing-block:pt-(--shadow-height) [&amp;:has([data-writing-block])&gt;*]:pointer-events-auto scroll-mt-[calc(var(--header-height)+min(200px,max(70px,20svh)))]\" dir=\"auto\" tabindex=\"-1\" data-turn-id=\"request-WEB:43791493-5267-4559-88f3-a40b2fc9053f-3\" data-testid=\"conversation-turn-8\" data-scroll-anchor=\"true\" data-turn=\"assistant\">\n<div class=\"text-base my-auto mx-auto pb-10 [--thread-content-margin:var(--thread-content-margin-xs,calc(var(--spacing)*4))] @w-sm\/main:[--thread-content-margin:var(--thread-content-margin-sm,calc(var(--spacing)*6))] @w-lg\/main:[--thread-content-margin:var(--thread-content-margin-lg,calc(var(--spacing)*16))] px-(--thread-content-margin)\">\n<div class=\"[--thread-content-max-width:40rem] @w-lg\/main:[--thread-content-max-width:48rem] mx-auto max-w-(--thread-content-max-width) flex-1 group\/turn-messages focus-visible:outline-hidden relative flex w-full min-w-0 flex-col agent-turn\" tabindex=\"-1\">\n<div class=\"flex max-w-full flex-col gap-4 grow\">\n<div class=\"min-h-8 text-message relative flex w-full flex-col items-end gap-2 text-start break-words whitespace-normal [.text-message+&amp;]:mt-1\" dir=\"auto\" data-message-author-role=\"assistant\" data-message-id=\"c8df1683-4861-4447-9c60-895a7a249c55\" data-message-model-slug=\"gpt-5-3\">\n<div class=\"flex w-full flex-col gap-1 empty:hidden\">\n<div class=\"markdown prose dark:prose-invert w-full wrap-break-word light markdown-new-styling\">\n<p data-start=\"61\" data-end=\"511\">Oferujemy specjalistyczne dedykowane w zale\u017cno\u015bci od celu szkoleniowego szkolenia dla funkcjonariuszy Policji oraz stra\u017cak\u00f3w Pa\u0144stwowej i Ochotniczej Stra\u017cy Po\u017carnej z zakresu budowania i utrzymywania \u015bwiadomo\u015bci sytuacyjnej podczas dzia\u0142a\u0144 operacyjnych, ratowniczych i kryzysowych. Program szkoleniowy koncentruje si\u0119 na praktycznym wykorzystaniu nowoczesnych narz\u0119dzi cyfrowych wspieraj\u0105cych dowodzenie, koordynacj\u0119 oraz wymian\u0119 informacji pomi\u0119dzy zespo\u0142ami dzia\u0142aj\u0105cymi w terenie i w sztabie.<\/p>\n<p data-start=\"513\" data-end=\"937\">Podczas szkolenia uczestnicy ucz\u0105 si\u0119, w jaki spos\u00f3b tworzy\u0107 i utrzymywa\u0107 <strong data-start=\"587\" data-end=\"626\">aktualny obraz sytuacji operacyjnej<\/strong>, obejmuj\u0105cy zar\u00f3wno \u015brodowisko dzia\u0142a\u0144, jak i rozmieszczenie w\u0142asnych si\u0142, zasob\u00f3w oraz sprz\u0119tu. Szczeg\u00f3lny nacisk k\u0142adziony jest na \u015bwiadomo\u015b\u0107 po\u0142o\u017cenia patroli, zast\u0119p\u00f3w ratowniczych, pojazd\u00f3w oraz element\u00f3w wsparcia, a tak\u017ce na w\u0142a\u015bciwe raportowanie i udost\u0119pnianie informacji pomi\u0119dzy uczestnikami dzia\u0142a\u0144.<\/p>\n<p data-start=\"939\" data-end=\"1323\">Szkolenie obejmuje r\u00f3wnie\u017c metody planowania i prowadzenia dzia\u0142a\u0144 z wykorzystaniem narz\u0119dzi wspieraj\u0105cych dowodzenie, co pozwala zwi\u0119kszy\u0107 bezpiecze\u0144stwo funkcjonariuszy oraz skuteczno\u015b\u0107 podejmowanych interwencji. Dzi\u0119ki zdobytej wiedzy uczestnicy s\u0105 w stanie szybciej analizowa\u0107 rozw\u00f3j sytuacji, podejmowa\u0107 trafniejsze decyzje oraz efektywnie zarz\u0105dza\u0107 dost\u0119pnymi si\u0142ami i \u015brodkami.<\/p>\n<p data-start=\"1325\" data-end=\"1628\">Nasze szkolenia opieraj\u0105 si\u0119 na <strong data-start=\"1357\" data-end=\"1501\">eksperckiej wiedzy oraz do\u015bwiadczeniu zdobytym zar\u00f3wno podczas specjalistycznych \u0107wicze\u0144, jak i realnych dzia\u0142a\u0144 operacyjnych i ratowniczych<\/strong>. Dzi\u0119ki temu przekazywane rozwi\u0105zania s\u0105 praktyczne, sprawdzone w terenie i dostosowane do rzeczywistych warunk\u00f3w pracy s\u0142u\u017cb.<\/p>\n<p data-start=\"1630\" data-end=\"1880\" data-is-last-node=\"\" data-is-only-node=\"\">Program szkoleniowy dostosowany jest do reali\u00f3w dzia\u0142a\u0144 Policji i stra\u017cy po\u017carnej i opiera si\u0119 na praktycznych scenariuszach zdarze\u0144, takich jak akcje ratownicze, zdarzenia masowe, poszukiwania os\u00f3b zaginionych czy dzia\u0142ania w sytuacjach kryzysowych.<\/p>\n<\/div>\n<\/div>\n<\/div>\n<\/div>\n<div class=\"z-0 flex min-h-[46px] justify-start\"><span style=\"color: initial; font-size: revert;\">Zapraszamy do kontaktu &#8211; dowiedz si\u0119 jak szybko i sprawnie twoja organizacja mo\u017ce \u015bwiadomie zarz\u0105dza\u0107 si\u0142ami i \u015brodkami kt\u00f3re posiada w oparciu o system TAK.<\/span><\/div>\n<\/div>\n<\/div>\n<\/article>\n<\/div>\n\n\n<div class=\"wp-block-uagb-slider uagb-block-dc54d0d5 uagb-slider-container\"><div class=\"uagb-slides uagb-swiper\"><div class=\"swiper-wrapper\">\n<div class=\"wp-block-uagb-slider-child uagb-slider-child-wrap swiper-slide uagb-block-57fc055c\"><div class=\"swiper-content\">\n<div class=\"wp-block-uagb-container uagb-block-16132c14 alignfull uagb-is-root-container\"><div class=\"uagb-container-inner-blocks-wrap\">\n<div class=\"wp-block-uagb-info-box uagb-block-08dc8ee4 uagb-infobox__content-wrap  uagb-infobox-icon-above-title uagb-infobox-image-valign-top\"><div class=\"uagb-ifb-content\"><div class=\"uagb-ifb-title-wrap\"><h3 class=\"uagb-ifb-title\">Zabezpieczenie imprez masowych<\/h3><\/div><p class=\"uagb-ifb-desc\">Szkolenie obejmuje r\u00f3wnie\u017c zagadnienia zwi\u0105zane z <strong>planowaniem i koordynacj\u0105 zabezpieczenia imprez masowych<\/strong>, takich jak mecze, marsze, demonstracje czy przejazdy zorganizowanych kolumn, z uwzgl\u0119dnieniem budowania \u015bwiadomo\u015bci sytuacyjnej, monitorowania rozmieszczenia si\u0142 policyjnych oraz bie\u017c\u0105cej ocen y rozwoju sytuacji operacyjnej.<br><br><img loading=\"lazy\" decoding=\"async\" width=\"500\" height=\"375\" class=\"wp-image-292\" style=\"width: 500px;\" src=\"http:\/\/edutak.pl\/wp-content\/uploads\/2026\/02\/20250907_203917.jpg\" alt=\"\" srcset=\"https:\/\/edutak.pl\/wp-content\/uploads\/2026\/02\/20250907_203917.jpg 1903w, https:\/\/edutak.pl\/wp-content\/uploads\/2026\/02\/20250907_203917-300x225.jpg 300w, https:\/\/edutak.pl\/wp-content\/uploads\/2026\/02\/20250907_203917-1024x768.jpg 1024w, https:\/\/edutak.pl\/wp-content\/uploads\/2026\/02\/20250907_203917-768x576.jpg 768w, https:\/\/edutak.pl\/wp-content\/uploads\/2026\/02\/20250907_203917-1536x1152.jpg 1536w\" sizes=\"auto, (max-width: 500px) 100vw, 500px\" \/><\/p><div class=\"uagb-ifb-button-wrapper wp-block-button\"><a href=\"#\" class=\"uagb-infobox-cta-link wp-block-button__link\" target=\"_self\" rel=\"noopener noreferrer\" onclick=\"return false;\"><span class=\"uagb-inline-editing\">Read More<\/span><\/a><\/div><\/div><\/div>\n<\/div><\/div>\n<\/div><\/div>\n\n\n\n<div class=\"wp-block-uagb-slider-child uagb-slider-child-wrap swiper-slide uagb-block-b5c34099\"><div class=\"swiper-content\">\n<div class=\"wp-block-uagb-container uagb-block-6ac6037f alignfull uagb-is-root-container\"><div class=\"uagb-container-inner-blocks-wrap\">\n<div class=\"wp-block-uagb-info-box uagb-block-d6a610b6 uagb-infobox__content-wrap  uagb-infobox-icon-above-title uagb-infobox-image-valign-top\"><div class=\"uagb-ifb-content\"><div class=\"uagb-ifb-title-wrap\"><h3 class=\"uagb-ifb-title\">Po\u017cary<\/h3><\/div><p class=\"uagb-ifb-desc\">Szkolenie obejmuje budowanie i utrzymywanie <strong>\u015bwiadomo\u015bci sytuacyjnej podczas dzia\u0142a\u0144 ga\u015bniczych<\/strong>, w tym monitorowanie rozwoju po\u017caru, rozmieszczenia zast\u0119p\u00f3w i sprz\u0119tu, kierunk\u00f3w zagro\u017ce\u0144 oraz bie\u017c\u0105c\u0105 koordynacj\u0119 dzia\u0142a\u0144 ratowniczych.<br><img loading=\"lazy\" decoding=\"async\" width=\"500\" height=\"225\" class=\"wp-image-473\" style=\"width: 500px;\" src=\"http:\/\/edutak.pl\/wp-content\/uploads\/2026\/03\/fire-dron.webp\" alt=\"\" srcset=\"https:\/\/edutak.pl\/wp-content\/uploads\/2026\/03\/fire-dron.webp 1052w, https:\/\/edutak.pl\/wp-content\/uploads\/2026\/03\/fire-dron-300x135.webp 300w, https:\/\/edutak.pl\/wp-content\/uploads\/2026\/03\/fire-dron-1024x460.webp 1024w, https:\/\/edutak.pl\/wp-content\/uploads\/2026\/03\/fire-dron-768x345.webp 768w\" sizes=\"auto, (max-width: 500px) 100vw, 500px\" \/><\/p><div class=\"uagb-ifb-button-wrapper wp-block-button\"><a href=\"#\" class=\"uagb-infobox-cta-link wp-block-button__link\" target=\"_self\" rel=\"noopener noreferrer\" onclick=\"return false;\"><span class=\"uagb-inline-editing\">Read More<\/span><\/a><\/div><\/div><\/div>\n<\/div><\/div>\n<\/div><\/div>\n\n\n\n<div class=\"wp-block-uagb-slider-child uagb-slider-child-wrap swiper-slide uagb-block-78b9b71a\"><div class=\"swiper-content\">\n<div class=\"wp-block-uagb-container uagb-block-44129b60 alignfull uagb-is-root-container\"><div class=\"uagb-container-inner-blocks-wrap\">\n<div class=\"wp-block-uagb-info-box uagb-block-66599622 uagb-infobox__content-wrap  uagb-infobox-icon-above-title uagb-infobox-image-valign-top\"><div class=\"uagb-ifb-content\"><div class=\"uagb-ifb-title-wrap\"><h3 class=\"uagb-ifb-title\">Powodzie<\/h3><\/div><p class=\"uagb-ifb-desc\">Szkolenie obejmuje budowanie <strong>\u015bwiadomo\u015bci sytuacyjnej podczas dzia\u0142a\u0144 powodziowych i ewakuacyjnych<\/strong>, w tym monitorowanie rozwoju zagro\u017cenia, koordynacj\u0119 rozmieszczenia si\u0142 i \u015brodk\u00f3w, zarz\u0105dzanie ewakuacj\u0105 ludno\u015bci oraz bie\u017c\u0105c\u0105 wymian\u0119 informacji pomi\u0119dzy s\u0142u\u017cbami.<br><img loading=\"lazy\" decoding=\"async\" width=\"500\" height=\"333\" class=\"wp-image-275\" style=\"width: 500px;\" src=\"http:\/\/edutak.pl\/wp-content\/uploads\/2026\/02\/powodz.webp\" alt=\"\" srcset=\"https:\/\/edutak.pl\/wp-content\/uploads\/2026\/02\/powodz.webp 940w, https:\/\/edutak.pl\/wp-content\/uploads\/2026\/02\/powodz-300x200.webp 300w, https:\/\/edutak.pl\/wp-content\/uploads\/2026\/02\/powodz-768x511.webp 768w, https:\/\/edutak.pl\/wp-content\/uploads\/2026\/02\/powodz-272x182.webp 272w\" sizes=\"auto, (max-width: 500px) 100vw, 500px\" \/><\/p><div class=\"uagb-ifb-button-wrapper wp-block-button\"><a href=\"#\" class=\"uagb-infobox-cta-link wp-block-button__link\" target=\"_self\" rel=\"noopener noreferrer\" onclick=\"return false;\"><span class=\"uagb-inline-editing\">Read More<\/span><\/a><\/div><\/div><\/div>\n<\/div><\/div>\n<\/div><\/div>\n\n\n\n<div class=\"wp-block-uagb-slider-child uagb-slider-child-wrap swiper-slide uagb-block-ef5c0440\"><div class=\"swiper-content\">\n<div class=\"wp-block-uagb-container uagb-block-dbe2c0d1 alignfull uagb-is-root-container\"><div class=\"uagb-container-inner-blocks-wrap\">\n<div class=\"wp-block-uagb-info-box uagb-block-59aab8f9 uagb-infobox__content-wrap  uagb-infobox-icon-above-title uagb-infobox-image-valign-top\"><div class=\"uagb-ifb-content\"><div class=\"uagb-ifb-title-wrap\"><h3 class=\"uagb-ifb-title\">Drony<\/h3><\/div><p class=\"uagb-ifb-desc\">Szkolenie obejmuje budowanie \u015bwiadomo\u015bci sytuacyjnej z wykorzystaniem <strong>integracji bezza\u0142ogowych statk\u00f3w powietrznych<\/strong> z systemem TAK, umo\u017cliwiaj\u0105cej przekazywanie obrazu w czasie rzeczywistym i bie\u017c\u0105ce wsparcie dowodzenia podczas prowadzonych dzia\u0142a\u0144.<br><img loading=\"lazy\" decoding=\"async\" width=\"499\" height=\"333\" class=\"wp-image-474\" style=\"width: 499px;\" src=\"http:\/\/edutak.pl\/wp-content\/uploads\/2026\/03\/dron-vtol.jpg\" alt=\"\" srcset=\"https:\/\/edutak.pl\/wp-content\/uploads\/2026\/03\/dron-vtol.jpg 2560w, https:\/\/edutak.pl\/wp-content\/uploads\/2026\/03\/dron-vtol-300x200.jpg 300w, https:\/\/edutak.pl\/wp-content\/uploads\/2026\/03\/dron-vtol-1024x683.jpg 1024w, https:\/\/edutak.pl\/wp-content\/uploads\/2026\/03\/dron-vtol-768x512.jpg 768w, https:\/\/edutak.pl\/wp-content\/uploads\/2026\/03\/dron-vtol-1536x1024.jpg 1536w, https:\/\/edutak.pl\/wp-content\/uploads\/2026\/03\/dron-vtol-2048x1366.jpg 2048w, https:\/\/edutak.pl\/wp-content\/uploads\/2026\/03\/dron-vtol-272x182.jpg 272w\" sizes=\"auto, (max-width: 499px) 100vw, 499px\" \/><\/p><div class=\"uagb-ifb-button-wrapper wp-block-button\"><a href=\"#\" class=\"uagb-infobox-cta-link wp-block-button__link\" target=\"_self\" rel=\"noopener noreferrer\" onclick=\"return false;\"><span class=\"uagb-inline-editing\">Read More<\/span><\/a><\/div><\/div><\/div>\n<\/div><\/div>\n<\/div><\/div>\n<\/div><\/div><div class=\"swiper-pagination\"><\/div><div class=\"swiper-button-prev\"><\/div><div class=\"swiper-button-next\"><\/div><\/div>\n\n\n\n<p><\/p>\n","protected":false},"excerpt":{"rendered":"<p>Oferujemy specjalistyczne dedykowane w zale\u017cno\u015bci od celu szkoleniowego szkolenia dla funkcjonariuszy Policji oraz stra\u017cak\u00f3w Pa\u0144stwowej i Ochotniczej Stra\u017cy Po\u017carnej z zakresu budowania i utrzymywania \u015bwiadomo\u015bci sytuacyjnej podczas dzia\u0142a\u0144 operacyjnych, ratowniczych i kryzysowych. Program szkoleniowy koncentruje si\u0119 na praktycznym wykorzystaniu nowoczesnych narz\u0119dzi cyfrowych wspieraj\u0105cych dowodzenie, koordynacj\u0119 oraz wymian\u0119 informacji pomi\u0119dzy zespo\u0142ami dzia\u0142aj\u0105cymi w terenie i w [&hellip;]<\/p>\n","protected":false},"author":1,"featured_media":0,"parent":0,"menu_order":0,"comment_status":"closed","ping_status":"closed","template":"","meta":{"_uag_custom_page_level_css":"","footnotes":""},"class_list":["post-31","page","type-page","status-publish","hentry","post"],"uagb_featured_image_src":{"full":false,"thumbnail":false,"medium":false,"medium_large":false,"large":false,"1536x1536":false,"2048x2048":false,"post-thumbnail":false,"vantage-thumbnail-no-sidebar":false,"vantage-slide":false,"vantage-carousel":false,"vantage-grid-loop":false,"sow-carousel-default":false},"uagb_author_info":{"display_name":"admin1715","author_link":"https:\/\/edutak.pl\/index.php\/author\/admin1715\/"},"uagb_comment_info":0,"uagb_excerpt":"Oferujemy specjalistyczne dedykowane w zale\u017cno\u015bci od celu szkoleniowego szkolenia dla funkcjonariuszy Policji oraz stra\u017cak\u00f3w Pa\u0144stwowej i Ochotniczej Stra\u017cy Po\u017carnej z zakresu budowania i utrzymywania \u015bwiadomo\u015bci sytuacyjnej podczas dzia\u0142a\u0144 operacyjnych, ratowniczych i kryzysowych. Program szkoleniowy koncentruje si\u0119 na praktycznym wykorzystaniu nowoczesnych narz\u0119dzi cyfrowych wspieraj\u0105cych dowodzenie, koordynacj\u0119 oraz wymian\u0119 informacji pomi\u0119dzy zespo\u0142ami dzia\u0142aj\u0105cymi w terenie i w&hellip;","_links":{"self":[{"href":"https:\/\/edutak.pl\/index.php\/wp-json\/wp\/v2\/pages\/31","targetHints":{"allow":["GET"]}}],"collection":[{"href":"https:\/\/edutak.pl\/index.php\/wp-json\/wp\/v2\/pages"}],"about":[{"href":"https:\/\/edutak.pl\/index.php\/wp-json\/wp\/v2\/types\/page"}],"author":[{"embeddable":true,"href":"https:\/\/edutak.pl\/index.php\/wp-json\/wp\/v2\/users\/1"}],"replies":[{"embeddable":true,"href":"https:\/\/edutak.pl\/index.php\/wp-json\/wp\/v2\/comments?post=31"}],"version-history":[{"count":4,"href":"https:\/\/edutak.pl\/index.php\/wp-json\/wp\/v2\/pages\/31\/revisions"}],"predecessor-version":[{"id":475,"href":"https:\/\/edutak.pl\/index.php\/wp-json\/wp\/v2\/pages\/31\/revisions\/475"}],"wp:attachment":[{"href":"https:\/\/edutak.pl\/index.php\/wp-json\/wp\/v2\/media?parent=31"}],"curies":[{"name":"wp","href":"https:\/\/api.w.org\/{rel}","templated":true}]}}