{"id":29,"date":"2026-02-11T18:18:00","date_gmt":"2026-02-11T18:18:00","guid":{"rendered":"https:\/\/edutak.pl\/?page_id=29"},"modified":"2026-02-20T17:55:26","modified_gmt":"2026-02-20T16:55:26","slug":"swiadomosc-sytuacyjna-w-szkolach-i-placowkach-oswiatowych","status":"publish","type":"page","link":"https:\/\/edutak.pl\/index.php\/swiadomosc-sytuacyjna-w-szkolach-i-placowkach-oswiatowych\/","title":{"rendered":"\u015aWIADOMO\u015a\u0106 SYTUACYJNA W SZKO\u0141ACH I PLAC\u00d3WKACH O\u015aWIATOWYCH"},"content":{"rendered":"\n<div class=\"wp-block-uagb-container uagb-block-2d0dbfd3 alignfull uagb-is-root-container\"><div class=\"uagb-container-inner-blocks-wrap\">\n<div class=\"wp-block-uagb-container uagb-block-04a5f1c7\">\n<div class=\"wp-block-uagb-image uagb-block-124e6e30 wp-block-uagb-image--layout-default wp-block-uagb-image--effect-static wp-block-uagb-image--align-none\"><figure class=\"wp-block-uagb-image__figure\"><img decoding=\"async\" srcset=\"https:\/\/edutak.pl\/wp-content\/uploads\/2026\/02\/Poszukwiania-Bielsko-1024x576.jpg ,https:\/\/edutak.pl\/wp-content\/uploads\/2026\/02\/Poszukwiania-Bielsko.jpg 780w, https:\/\/edutak.pl\/wp-content\/uploads\/2026\/02\/Poszukwiania-Bielsko.jpg 360w\" sizes=\"auto, (max-width: 480px) 150px\" src=\"https:\/\/edutak.pl\/wp-content\/uploads\/2026\/02\/Poszukwiania-Bielsko-1024x576.jpg\" alt=\"\" class=\"uag-image-336\" width=\"330\" height=\"186\" title=\"Poszukwiania Bielsko\" loading=\"lazy\" role=\"img\"\/><\/figure><\/div>\n<\/div>\n\n\n\n<div class=\"wp-block-uagb-container uagb-block-fbd34026\">\n<div class=\"wp-block-uagb-image uagb-block-50110bb5 wp-block-uagb-image--layout-default wp-block-uagb-image--effect-static wp-block-uagb-image--align-none\"><figure class=\"wp-block-uagb-image__figure\"><img decoding=\"async\" srcset=\"https:\/\/edutak.pl\/wp-content\/uploads\/2026\/02\/szybka-tojka-1024x682.jpg ,https:\/\/edutak.pl\/wp-content\/uploads\/2026\/02\/szybka-tojka.jpg 780w, https:\/\/edutak.pl\/wp-content\/uploads\/2026\/02\/szybka-tojka.jpg 360w\" sizes=\"auto, (max-width: 480px) 150px\" src=\"https:\/\/edutak.pl\/wp-content\/uploads\/2026\/02\/szybka-tojka-1024x682.jpg\" alt=\"\" class=\"uag-image-335\" width=\"292\" height=\"180\" title=\"szybka t\u00f3jka\" loading=\"lazy\" role=\"img\"\/><\/figure><\/div>\n<\/div>\n<\/div><\/div>\n\n\n<h3 data-start=\"2612\" data-end=\"2650\"><span dir=\"auto\" style=\"vertical-align: inherit;\"><span dir=\"auto\" style=\"vertical-align: inherit;\">Bezpiecze\u0144stwo uczni\u00f3w i ja<\/span><\/span><\/h3>\n<p data-start=\"2652\" data-end=\"2678\"><span dir=\"auto\" style=\"vertical-align: inherit;\"><span dir=\"auto\" style=\"vertical-align: inherit;\">Oferujemy rozwi\u0105zania dla:<\/span><\/span><\/p>\n<ul data-start=\"2679\" data-end=\"2757\">\n<li data-start=\"2679\" data-end=\"2711\">\n<p data-start=\"2681\" data-end=\"2711\"><span dir=\"auto\" style=\"vertical-align: inherit;\"><span dir=\"auto\" style=\"vertical-align: inherit;\">szko\u0142a podstawowa i \u015brednia,<\/span><\/span><\/p>\n<\/li>\n<li data-start=\"2712\" data-end=\"2729\">\n<p data-start=\"2714\" data-end=\"2729\"><span dir=\"auto\" style=\"vertical-align: inherit;\"><span dir=\"auto\" style=\"vertical-align: inherit;\">Zespo\u0142y szk\u00f3\u0142,<\/span><\/span><\/p>\n<\/li>\n<li data-start=\"2730\" data-end=\"2757\">\n<p data-start=\"2732\" data-end=\"2757\"><span dir=\"auto\" style=\"vertical-align: inherit;\"><span dir=\"auto\" style=\"vertical-align: inherit;\">plac\u00f3wek o\u015bwiatowych JST.<\/span><\/span><\/p>\n<\/li>\n<\/ul>\n<p data-start=\"2759\" data-end=\"2770\"><strong data-start=\"2759\" data-end=\"2770\"><span dir=\"auto\" style=\"vertical-align: inherit;\"><span dir=\"auto\" style=\"vertical-align: inherit;\">Zakres:<\/span><\/span><\/strong><\/p>\n<ul data-start=\"2771\" data-end=\"2932\">\n<li data-start=\"2771\" data-end=\"2806\">\n<p data-start=\"2773\" data-end=\"2806\"><span dir=\"auto\" style=\"vertical-align: inherit;\"><span dir=\"auto\" style=\"vertical-align: inherit;\">reakcja na kryzysowego,<\/span><\/span><\/p>\n<\/li>\n<li data-start=\"2807\" data-end=\"2846\">\n<p data-start=\"2809\" data-end=\"2846\"><span dir=\"auto\" style=\"vertical-align: inherit;\"><span dir=\"auto\" style=\"vertical-align: inherit;\">mapy i strefy bezpiecze\u0144stwa,<\/span><\/span><\/p>\n<\/li>\n<li data-start=\"2847\" data-end=\"2886\">\n<p data-start=\"2849\" data-end=\"2886\"><span dir=\"auto\" style=\"vertical-align: inherit;\"><span dir=\"auto\" style=\"vertical-align: inherit;\">szybka wymiana informacji ze s\u0142u\u017cbami,<\/span><\/span><\/p>\n<\/li>\n<li data-start=\"2887\" data-end=\"2932\">\n<p data-start=\"2889\" data-end=\"2932\"><span dir=\"auto\" style=\"vertical-align: inherit;\"><span dir=\"auto\" style=\"vertical-align: inherit;\">szkolenia kadry kierowniczej i nauczycieli.<\/span><\/span><\/p>\n<\/li>\n<li data-start=\"2887\" data-end=\"2932\">\n<h3 data-start=\"367\" data-end=\"412\">\u015bwiadomo\u015b\u0107 sytuacyjna od najm\u0142odszych lat<\/h3>\n<p data-start=\"414\" data-end=\"774\">Bezpiecze\u0144stwo nie zaczyna si\u0119 w momencie kryzysu \u2013 zaczyna si\u0119 od <strong data-start=\"481\" data-end=\"535\">\u015bwiadomo\u015bci, odpowiedzialno\u015bci i w\u0142a\u015bciwych postaw<\/strong>. Dlatego oferujemy <strong data-start=\"555\" data-end=\"610\">programy edukacyjne dla szk\u00f3\u0142 oraz klas mundurowych<\/strong>, wprowadzaj\u0105ce m\u0142odzie\u017c w podstawy \u015bwiadomo\u015bci sytuacyjnej oraz pracy z aplikacj\u0105 ATAK <strong data-start=\"698\" data-end=\"773\">w spos\u00f3b dostosowany do wieku, podstawy programowej i reali\u00f3w szkolnych<\/strong>.<\/p>\n<p><em style=\"font-size: revert; color: initial;\" data-start=\"778\" data-end=\"917\">\u201eCzym skorupka za m\u0142odu nasi\u0105knie\u2026\u201d \u2013 uczymy odpowiedzialno\u015bci za bezpiecze\u0144stwo w\u0142asne i innych jako elementu dojrza\u0142o\u015bci obywatelskiej.<\/em><\/p>\n<\/li>\n<li data-start=\"2887\" data-end=\"2932\">\n<h2 data-start=\"924\" data-end=\"954\">EDUKACJA, NIE MILITARYZACJA<\/h2>\n<p data-start=\"956\" data-end=\"972\">Nasze szkolenia:<\/p>\n<ul data-start=\"973\" data-end=\"1210\">\n<li data-start=\"973\" data-end=\"1020\">\n<p data-start=\"975\" data-end=\"1020\">maj\u0105 charakter <strong data-start=\"990\" data-end=\"1019\">edukacyjno-profilaktyczny<\/strong>,<\/p>\n<\/li>\n<li data-start=\"1021\" data-end=\"1087\">\n<p data-start=\"1023\" data-end=\"1087\">koncentruj\u0105 si\u0119 na <strong data-start=\"1042\" data-end=\"1086\">bezpiecze\u0144stwie, wsp\u00f3\u0142pracy i reagowaniu<\/strong>,<\/p>\n<\/li>\n<li data-start=\"1088\" data-end=\"1136\">\n<p data-start=\"1090\" data-end=\"1136\">nie ucz\u0105 taktyki bojowej ani dzia\u0142a\u0144 si\u0142owych,<\/p>\n<\/li>\n<li data-start=\"1137\" data-end=\"1210\">\n<p data-start=\"1139\" data-end=\"1210\">s\u0105 zgodne z rol\u0105 szko\u0142y jako miejsca wychowania i kszta\u0142towania postaw.<\/p>\n<\/li>\n<\/ul>\n<p data-start=\"1212\" data-end=\"1331\">ATAK wykorzystywany jest jako <strong data-start=\"1242\" data-end=\"1304\">narz\u0119dzie do nauki orientacji, planowania i wsp\u00f3\u0142dzia\u0142ania<\/strong>, a nie jako system bojowy.<\/p>\n<hr data-start=\"1333\" data-end=\"1336\" \/>\n<h2 data-start=\"1338\" data-end=\"1385\">ZAKRES SZKOLE\u0143 \u2013 SZKO\u0141Y PODSTAWOWE I \u015aREDNIE<\/h2>\n<h3 data-start=\"1387\" data-end=\"1423\">Podstawy \u015bwiadomo\u015bci sytuacyjnej<\/h3>\n<ul data-start=\"1424\" data-end=\"1613\">\n<li data-start=\"1424\" data-end=\"1477\">\n<p data-start=\"1426\" data-end=\"1477\">czym jest \u015bwiadomo\u015b\u0107 sytuacyjna w \u017cyciu codziennym,<\/p>\n<\/li>\n<li data-start=\"1478\" data-end=\"1515\">\n<p data-start=\"1480\" data-end=\"1515\">rozpoznawanie zagro\u017ce\u0144 w otoczeniu,<\/p>\n<\/li>\n<li data-start=\"1516\" data-end=\"1569\">\n<p data-start=\"1518\" data-end=\"1569\">zasady bezpiecznego zachowania w szkole i poza ni\u0105,<\/p>\n<\/li>\n<li data-start=\"1570\" data-end=\"1613\">\n<p data-start=\"1572\" data-end=\"1613\">odpowiedzialno\u015b\u0107 zbiorowa i indywidualna.<\/p>\n<\/li>\n<li data-start=\"1570\" data-end=\"1613\">poszukiwania os\u00f3b zaginionych.<\/li>\n<li data-start=\"1570\" data-end=\"1613\">profilowanie zachowa\u0144 os\u00f3b zaginionych<\/li>\n<\/ul>\n<h3 data-start=\"1615\" data-end=\"1655\">Bezpieczne korzystanie z technologii<\/h3>\n<ul data-start=\"1656\" data-end=\"1769\">\n<li data-start=\"1656\" data-end=\"1694\">\n<p data-start=\"1658\" data-end=\"1694\">mapy cyfrowe i orientacja w terenie,<\/p>\n<\/li>\n<li data-start=\"1695\" data-end=\"1737\">\n<p data-start=\"1697\" data-end=\"1737\">odpowiedzialne korzystanie z informacji,<\/p>\n<\/li>\n<li data-start=\"1738\" data-end=\"1769\">\n<p data-start=\"1740\" data-end=\"1769\">ochrona danych i prywatno\u015bci.<\/p>\n<\/li>\n<\/ul>\n<hr data-start=\"1771\" data-end=\"1774\" \/>\n<h2 data-start=\"1776\" data-end=\"1808\">KLASY MUNDUROWE I PROFILOWANE<\/h2>\n<p data-start=\"1810\" data-end=\"1940\">Dla klas mundurowych oferujemy <strong data-start=\"1841\" data-end=\"1864\">rozszerzony program<\/strong>, \u0142\u0105cz\u0105cy edukacj\u0119 obywatelsk\u0105 z elementami organizacji dzia\u0142a\u0144 zespo\u0142owych.<\/p>\n<p data-start=\"1942\" data-end=\"1953\"><strong data-start=\"1942\" data-end=\"1953\">Zakres:<\/strong><\/p>\n<ul data-start=\"1954\" data-end=\"2157\">\n<li data-start=\"1954\" data-end=\"2008\">\n<p data-start=\"1956\" data-end=\"2008\">wprowadzenie do aplikacji ATAK (podstawowe funkcje),<\/p>\n<\/li>\n<li data-start=\"2009\" data-end=\"2052\">\n<p data-start=\"2011\" data-end=\"2052\">wsp\u00f3lny obraz sytuacji \u2013 praca zespo\u0142owa,<\/p>\n<\/li>\n<li data-start=\"2053\" data-end=\"2100\">\n<p data-start=\"2055\" data-end=\"2100\">planowanie dzia\u0142a\u0144 i reagowanie na zdarzenia,<\/p>\n<\/li>\n<li data-start=\"2101\" data-end=\"2157\">\n<p data-start=\"2103\" data-end=\"2157\">symulacje sytuacji kryzysowych o charakterze cywilnym.<\/p>\n<\/li>\n<li data-start=\"2101\" data-end=\"2157\">\u00a0<\/li>\n<\/ul>\n<p data-start=\"2159\" data-end=\"2193\">Szkolenia przygotowuj\u0105 uczni\u00f3w do:<\/p>\n<ul data-start=\"2194\" data-end=\"2334\">\n<li data-start=\"2194\" data-end=\"2241\">\n<p data-start=\"2196\" data-end=\"2241\">dalszej edukacji w kierunkach bezpiecze\u0144stwa,<\/p>\n<\/li>\n<li data-start=\"2242\" data-end=\"2278\">\n<p data-start=\"2244\" data-end=\"2278\">odpowiedzialnej s\u0142u\u017cby publicznej,<\/p>\n<\/li>\n<li data-start=\"2279\" data-end=\"2334\">\n<p data-start=\"2281\" data-end=\"2334\">\u015bwiadomego udzia\u0142u w systemie bezpiecze\u0144stwa pa\u0144stwa.<\/p>\n<\/li>\n<li data-start=\"2279\" data-end=\"2334\">poszukiwanie os\u00f3b zaginionych.<\/li>\n<li data-start=\"2279\" data-end=\"2334\">wsp\u00f3\u0142praca pomi\u0119dzy s\u0142u\u017cbami.<\/li>\n<li data-start=\"2279\" data-end=\"2334\">profilowanie os\u00f3b zaginionych.<\/li>\n<\/ul>\n<hr data-start=\"2336\" data-end=\"2339\" \/>\n<h2 data-start=\"2341\" data-end=\"2376\">\u0106WICZENIA I SYMULACJE EDUKACYJNE<\/h2>\n<h3 data-start=\"2378\" data-end=\"2403\">Nauka przez dzia\u0142anie<\/h3>\n<p data-start=\"2405\" data-end=\"2416\">Prowadzimy:<\/p>\n<ul data-start=\"2417\" data-end=\"2550\">\n<li data-start=\"2417\" data-end=\"2449\">\n<p data-start=\"2419\" data-end=\"2449\">bezpieczne \u0107wiczenia terenowe,<\/p>\n<\/li>\n<li data-start=\"2450\" data-end=\"2485\">\n<p data-start=\"2452\" data-end=\"2485\">symulacje ewakuacji i reagowania,<\/p>\n<\/li>\n<li data-start=\"2486\" data-end=\"2514\">\n<p data-start=\"2488\" data-end=\"2514\">gry decyzyjne i zespo\u0142owe,<\/p>\n<\/li>\n<li data-start=\"2515\" data-end=\"2550\">\n<p data-start=\"2517\" data-end=\"2550\">scenariusze \u201eco by by\u0142o, gdyby\u2026\u201d.<\/p>\n<\/li>\n<li data-start=\"2515\" data-end=\"2550\">poszukiwania os\u00f3b zaginionych.<\/li>\n<\/ul>\n<p data-start=\"2552\" data-end=\"2572\">Wszystko odbywa si\u0119:<\/p>\n<ul data-start=\"2573\" data-end=\"2678\">\n<li data-start=\"2573\" data-end=\"2601\">\n<p data-start=\"2575\" data-end=\"2601\">pod nadzorem instruktor\u00f3w,<\/p>\n<\/li>\n<li data-start=\"2602\" data-end=\"2636\">\n<p data-start=\"2604\" data-end=\"2636\">w formule dostosowanej do wieku,<\/p>\n<\/li>\n<li data-start=\"2637\" data-end=\"2678\">\n<p data-start=\"2639\" data-end=\"2678\">w \u015bcis\u0142ej wsp\u00f3\u0142pracy z dyrekcj\u0105 szko\u0142y.<\/p>\n<\/li>\n<\/ul>\n<\/li>\n<\/ul>\n\n\n<div class=\"wp-block-group alignfull has-text-color has-background\" style=\"color:#000000;background-color:#ffffff\"><div class=\"wp-block-group__inner-container is-layout-flow wp-block-group-is-layout-flow\">\n<div style=\"height:64px\" aria-hidden=\"true\" class=\"wp-block-spacer\"><\/div>\n\n\n\n<p class=\"has-text-align-center has-small-font-size\" style=\"line-height:.9\">Pozostajemy w kontakcie<\/p>\n\n\n\n<h2 class=\"wp-block-heading has-text-align-center\" id=\"schedule-a-visit\" style=\"font-size:59px;line-height:1.15\"><strong>Zaplanuj wizyt\u0119<\/strong><\/h2>\n\n\n\n<p class=\"has-text-align-center\" id=\"schedule-a-visit\"><a href=\"https:\/\/edutak.pl\/index.php\/kontakt\/\" data-type=\"page\" data-id=\"40\">SKONTAKTUJ SI\u0118 Z NAMI<\/a><\/p>\n\n\n\n<p class=\"has-text-align-center\" id=\"schedule-a-visit\"><img loading=\"lazy\" decoding=\"async\" width=\"150\" height=\"75\" class=\"wp-image-345\" style=\"width: 150px;\" src=\"http:\/\/edutak.pl\/wp-content\/uploads\/2026\/02\/kontkat.jpg\" alt=\"\" srcset=\"https:\/\/edutak.pl\/wp-content\/uploads\/2026\/02\/kontkat.jpg 2560w, https:\/\/edutak.pl\/wp-content\/uploads\/2026\/02\/kontkat-300x150.jpg 300w, https:\/\/edutak.pl\/wp-content\/uploads\/2026\/02\/kontkat-1024x512.jpg 1024w, https:\/\/edutak.pl\/wp-content\/uploads\/2026\/02\/kontkat-768x384.jpg 768w, https:\/\/edutak.pl\/wp-content\/uploads\/2026\/02\/kontkat-1536x768.jpg 1536w, https:\/\/edutak.pl\/wp-content\/uploads\/2026\/02\/kontkat-2048x1024.jpg 2048w, https:\/\/edutak.pl\/wp-content\/uploads\/2026\/02\/kontkat-960x480.jpg 960w\" sizes=\"auto, (max-width: 150px) 100vw, 150px\" \/><\/p>\n\n\n\n<div style=\"height:64px\" aria-hidden=\"true\" class=\"wp-block-spacer\"><\/div>\n<\/div><\/div>\n\n\n\n<p><\/p>\n","protected":false},"excerpt":{"rendered":"<p>Bezpiecze\u0144stwo uczni\u00f3w i ja Oferujemy rozwi\u0105zania dla: szko\u0142a podstawowa i \u015brednia, Zespo\u0142y szk\u00f3\u0142, plac\u00f3wek o\u015bwiatowych JST. Zakres: reakcja na kryzysowego, mapy i strefy bezpiecze\u0144stwa, szybka wymiana informacji ze s\u0142u\u017cbami, szkolenia kadry kierowniczej i nauczycieli. \u015bwiadomo\u015b\u0107 sytuacyjna od najm\u0142odszych lat Bezpiecze\u0144stwo nie zaczyna si\u0119 w momencie kryzysu \u2013 zaczyna si\u0119 od \u015bwiadomo\u015bci, odpowiedzialno\u015bci i w\u0142a\u015bciwych postaw. [&hellip;]<\/p>\n","protected":false},"author":1,"featured_media":0,"parent":0,"menu_order":0,"comment_status":"closed","ping_status":"closed","template":"","meta":{"_uag_custom_page_level_css":"","footnotes":""},"class_list":["post-29","page","type-page","status-publish","hentry","post"],"uagb_featured_image_src":{"full":false,"thumbnail":false,"medium":false,"medium_large":false,"large":false,"1536x1536":false,"2048x2048":false,"post-thumbnail":false,"vantage-thumbnail-no-sidebar":false,"vantage-slide":false,"vantage-carousel":false,"vantage-grid-loop":false,"sow-carousel-default":false},"uagb_author_info":{"display_name":"admin1715","author_link":"https:\/\/edutak.pl\/index.php\/author\/admin1715\/"},"uagb_comment_info":0,"uagb_excerpt":"Bezpiecze\u0144stwo uczni\u00f3w i ja Oferujemy rozwi\u0105zania dla: szko\u0142a podstawowa i \u015brednia, Zespo\u0142y szk\u00f3\u0142, plac\u00f3wek o\u015bwiatowych JST. Zakres: reakcja na kryzysowego, mapy i strefy bezpiecze\u0144stwa, szybka wymiana informacji ze s\u0142u\u017cbami, szkolenia kadry kierowniczej i nauczycieli. \u015bwiadomo\u015b\u0107 sytuacyjna od najm\u0142odszych lat Bezpiecze\u0144stwo nie zaczyna si\u0119 w momencie kryzysu \u2013 zaczyna si\u0119 od \u015bwiadomo\u015bci, odpowiedzialno\u015bci i w\u0142a\u015bciwych postaw.&hellip;","_links":{"self":[{"href":"https:\/\/edutak.pl\/index.php\/wp-json\/wp\/v2\/pages\/29","targetHints":{"allow":["GET"]}}],"collection":[{"href":"https:\/\/edutak.pl\/index.php\/wp-json\/wp\/v2\/pages"}],"about":[{"href":"https:\/\/edutak.pl\/index.php\/wp-json\/wp\/v2\/types\/page"}],"author":[{"embeddable":true,"href":"https:\/\/edutak.pl\/index.php\/wp-json\/wp\/v2\/users\/1"}],"replies":[{"embeddable":true,"href":"https:\/\/edutak.pl\/index.php\/wp-json\/wp\/v2\/comments?post=29"}],"version-history":[{"count":9,"href":"https:\/\/edutak.pl\/index.php\/wp-json\/wp\/v2\/pages\/29\/revisions"}],"predecessor-version":[{"id":346,"href":"https:\/\/edutak.pl\/index.php\/wp-json\/wp\/v2\/pages\/29\/revisions\/346"}],"wp:attachment":[{"href":"https:\/\/edutak.pl\/index.php\/wp-json\/wp\/v2\/media?parent=29"}],"curies":[{"name":"wp","href":"https:\/\/api.w.org\/{rel}","templated":true}]}}