{"id":27,"date":"2026-02-11T18:17:34","date_gmt":"2026-02-11T18:17:34","guid":{"rendered":"https:\/\/edutak.pl\/?page_id=27"},"modified":"2026-03-10T09:00:25","modified_gmt":"2026-03-10T08:00:25","slug":"rozwiazania-dedykowane-dla-sektora-jst","status":"publish","type":"page","link":"https:\/\/edutak.pl\/index.php\/rozwiazania-dedykowane-dla-sektora-jst\/","title":{"rendered":"ROZWI\u0104ZANIA DEDYKOWANE DLA SEKTORA JST"},"content":{"rendered":"\n<h2 class=\"wp-block-heading\">\u201e\u015awiadomo\u015b\u0107 sytuacyjna w zarz\u0105dzaniu kryzysowym<br>Jednostkach Samorz\u0105du Terytorialnego\u201d<\/h2>\n\n\n\n<p>Dzisiejsze wci\u0105\u017c rosn\u0105ce zagro\u017cenia kryzysowe powoduj\u0105 konieczno\u015b\u0107 spojrzenia na temat \u015bwiadomo\u015bci sytuacyjnej w Jednostkach Samorz\u0105du Terytorialnego (JST) w kontek\u015bcie<br>rosn\u0105cych obowi\u0105zk\u00f3w administracyjnych oraz zmieniaj\u0105cego si\u0119 \u015brodowiska zagro\u017ce\u0144.<br>Zarz\u0105dzanie kryzysowe w samorz\u0105dzie to dzi\u015b nie tylko reagowanie, ale odpowiedzialno\u015b\u0107 za koordynacj\u0119 wielu podmiot\u00f3w i podejmowanie decyzji w warunkach niepe\u0142nej informacji.<br>Od Chaosu do Pe\u0142nej Jasno\u015bci: Czym jest \u015awiadomo\u015b\u0107 Sytuacyjna?<br>Nowoczesne podej\u015bcie do zarz\u0105dzania kryzysowego polega na tworzeniu wsp\u00f3lnego,<br>aktualnego obrazu sytuacji, kt\u00f3ry stanowi podstaw\u0119 decyzji organu wykonawczego. Zgodnie z praktyk\u0105 p\u0119tli OODA kt\u00f3rej za\u0142o\u017cenia Obserwuj \u2013 Orientuj si\u0119 \u2013 Decyduj \u2013 Dzia\u0142aj, staje si\u0119 niezb\u0119dna w dzisiejszym zarz\u0105dzaniu \u015bwiadomo\u015bci\u0105 sytuacyjn\u0105. \u015awiadomo\u015b\u0107 sytuacyjna to zdolno\u015b\u0107 do udzielenia natychmiastowej odpowiedzi na cztery pytania: GDZIE? KTO? JAK?KIEDY?<br>w chwili obecnej jest to fizycznie niewykonalne, a na podstawie odpowiedzi na te<br>pytania osoba odpowiedzialna musi podj\u0105\u0107 kluczowe decyzje kt\u00f3re wymagaj\u0105 ca\u0142o\u015bci \u2013<br>wiarygodno\u015bci podanych informacji, p\u0142ynno\u015bci oraz bie\u017c\u0105cej aktualizacji.<br><strong>Zarz\u0105dzanie 2.0: Dlaczego Twoja Gmina Nie Mo\u017ce Ju\u017c Polega\u0107 Wy\u0142\u0105cznie na<br>Radiotelefonie?<\/strong><br>W \u015bwiecie cyfrowym zarz\u0105dzanie kryzysowe wci\u0105\u017c cz\u0119sto przypomina prac\u0119 z ubieg\u0142ego wieku: komunikaty g\u0142osowe, kt\u00f3re gin\u0105 w szumie, papierowe mapy, kt\u00f3re staj\u0105 si\u0119 nieaktualne w pi\u0119\u0107 minut po wydrukowaniu, segregatory z planami i procedurami i kluczowe decyzje podejmowane na podstawie \u201eprzekaz\u00f3w ustnych\u201d. To w\u0142a\u015bnie w tym<br>momencie rozpoczyna si\u0119 ewolucja w nowoczesnym \u015bwiadomym zarz\u0105dzaniu kryzysowym na przy u\u017cyciu narz\u0119dzie systemu TAK (Tactical Awareness Kit) i dedykowanych aplikacjach oraz programach umo\u017cliwiaj\u0105cych zarz\u0105dzanie \u015bwiadomo\u015bci\u0105 sytuacyjn\u0105 z poziomu komputera PC\/ laptopa jaki i telefonu kom\u00f3rkowego z systemem Android oraz IOS.<br><strong>TAK?<\/strong><br>System TAK (Teleinformatyczny System Alarmowania i Koordynacji) to narz\u0119dzie wspieraj\u0105ce administracj\u0119 publiczn\u0105 i s\u0142u\u017cby w reagowaniu na sytuacje kryzysowe. Umo\u017cliwia szybkie przekazywanie informacji o zagro\u017ceniach, alarmowanie odpowiednich podmiot\u00f3w oraz koordynacj\u0119 dzia\u0142a\u0144 ratowniczych. Odpowiada na cztery kluczowe pytania<br>GDZIE? KTO? JAK? KIEDY?<br>w czasie rzeczywistym. Umo\u017cliwia przygotowanie podk\u0142ad\u00f3w mapowych pod konkretne<br>sytuacje i w czasie rzeczywistym zarz\u0105dza\u0107 wsp\u00f3\u0142pracuj\u0105cymi podmiotami. Interoperacyjno\u015b\u0107 pomi\u0119dzy OSP, ZK, Zak\u0142adem Komunalnym, Sp\u00f3\u0142k\u0105 Wodoci\u0105gow\u0105 staje si\u0119 realne i przynosi wymierne efekty. Ewolucja z TAK gwarantuje system kt\u00f3ry tworzy jedn\u0105, wsp\u00f3ln\u0105 przestrze\u0144 operacyjn\u0105. Burmistrz widzi na jednej mapie wszystkie zasoby gminy, niezale\u017cnie od tego, jaki kolor munduru nosz\u0105 ich operatorzy. To optymalizacja zasob\u00f3w, kt\u00f3re ju\u017c posiada gmina. Gdzie Wida\u0107 R\u00f3\u017cnic\u0119 \u201eprzed\u201d i \u201epo\u201d<br>Bez systemu: Meldunki telefoniczne, b\u0142\u0119dy w lokalizacji work\u00f3w z piaskiem, brak podgl\u0105du na poziom wody w g\u00f3rze rzeki.<br>Z ATTAK: Widok z drona na \u017cywo, nanoszenie \u201estref zalania\u201d na map\u0119 dost\u0119pn\u0105 dla ka\u017cdego ratownika, precyzyjne kierowanie posi\u0142k\u00f3w tam, gdzie wa\u0142 p\u0119ka, lokalizacja punkt\u00f3w z workami i ich zape\u0142nienia, lokalizacja transport\u00f3w itd.Bez systemu:<br>Meldunki telefoniczne,<br>Z ATTAK: Dynamiczne nanoszenie zagro\u017ce\u0144: Dyspozytor w urz\u0119dzie mo\u017ce w sekund\u0119<br>zaznaczy\u0107 na mapie nieprzejezdn\u0105 drog\u0119 lub zerwany most. Informacja ta natychmiast pojawia si\u0119 na telefonach wszystkich s\u0142u\u017cb. To samo wykona pierwszy ratownik b\u0119d\u0105cy na miejscu. Streaming z drona (Real-time Video): Burmistrz w sztabie widzi to samo, co operator drona nad zalanym terenem. Pozwala to na podejmowanie decyzji o ewakuacji w oparciu o fakty, a nie szacunki. Zarz\u0105dzanie infrastruktur\u0105 krytyczn\u0105: Na map\u0119 systemu mo\u017cna na\u0142o\u017cy\u0107 warstwy GIS: przebieg gazoci\u0105g\u00f3w, lokalizacj\u0119 hydrant\u00f3w, czy punkty zbi\u00f3rki dla mieszka\u0144c\u00f3w, miejsca schronienia.<br>Komunikacja tekstowa i przesy\u0142anie zdj\u0119\u0107: Mo\u017cliwo\u015b\u0107 przesy\u0142ania zdj\u0119\u0107 uszkodze\u0144 z terenu<br>bezpo\u015brednio do bazy danych incydentu, co skraca czas szacowania strat.<br>Wdro\u017cenie \u2013 dlaczego \u201einstalacja oprogramowania to za ma\u0142o\u201c<br>Ewolucja w stron\u0119 system\u00f3w klasy TAK to nie wyb\u00f3r \u201emi\u0119dzy starym a nowym modelem\u201d. To wyb\u00f3r mi\u0119dzy bezpiecze\u0144stwem opartym na szcz\u0119\u015bciu, a bezpiecze\u0144stwem opartym na wiedzy. Dla samorz\u0105du to jedyna droga, by w sytuacji ekstremalnej m\u00f3c z czystym sumieniem powiedzie\u0107 mieszka\u0144com, media: \u201ePanujemy nad sytuacj\u0105\u201d.<br>Naturalne pytanie brzmi :<br><strong>\u201eJak wdro\u017cy\u0107 u nas ten system w sensowny i optymalny spos\u00f3b ?\u201d<\/strong><br>Odpowied\u017a nie zaczyna si\u0119 od technologii kt\u00f3r\u0105 dysponujemy lecz. Zaczyna si\u0119 od analizy<br>struktury JST, gminy, powiatu, jednostki, okre\u015blenia r\u00f3l, zdefiniowania przep\u0142ywu informacji, ustalenia scenariuszy dzia\u0142ania. Dopiero wtedy system zaczyna by\u0107 narz\u0119dziem<br>niezast\u0105pionym. Bez tego pozostaje wy\u0142\u0105cznie aplikacj\u0105 jakich wiele na polskim rynku.<br>A Zarz\u0105dzanie Kryzysem nie potrzebuje aplikacji. Potrzebuje narz\u0119dzia u\u0142atwiaj\u0105cego podj\u0119cie w\u0142a\u015bciwej decyzji w oparciu o rzeczywiste i wiarygodne dane.<br>Na etapie procesu decyzyjnego zwykle pojawia si\u0119 wiele pyta\u0144.<br>1. \u201eCzy To ma sens.\u201d<br>2. \u201eCzy To wymaga uporz\u0105dkowania.\u201d<br>3. \u201eI refleksja Dlaczego Nie chcemy tego zrobi\u0107 \u017ale.\u201d<br>I to jest bardzo dojrza\u0142e podej\u015bcie.<br>Dlatego kolejne kroki i problemy nad kt\u00f3rymi si\u0119 pochylimy to przede wszystkim \u2013 szkolenia praktyczne, audyt gotowo\u015bci, pilota\u017cowe wdro\u017cenie.<br>Powy\u017csze elementy s\u0105 sk\u0142adow\u0105 budowania zdolno\u015bci organizacyjne JST.<br>W praktyce najwi\u0119ksz\u0105 warto\u015b\u0107 przynosi moment, w kt\u00f3rym zesp\u00f3\u0142 ZK pracuje na w\u0142asnych<br>danych, analizuje w\u0142asne zagro\u017cenia, konfiguruje system pod w\u0142asne realia, \u0107wiczy realne<br>scenariusze.<br>To wtedy pojawia si\u0119 prawdziwa zmiana.<\/p>\n\n\n<h2 data-start=\"2106\" data-end=\"2147\">ROZWI\u0104ZANIA DEDYKOWANE DLA SEKTORA JST<\/h2>\n<h3 data-start=\"2149\" data-end=\"2180\">Gminy, powiaty, wojew\u00f3dztwa<\/h3>\n<p data-start=\"2182\" data-end=\"2229\">Wspieramy jednostki samorz\u0105du terytorialnego w:<\/p>\n<ul data-start=\"2230\" data-end=\"2387\">\n<li data-start=\"2230\" data-end=\"2287\">\n<p data-start=\"2232\" data-end=\"2287\">budowie <strong data-start=\"2240\" data-end=\"2286\">lokalnych system\u00f3w \u015bwiadomo\u015bci sytuacyjnej<\/strong>,<\/p>\n<\/li>\n<li data-start=\"2288\" data-end=\"2335\">\n<p data-start=\"2290\" data-end=\"2335\">wsparciu <strong data-start=\"2299\" data-end=\"2334\">centr\u00f3w zarz\u0105dzania kryzysowego<\/strong>,<\/p>\n<\/li>\n<li data-start=\"2336\" data-end=\"2387\">\n<p data-start=\"2338\" data-end=\"2387\">koordynacji dzia\u0142a\u0144 wielu podmiot\u00f3w jednocze\u015bnie.<\/p>\n<\/li>\n<\/ul>\n<p data-start=\"2389\" data-end=\"2406\"><strong data-start=\"2389\" data-end=\"2406\">Zastosowania:<\/strong><\/p>\n<ul data-start=\"2407\" data-end=\"2543\">\n<li data-start=\"2407\" data-end=\"2438\">\n<p data-start=\"2409\" data-end=\"2438\">zdarzenia masowe i kryzysowe,<\/p>\n<\/li>\n<li data-start=\"2439\" data-end=\"2458\">\n<p data-start=\"2441\" data-end=\"2458\">kl\u0119ski \u017cywio\u0142owe,<\/p>\n<\/li>\n<li data-start=\"2459\" data-end=\"2498\">\n<p data-start=\"2461\" data-end=\"2498\">zarz\u0105dzanie infrastruktur\u0105 krytyczn\u0105,<\/p>\n<\/li>\n<li data-start=\"2499\" data-end=\"2543\">\n<p data-start=\"2501\" data-end=\"2543\">wsp\u00f3\u0142praca z Policj\u0105, PSP, OSP, WOPR, PCK.<\/p>\n<\/li>\n<\/ul>","protected":false},"excerpt":{"rendered":"<p>\u201e\u015awiadomo\u015b\u0107 sytuacyjna w zarz\u0105dzaniu kryzysowymJednostkach Samorz\u0105du Terytorialnego\u201d Dzisiejsze wci\u0105\u017c rosn\u0105ce zagro\u017cenia kryzysowe powoduj\u0105 konieczno\u015b\u0107 spojrzenia na temat \u015bwiadomo\u015bci sytuacyjnej w Jednostkach Samorz\u0105du Terytorialnego (JST) w kontek\u015bcierosn\u0105cych obowi\u0105zk\u00f3w administracyjnych oraz zmieniaj\u0105cego si\u0119 \u015brodowiska zagro\u017ce\u0144.Zarz\u0105dzanie kryzysowe w samorz\u0105dzie to dzi\u015b nie tylko reagowanie, ale odpowiedzialno\u015b\u0107 za koordynacj\u0119 wielu podmiot\u00f3w i podejmowanie decyzji w warunkach niepe\u0142nej informacji.Od Chaosu [&hellip;]<\/p>\n","protected":false},"author":1,"featured_media":0,"parent":0,"menu_order":0,"comment_status":"closed","ping_status":"closed","template":"home-panels.php","meta":{"_uag_custom_page_level_css":"","footnotes":""},"class_list":["post-27","page","type-page","status-publish","hentry","post"],"uagb_featured_image_src":{"full":false,"thumbnail":false,"medium":false,"medium_large":false,"large":false,"1536x1536":false,"2048x2048":false,"post-thumbnail":false,"vantage-thumbnail-no-sidebar":false,"vantage-slide":false,"vantage-carousel":false,"vantage-grid-loop":false,"sow-carousel-default":false},"uagb_author_info":{"display_name":"admin1715","author_link":"https:\/\/edutak.pl\/index.php\/author\/admin1715\/"},"uagb_comment_info":0,"uagb_excerpt":"\u201e\u015awiadomo\u015b\u0107 sytuacyjna w zarz\u0105dzaniu kryzysowymJednostkach Samorz\u0105du Terytorialnego\u201d Dzisiejsze wci\u0105\u017c rosn\u0105ce zagro\u017cenia kryzysowe powoduj\u0105 konieczno\u015b\u0107 spojrzenia na temat \u015bwiadomo\u015bci sytuacyjnej w Jednostkach Samorz\u0105du Terytorialnego (JST) w kontek\u015bcierosn\u0105cych obowi\u0105zk\u00f3w administracyjnych oraz zmieniaj\u0105cego si\u0119 \u015brodowiska zagro\u017ce\u0144.Zarz\u0105dzanie kryzysowe w samorz\u0105dzie to dzi\u015b nie tylko reagowanie, ale odpowiedzialno\u015b\u0107 za koordynacj\u0119 wielu podmiot\u00f3w i podejmowanie decyzji w warunkach niepe\u0142nej informacji.Od Chaosu&hellip;","_links":{"self":[{"href":"https:\/\/edutak.pl\/index.php\/wp-json\/wp\/v2\/pages\/27","targetHints":{"allow":["GET"]}}],"collection":[{"href":"https:\/\/edutak.pl\/index.php\/wp-json\/wp\/v2\/pages"}],"about":[{"href":"https:\/\/edutak.pl\/index.php\/wp-json\/wp\/v2\/types\/page"}],"author":[{"embeddable":true,"href":"https:\/\/edutak.pl\/index.php\/wp-json\/wp\/v2\/users\/1"}],"replies":[{"embeddable":true,"href":"https:\/\/edutak.pl\/index.php\/wp-json\/wp\/v2\/comments?post=27"}],"version-history":[{"count":3,"href":"https:\/\/edutak.pl\/index.php\/wp-json\/wp\/v2\/pages\/27\/revisions"}],"predecessor-version":[{"id":430,"href":"https:\/\/edutak.pl\/index.php\/wp-json\/wp\/v2\/pages\/27\/revisions\/430"}],"wp:attachment":[{"href":"https:\/\/edutak.pl\/index.php\/wp-json\/wp\/v2\/media?parent=27"}],"curies":[{"name":"wp","href":"https:\/\/api.w.org\/{rel}","templated":true}]}}