{"id":25,"date":"2026-02-11T18:17:09","date_gmt":"2026-02-11T18:17:09","guid":{"rendered":"https:\/\/edutak.pl\/?page_id=25"},"modified":"2026-03-03T12:17:27","modified_gmt":"2026-03-03T11:17:27","slug":"aplikacja-atak-i-systemy-tak-fundament-technologiczny","status":"publish","type":"page","link":"https:\/\/edutak.pl\/index.php\/aplikacja-atak-i-systemy-tak-fundament-technologiczny\/","title":{"rendered":"APLIKACJA ATAK I SYSTEMY TAK \u2013 FUNDAMENT TECHNOLOGICZNY"},"content":{"rendered":"<p><img loading=\"lazy\" decoding=\"async\" src=\"http:\/\/edutak.pl\/wp-content\/uploads\/2026\/02\/szkolnictwo-1024x329.jpg\" sizes=\"auto, (max-width: 720px) 100vw, 720px\" srcset=\"https:\/\/edutak.pl\/wp-content\/uploads\/2026\/02\/szkolnictwo-1024x329.jpg 1024w, https:\/\/edutak.pl\/wp-content\/uploads\/2026\/02\/szkolnictwo-300x96.jpg 300w, https:\/\/edutak.pl\/wp-content\/uploads\/2026\/02\/szkolnictwo-768x247.jpg 768w, https:\/\/edutak.pl\/wp-content\/uploads\/2026\/02\/szkolnictwo-1536x494.jpg 1536w, https:\/\/edutak.pl\/wp-content\/uploads\/2026\/02\/szkolnictwo.jpg 1866w\" alt=\"\" width=\"720\" height=\"231\" \/><\/p>\n<h2 data-start=\"1571\" data-end=\"1629\">APLIKACJA ATAK I SYSTEMY TAK \u2013 FUNDAMENT TECHNOLOGICZNY<\/h2>\n<h3 data-start=\"1631\" data-end=\"1669\">Jedna platforma \u2013 wiele zastosowa\u0144<\/h3>\n<p data-start=\"1671\" data-end=\"1742\">ATAK to sprawdzona, rozwijana globalnie platforma wykorzystywana przez:<\/p>\n<ul data-start=\"1743\" data-end=\"1827\">\n<li data-start=\"1743\" data-end=\"1769\">\n<p data-start=\"1745\" data-end=\"1769\">administracj\u0119 publiczn\u0105,<\/p>\n<\/li>\n<li data-start=\"1770\" data-end=\"1788\">\n<p data-start=\"1772\" data-end=\"1788\">wojsko i s\u0142u\u017cby,<\/p>\n<\/li>\n<li data-start=\"1789\" data-end=\"1827\">\n<p data-start=\"1791\" data-end=\"1827\">ratownictwo i zarz\u0105dzanie kryzysowe.<\/p>\n<\/li>\n<\/ul>\n<p data-start=\"1829\" data-end=\"1853\"><strong data-start=\"1829\" data-end=\"1853\">Kluczowe mo\u017cliwo\u015bci:<\/strong><\/p>\n<ul data-start=\"1854\" data-end=\"2099\">\n<li data-start=\"1854\" data-end=\"1891\">\n<p data-start=\"1856\" data-end=\"1891\">wsp\u00f3\u0142dzielony obraz sytuacji (COP),<\/p>\n<\/li>\n<li data-start=\"1892\" data-end=\"1960\">\n<p data-start=\"1894\" data-end=\"1960\">warstwy tematyczne (zagro\u017cenia, zasoby, infrastruktura krytyczna),<\/p>\n<\/li>\n<li data-start=\"1961\" data-end=\"2003\">\n<p data-start=\"1963\" data-end=\"2003\">integracja GPS, dron\u00f3w, kamer, sensor\u00f3w,<\/p>\n<\/li>\n<li data-start=\"2004\" data-end=\"2040\">\n<p data-start=\"2006\" data-end=\"2040\">bezpieczna praca online i offline,<\/p>\n<\/li>\n<li data-start=\"2041\" data-end=\"2099\">\n<p data-start=\"2043\" data-end=\"2099\">skalowalno\u015b\u0107 \u2013 od jednego obiektu do ca\u0142ego wojew\u00f3dztwa.<\/p>\n<\/li>\n<\/ul>\n\n\n<div class=\"wp-block-columns is-layout-flex wp-container-core-columns-is-layout-9d6595d7 wp-block-columns-is-layout-flex\">\n<div class=\"wp-block-column is-layout-flow wp-block-column-is-layout-flow\"><\/div>\n<\/div>\n\n\n\n<div class=\"wp-block-uagb-image uagb-block-c4e9550c wp-block-uagb-image--layout-default wp-block-uagb-image--effect-static wp-block-uagb-image--align-none\"><figure class=\"wp-block-uagb-image__figure\"><img decoding=\"async\" srcset=\"https:\/\/edutak.pl\/wp-content\/uploads\/2026\/02\/cala-polska-w-TAK-1024x459.jpg ,https:\/\/edutak.pl\/wp-content\/uploads\/2026\/02\/cala-polska-w-TAK.jpg 780w, https:\/\/edutak.pl\/wp-content\/uploads\/2026\/02\/cala-polska-w-TAK.jpg 360w\" sizes=\"auto, (max-width: 480px) 150px\" src=\"https:\/\/edutak.pl\/wp-content\/uploads\/2026\/02\/cala-polska-w-TAK-1024x459.jpg\" alt=\"\" class=\"uag-image-288\" width=\"720\" height=\"141\" title=\"ca\u0142a polska w TAK\" loading=\"lazy\" role=\"img\"\/><\/figure><\/div>\n\n\n\n<p class=\"has-text-align-left\">TAK jest rdzeniem zestawu narz\u0119dzi do obrazowania georeferencyjnego i komunikacji, kt\u00f3re umo\u017cliwiaj\u0105 skalowane planowanie operacyjne, udost\u0119pnianie danych, wizualizacj\u0119 danych wysoko\u015bciowych i zarz\u0105dzanie dzia\u0142aniami. Dzi\u0119ki TAK mo\u017cemy szybko si\u0119 zorientowa\u0107 w obrazie zaistnia\u0142ej sytuacji, podejmowa\u0107 bardziej \u015bwiadome decyzje\u00a0 \u00a0 \u00a0 \u00a0 \u00a0 \u00a0 \u00a0 i szybko reagowa\u0107 na zagro\u017cenia.<\/p>\n\n\n\n<p><\/p>\n","protected":false},"excerpt":{"rendered":"<p>APLIKACJA ATAK I SYSTEMY TAK \u2013 FUNDAMENT TECHNOLOGICZNY Jedna platforma \u2013 wiele zastosowa\u0144 ATAK to sprawdzona, rozwijana globalnie platforma wykorzystywana przez: administracj\u0119 publiczn\u0105, wojsko i s\u0142u\u017cby, ratownictwo i zarz\u0105dzanie kryzysowe. Kluczowe mo\u017cliwo\u015bci: wsp\u00f3\u0142dzielony obraz sytuacji (COP), warstwy tematyczne (zagro\u017cenia, zasoby, infrastruktura krytyczna), integracja GPS, dron\u00f3w, kamer, sensor\u00f3w, bezpieczna praca online i offline, skalowalno\u015b\u0107 \u2013 od [&hellip;]<\/p>\n","protected":false},"author":1,"featured_media":0,"parent":0,"menu_order":0,"comment_status":"closed","ping_status":"closed","template":"","meta":{"_uag_custom_page_level_css":"","footnotes":""},"class_list":["post-25","page","type-page","status-publish","hentry","post"],"uagb_featured_image_src":{"full":false,"thumbnail":false,"medium":false,"medium_large":false,"large":false,"1536x1536":false,"2048x2048":false,"post-thumbnail":false,"vantage-thumbnail-no-sidebar":false,"vantage-slide":false,"vantage-carousel":false,"vantage-grid-loop":false,"sow-carousel-default":false},"uagb_author_info":{"display_name":"admin1715","author_link":"https:\/\/edutak.pl\/index.php\/author\/admin1715\/"},"uagb_comment_info":0,"uagb_excerpt":"APLIKACJA ATAK I SYSTEMY TAK \u2013 FUNDAMENT TECHNOLOGICZNY Jedna platforma \u2013 wiele zastosowa\u0144 ATAK to sprawdzona, rozwijana globalnie platforma wykorzystywana przez: administracj\u0119 publiczn\u0105, wojsko i s\u0142u\u017cby, ratownictwo i zarz\u0105dzanie kryzysowe. Kluczowe mo\u017cliwo\u015bci: wsp\u00f3\u0142dzielony obraz sytuacji (COP), warstwy tematyczne (zagro\u017cenia, zasoby, infrastruktura krytyczna), integracja GPS, dron\u00f3w, kamer, sensor\u00f3w, bezpieczna praca online i offline, skalowalno\u015b\u0107 \u2013 od&hellip;","_links":{"self":[{"href":"https:\/\/edutak.pl\/index.php\/wp-json\/wp\/v2\/pages\/25","targetHints":{"allow":["GET"]}}],"collection":[{"href":"https:\/\/edutak.pl\/index.php\/wp-json\/wp\/v2\/pages"}],"about":[{"href":"https:\/\/edutak.pl\/index.php\/wp-json\/wp\/v2\/types\/page"}],"author":[{"embeddable":true,"href":"https:\/\/edutak.pl\/index.php\/wp-json\/wp\/v2\/users\/1"}],"replies":[{"embeddable":true,"href":"https:\/\/edutak.pl\/index.php\/wp-json\/wp\/v2\/comments?post=25"}],"version-history":[{"count":18,"href":"https:\/\/edutak.pl\/index.php\/wp-json\/wp\/v2\/pages\/25\/revisions"}],"predecessor-version":[{"id":418,"href":"https:\/\/edutak.pl\/index.php\/wp-json\/wp\/v2\/pages\/25\/revisions\/418"}],"wp:attachment":[{"href":"https:\/\/edutak.pl\/index.php\/wp-json\/wp\/v2\/media?parent=25"}],"curies":[{"name":"wp","href":"https:\/\/api.w.org\/{rel}","templated":true}]}}