{"id":203,"date":"2026-02-13T17:02:31","date_gmt":"2026-02-13T17:02:31","guid":{"rendered":"https:\/\/edutak.pl\/?page_id=203"},"modified":"2026-02-13T17:12:27","modified_gmt":"2026-02-13T17:12:27","slug":"swiadomosc","status":"publish","type":"page","link":"https:\/\/edutak.pl\/index.php\/swiadomosc\/","title":{"rendered":"\u015awiadomo\u015b\u0107"},"content":{"rendered":"<p data-start=\"0\" data-end=\"280\"><span dir=\"auto\" style=\"vertical-align: inherit;\"><span dir=\"auto\" style=\"vertical-align: inherit;\">Kadra projektu uczestniczy w specjalistycznych sympozjach i konferencjach naukowo-technicznych znajduj\u0105cych si\u0119 w systemie informacji morskich (GIS), pod\u0142\u0105czonych geodanych, mapowaniu operacyjnym oraz dost\u0119pie decyzyjnym w \u015brodowisku bezpiecze\u0144stwa publicznego i obronno\u015bci.<\/span><\/span><\/p>\n<p data-start=\"282\" data-end=\"466\"><span dir=\"auto\" style=\"vertical-align: inherit;\"><span dir=\"auto\" style=\"vertical-align: inherit;\">Nadzwyczajne znaczenie wydarze\u0144 przez <\/span><\/span><span class=\"hover:entity-accent entity-underline inline cursor-pointer align-baseline\"><span class=\"whitespace-normal\"><span dir=\"auto\" style=\"vertical-align: inherit;\"><span dir=\"auto\" style=\"vertical-align: inherit;\">Akademi\u0119 Policji w Szczytnie<\/span><\/span><\/span><\/span><span dir=\"auto\" style=\"vertical-align: inherit;\"><span dir=\"auto\" style=\"vertical-align: inherit;\"> we wsp\u00f3\u0142pracy z <\/span><\/span><span class=\"hover:entity-accent entity-underline inline cursor-pointer align-baseline\"><span class=\"whitespace-normal\"><span dir=\"auto\" style=\"vertical-align: inherit;\"><span dir=\"auto\" style=\"vertical-align: inherit;\">Esri Polska<\/span><\/span><\/span><\/span><span dir=\"auto\" style=\"vertical-align: inherit;\"><span dir=\"auto\" style=\"vertical-align: inherit;\"> .<\/span><\/span><\/p>\n<p id=\"dp-event-event-header\" class=\"dp-event-header\">Konferencja naukowa pn. \u201ePrzestrzenne Aspekty Bezpiecze\u0144stwa\u201d<\/p>\n<p><img loading=\"lazy\" decoding=\"async\" class=\"alignnone size-medium wp-image-208\" src=\"http:\/\/edutak.pl\/wp-content\/uploads\/2026\/02\/esri-szczytno-300x200.jpg\" alt=\"\" width=\"300\" height=\"200\" srcset=\"https:\/\/edutak.pl\/wp-content\/uploads\/2026\/02\/esri-szczytno-300x200.jpg 300w, https:\/\/edutak.pl\/wp-content\/uploads\/2026\/02\/esri-szczytno-1024x683.jpg 1024w, https:\/\/edutak.pl\/wp-content\/uploads\/2026\/02\/esri-szczytno-768x512.jpg 768w, https:\/\/edutak.pl\/wp-content\/uploads\/2026\/02\/esri-szczytno-1536x1024.jpg 1536w, https:\/\/edutak.pl\/wp-content\/uploads\/2026\/02\/esri-szczytno-272x182.jpg 272w, https:\/\/edutak.pl\/wp-content\/uploads\/2026\/02\/esri-szczytno.jpg 1600w\" sizes=\"auto, (max-width: 300px) 100vw, 300px\" \/><\/p>\n<ul data-start=\"468\" data-end=\"850\">\n<li data-start=\"468\" data-end=\"569\">\n<p data-start=\"470\" data-end=\"569\"><span dir=\"auto\" style=\"vertical-align: inherit;\"><span dir=\"auto\" style=\"vertical-align: inherit;\">platforma zastosowania GIS (m.in. ArcGIS) w dzia\u0142aniach praktycznych Policji<br \/>\ni zastosowa\u0144 u\u017cytkowych,<\/span><\/span><\/p>\n<\/li>\n<li data-start=\"570\" data-end=\"630\">\n<p data-start=\"572\" data-end=\"630\"><span dir=\"auto\" style=\"vertical-align: inherit;\"><span dir=\"auto\" style=\"vertical-align: inherit;\">pod\u0142\u0105czony do danych przestrzennych w zarz\u0105dzaniu kryzysowym,<\/span><\/span><\/p>\n<\/li>\n<li data-start=\"631\" data-end=\"708\">\n<p data-start=\"633\" data-end=\"708\"><span dir=\"auto\" style=\"vertical-align: inherit;\"><span dir=\"auto\" style=\"vertical-align: inherit;\">integracja danych z system\u00f3w telemetrycznych, GPS i \u017ar\u00f3de\u0142 rozproszonych,<\/span><\/span><\/p>\n<\/li>\n<li data-start=\"709\" data-end=\"796\">\n<p data-start=\"711\" data-end=\"796\"><span dir=\"auto\" style=\"vertical-align: inherit;\"><span dir=\"auto\" style=\"vertical-align: inherit;\">stworzenie wsp\u00f3lnego systemu operacyjnego (Common Operational Picture \u2013 COP),<\/span><\/span><\/p>\n<\/li>\n<li data-start=\"797\" data-end=\"850\">\n<p data-start=\"799\" data-end=\"850\"><span dir=\"auto\" style=\"vertical-align: inherit;\"><span dir=\"auto\" style=\"vertical-align: inherit;\">cyberbezpiecze\u0144stwa system\u00f3w mapowych i mobilnych.<\/span><\/span><\/p>\n<\/li>\n<\/ul>\n<p style=\"text-align: left;\" data-start=\"852\" data-end=\"1044\"><span dir=\"auto\" style=\"vertical-align: inherit;\"><span dir=\"auto\" style=\"vertical-align: inherit;\">Udzia\u0142 organizacji w cz\u0119\u015bci eksperckiej (prezentacje do\u015bwiadcze\u0144 z wdro\u017ce\u0144 system\u00f3w TAK\/ATAK), jak i dobry praktyk w zakresie interoperacyjno\u015bci system\u00f3w informacyjnych s\u0142u\u017cb.<\/span><\/span><\/p>\n<p style=\"text-align: left;\" data-start=\"1046\" data-end=\"1307\"><span dir=\"auto\" style=\"vertical-align: inherit;\"><span dir=\"auto\" style=\"vertical-align: inherit;\">R\u00f3wnie wa\u017cnym obszarem aktywno\u015bci by\u0142y konferencje i seminaria naukowe prowadzone przez <\/span><\/span><span class=\"hover:entity-accent entity-underline inline cursor-pointer align-baseline\"><span class=\"whitespace-normal\"><span dir=\"auto\" style=\"vertical-align: inherit;\"><span dir=\"auto\" style=\"vertical-align: inherit;\">Wojskow\u0105 Akademi\u0119 Techniczn\u0105<\/span><\/span><\/span><\/span><span dir=\"auto\" style=\"vertical-align: inherit;\"><span dir=\"auto\" style=\"vertical-align: inherit;\"> \u00a0XII edycja Sympozjum \u201eRozpoznanie Obrazowe<br \/>\nw Bezpiecze\u0144stwie i Obronno\u015bci \u2013 ROBO\u201d, obj\u0119te aktywnymi technologiami mapowymi, geoinformacji wojskowej oraz systemami wsparcia dowodzenia.<\/span><\/span><\/p>\n<p data-start=\"1046\" data-end=\"1307\"><img loading=\"lazy\" decoding=\"async\" class=\"alignnone size-medium wp-image-210\" src=\"http:\/\/edutak.pl\/wp-content\/uploads\/2026\/02\/robo-WAT-300x300.jpg\" alt=\"\" width=\"300\" height=\"300\" srcset=\"https:\/\/edutak.pl\/wp-content\/uploads\/2026\/02\/robo-WAT-300x300.jpg 300w, https:\/\/edutak.pl\/wp-content\/uploads\/2026\/02\/robo-WAT-1024x1024.jpg 1024w, https:\/\/edutak.pl\/wp-content\/uploads\/2026\/02\/robo-WAT-150x150.jpg 150w, https:\/\/edutak.pl\/wp-content\/uploads\/2026\/02\/robo-WAT-768x768.jpg 768w, https:\/\/edutak.pl\/wp-content\/uploads\/2026\/02\/robo-WAT.jpg 1080w\" sizes=\"auto, (max-width: 300px) 100vw, 300px\" \/><\/p>\n<p data-start=\"1046\" data-end=\"1307\"><span dir=\"auto\" style=\"vertical-align: inherit;\"><span dir=\"auto\" style=\"vertical-align: inherit;\">Tematyka przestrzegana m.in.:<\/span><\/span><\/p>\n<ul data-start=\"1309\" data-end=\"1747\">\n<li data-start=\"1309\" data-end=\"1393\">\n<p data-start=\"1311\" data-end=\"1393\"><span dir=\"auto\" style=\"vertical-align: inherit;\"><span dir=\"auto\" style=\"vertical-align: inherit;\">wojskowe i cywilne, wymiana danych przestrzennych (m.in. OGC, MIL-STD),<\/span><\/span><\/p>\n<\/li>\n<li data-start=\"1394\" data-end=\"1456\">\n<p data-start=\"1396\" data-end=\"1456\"><span dir=\"auto\" style=\"vertical-align: inherit;\"><span dir=\"auto\" style=\"vertical-align: inherit;\">systemy taktyczne z warstw\u0105 geoprzestrzenn\u0105,<\/span><\/span><\/p>\n<\/li>\n<li data-start=\"1457\" data-end=\"1548\">\n<p data-start=\"1459\" data-end=\"1548\"><span dir=\"auto\" style=\"vertical-align: inherit;\"><span dir=\"auto\" style=\"vertical-align: inherit;\">wykorzystanie zobrazowa\u0144 morskich i BSP (UAV) w budowaniu \u015bwiadomo\u015bci sytuacyjnej,<\/span><\/span><\/p>\n<\/li>\n<li data-start=\"1549\" data-end=\"1670\">\n<p data-start=\"1551\" data-end=\"1670\"><span dir=\"auto\" style=\"vertical-align: inherit;\"><span dir=\"auto\" style=\"vertical-align: inherit;\">wdro\u017cenie alternatywnej klasy TAK (Tactical Awareness Kit) w \u015brodowiskach<br \/>\no zwi\u0119kszonych wymaganiach bezpiecze\u0144stwa,<\/span><\/span><\/p>\n<\/li>\n<li data-start=\"1671\" data-end=\"1747\">\n<p data-start=\"1673\" data-end=\"1747\"><span dir=\"auto\" style=\"vertical-align: inherit;\"><span dir=\"auto\" style=\"vertical-align: inherit;\">modelowanie ekonomiczne i analityczne predykcyjne w nast\u0119pstwie.<\/span><\/span><\/p>\n<\/li>\n<\/ul>\n<p data-start=\"1749\" data-end=\"2142\"><span dir=\"auto\" style=\"vertical-align: inherit;\"><span dir=\"auto\" style=\"vertical-align: inherit;\">Uczestnictwo w tych wydarzeniach umo\u017cliwia sta\u0142y transfer wiedzy pomi\u0119dzy naukowym, administracj\u0105 i praktyk\u0105 operacyjn\u0105. Dost\u0119pne s\u0105 r\u00f3wnie\u017c weryfikacja danych technologicznych w aktualnych trendach w geoinformatyce, dost\u0119pna taktyczna siatka oraz informacje o danych GPS w \u015brodowisku o zasi\u0119gu infrastrukturze telekomunikacyjnej.<\/span><\/span><\/p>\n<p data-start=\"2144\" data-end=\"2424\" data-is-last-node=\"\" data-is-only-node=\"\"><span dir=\"auto\" style=\"vertical-align: inherit;\"><span dir=\"auto\" style=\"vertical-align: inherit;\">Aktywno\u015b\u0107 konferencyjna kadry stanowi element rozwoju eksperckich, a tak\u017ce potwierdzenie w rozwoju narz\u0119dzia i utrzymywania \u015bwiadomo\u015bci sytuacyjnej w operacjach s\u0142u\u017cb mundurowych, wytworzonych i strukturach zarz\u0105dzania kryzysowego.<\/span><\/span><\/p>\n","protected":false},"excerpt":{"rendered":"<p>Kadra projektu uczestniczy w specjalistycznych sympozjach i konferencjach naukowo-technicznych znajduj\u0105cych si\u0119 w systemie informacji morskich (GIS), pod\u0142\u0105czonych geodanych, mapowaniu operacyjnym oraz dost\u0119pie decyzyjnym w \u015brodowisku bezpiecze\u0144stwa publicznego i obronno\u015bci. Nadzwyczajne znaczenie wydarze\u0144 przez Akademi\u0119 Policji w Szczytnie we wsp\u00f3\u0142pracy z Esri Polska . Konferencja naukowa pn. \u201ePrzestrzenne Aspekty Bezpiecze\u0144stwa\u201d platforma zastosowania GIS (m.in. ArcGIS) w [&hellip;]<\/p>\n","protected":false},"author":1,"featured_media":0,"parent":0,"menu_order":0,"comment_status":"closed","ping_status":"closed","template":"","meta":{"_uag_custom_page_level_css":"","footnotes":""},"class_list":["post-203","page","type-page","status-publish","hentry","post"],"uagb_featured_image_src":{"full":false,"thumbnail":false,"medium":false,"medium_large":false,"large":false,"1536x1536":false,"2048x2048":false,"post-thumbnail":false,"vantage-thumbnail-no-sidebar":false,"vantage-slide":false,"vantage-carousel":false,"vantage-grid-loop":false,"sow-carousel-default":false},"uagb_author_info":{"display_name":"admin1715","author_link":"https:\/\/edutak.pl\/index.php\/author\/admin1715\/"},"uagb_comment_info":0,"uagb_excerpt":"Kadra projektu uczestniczy w specjalistycznych sympozjach i konferencjach naukowo-technicznych znajduj\u0105cych si\u0119 w systemie informacji morskich (GIS), pod\u0142\u0105czonych geodanych, mapowaniu operacyjnym oraz dost\u0119pie decyzyjnym w \u015brodowisku bezpiecze\u0144stwa publicznego i obronno\u015bci. Nadzwyczajne znaczenie wydarze\u0144 przez Akademi\u0119 Policji w Szczytnie we wsp\u00f3\u0142pracy z Esri Polska . Konferencja naukowa pn. \u201ePrzestrzenne Aspekty Bezpiecze\u0144stwa\u201d platforma zastosowania GIS (m.in. ArcGIS) w&hellip;","_links":{"self":[{"href":"https:\/\/edutak.pl\/index.php\/wp-json\/wp\/v2\/pages\/203","targetHints":{"allow":["GET"]}}],"collection":[{"href":"https:\/\/edutak.pl\/index.php\/wp-json\/wp\/v2\/pages"}],"about":[{"href":"https:\/\/edutak.pl\/index.php\/wp-json\/wp\/v2\/types\/page"}],"author":[{"embeddable":true,"href":"https:\/\/edutak.pl\/index.php\/wp-json\/wp\/v2\/users\/1"}],"replies":[{"embeddable":true,"href":"https:\/\/edutak.pl\/index.php\/wp-json\/wp\/v2\/comments?post=203"}],"version-history":[{"count":5,"href":"https:\/\/edutak.pl\/index.php\/wp-json\/wp\/v2\/pages\/203\/revisions"}],"predecessor-version":[{"id":211,"href":"https:\/\/edutak.pl\/index.php\/wp-json\/wp\/v2\/pages\/203\/revisions\/211"}],"wp:attachment":[{"href":"https:\/\/edutak.pl\/index.php\/wp-json\/wp\/v2\/media?parent=203"}],"curies":[{"name":"wp","href":"https:\/\/api.w.org\/{rel}","templated":true}]}}