{"id":183,"date":"2026-02-13T16:29:03","date_gmt":"2026-02-13T16:29:03","guid":{"rendered":"https:\/\/edutak.pl\/?page_id=183"},"modified":"2026-02-13T16:58:16","modified_gmt":"2026-02-13T16:58:16","slug":"o-nas","status":"publish","type":"page","link":"https:\/\/edutak.pl\/index.php\/o-nas\/","title":{"rendered":"O NAS"},"content":{"rendered":"<p data-start=\"180\" data-end=\"189\">Budujemy systemy \u015bwiadomego bezpiecze\u0144stwa. Specjalizujemy si\u0119 w projektowaniu i wdra\u017caniu rozwi\u0105za\u0144 z zakresu \u015bwiadomo\u015bci sytuacyjnej, opartych na aplikacji ATAK (Android Team Awareness Kit) oraz nowoczesnych systemach TAK. Nasz\u0105 rol\u0105 nie jest wy\u0142\u0105cznie dostarczenie narz\u0119dzia technologicznego. Projektujemy kompleksowe systemy wsparcia decyzyjnego, kt\u00f3re \u0142\u0105cz\u0105: technologi\u0119, procedury, szkolenia, realne do\u015bwiadczenie operacyjne. Praktyka zamiast teorii Zesp\u00f3\u0142 tworz\u0105 byli funkcjonariusze s\u0142u\u017cb oraz specjali\u015bci zarz\u0105dzania kryzysowego, posiadaj\u0105cy do\u015bwiadczenie w dzia\u0142aniach operacyjnych i ratowniczych, koordynacji wielopodmiotowej, zabezpieczeniach wydarze\u0144 o podwy\u017cszonym ryzyku, szkoleniu kadr dow\u00f3dczych i operacyjnych, budowie struktur reagowania i system\u00f3w wsparcia decyzji. Dzi\u0119ki temu nasze rozwi\u0105zania odpowiadaj\u0105 realnym potrzebom terenu, a nie wy\u0142\u0105cznie zapisom proceduralnym. Dzia\u0142amy dla jednostek samorz\u0105du terytorialnego, centr\u00f3w zarz\u0105dzania kryzysowego, s\u0142u\u017cb mundurowych i ratowniczych, OSP i organizacji spo\u0142ecznych, szk\u00f3\u0142 i klas mundurowych, podmiot\u00f3w komercyjnych i operator\u00f3w infrastruktury. Ka\u017cde wdro\u017cenie jest skalowane i dopasowane do specyfiki organizacji. Nasze podej\u015bcie cechuje<\/p>\n<p data-start=\"180\" data-end=\"189\">1. Diagnoza i audyt Analizujemy struktur\u0119, zagro\u017cenia i gotowo\u015b\u0107 organizacyjn\u0105.<\/p>\n<p data-start=\"180\" data-end=\"189\">2. Projekt i konfiguracja Tworzymy dopasowane \u015brodowisko ATAK oraz model pracy operacyjnej.<\/p>\n<p data-start=\"180\" data-end=\"189\">3. Szkolenia i \u0107wiczenia Prowadzimy dedykowane szkolenia oraz scenariuszowe \u0107wiczenia kryzysowe.<\/p>\n<p data-start=\"180\" data-end=\"189\">4. Sta\u0142e wsparcie i rozw\u00f3j Zapewniamy dost\u0119p do autorskiej platformy e-learningowej i aktualizacji kompetencji. Nasza misja Wierzymy, \u017ce bezpiecze\u0144stwo zaczyna si\u0119 od \u015bwiadomo\u015bci.<\/p>\n<p data-start=\"180\" data-end=\"189\">\u015awiadomo\u015b\u0107 \u2013 od informacji. A informacja \u2013 od w\u0142a\u015bciwie zaprojektowanego systemu. Budujemy rozwi\u0105zania, kt\u00f3re wspieraj\u0105 podejmowanie trafnych decyzji w sytuacjach dynamicznych i kryzysowych, wzmacniaj\u0105c odpowiedzialno\u015b\u0107 instytucji oraz kompetencje ludzi. Zapraszamy do wsp\u00f3\u0142pracy Je\u017celi poszukujesz partnera, kt\u00f3ry: rozumie realia s\u0142u\u017cb i administracji, \u0142\u0105czy technologi\u0119 z praktyk\u0105, projektuje rozwi\u0105zania dopasowane do Twojej struktury, zapraszamy do rozmowy.<\/p>\n<p data-start=\"2454\" data-end=\"2476\">\u00a0<\/p>\n\n<div\n\t\t\t\n\t\t\tclass=\"so-widget-sow-contact-form so-widget-sow-contact-form-default-2dba59c62dd0\"\n\t\t\t\n\t\t>\t<form\n\t\taction=\"\/index.php\/wp-json\/wp\/v2\/pages\/183\"\n\t\tmethod=\"POST\"\n\t\tclass=\"sow-contact-form\"\n\t\tid=\"contact-form-8d45\"\n\t>\n\n\t\t\n\t\t\t\t\t<div class=\"sow-form-field sow-form-field-textarea\">\n\t\t\t\t<label class=\"sow-form-field-label-above\" for=\"sow-contact-form-field-message-1\">\n\t\t\t\t<strong>\n\t\t\t\t\tMessage\t\t\t\t\t\t\t\t\t<\/strong>\n\t\t\t<\/label>\n\t\t\t\t\t\t\t<div class=\"sow-field-container\">\n\t\t\t\t\t\t\t<textarea\n\t\t\tname=\"message-1\"\n\t\t\tid=\"sow-contact-form-field-message-1\"\n\t\t\trows=\"10\"\n\t\t\t\t\t\t\t\t><\/textarea>\n\t\t\t\t\t\t<\/div>\n\t\t\t\t\t\t\t<\/div>\n\t\t\t\t\t\t<div class=\"sow-form-field sow-form-field-email\">\n\t\t\t\t<label class=\"sow-form-field-label-above\" for=\"sow-contact-form-field-your-email-1\">\n\t\t\t\t<strong>\n\t\t\t\t\tYour Email\t\t\t\t\t\t\t\t\t<\/strong>\n\t\t\t<\/label>\n\t\t\t\t\t\t\t<div class=\"sow-field-container\">\n\t\t\t\t\t\t\t<input\n\t\t\ttype=\"email\"\n\t\t\tname=\"your-email-1\"\n\t\t\tid=\"sow-contact-form-field-your-email-1\"\n\t\t\tvalue=\"\"\n\t\t\tclass=\"sow-text-field\"\t\t\t\t\t\t\t\t\/>\n\t\t\t\t\t\t<\/div>\n\t\t\t\t\t\t\t<\/div>\n\t\t\t\t\t\t<div class=\"sow-form-field sow-form-field-subject\">\n\t\t\t\t<label class=\"sow-form-field-label-above\" for=\"sow-contact-form-field-subject-1\">\n\t\t\t\t<strong>\n\t\t\t\t\tSubject\t\t\t\t\t\t\t\t\t<\/strong>\n\t\t\t<\/label>\n\t\t\t\t\t\t\t<div class=\"sow-field-container\">\n\t\t\t\t\t\t\t<input\n\t\t\ttype=\"text\"\n\t\t\tname=\"subject-1\"\n\t\t\tid=\"sow-contact-form-field-subject-1\"\n\t\t\tvalue=\"\"\n\t\t\tclass=\"sow-text-field\"\n\t\t\t\t\t\t\t\t\/>\n\t\t\t\t\t\t<\/div>\n\t\t\t\t\t\t\t<\/div>\n\t\t\t\t\t\t<div class=\"sow-form-field sow-form-field-textarea\">\n\t\t\t\t<label class=\"sow-form-field-label-above\" for=\"sow-contact-form-field-message-2\">\n\t\t\t\t<strong>\n\t\t\t\t\tMessage\t\t\t\t\t\t\t\t\t<\/strong>\n\t\t\t<\/label>\n\t\t\t\t\t\t\t<div class=\"sow-field-container\">\n\t\t\t\t\t\t\t<textarea\n\t\t\tname=\"message-2\"\n\t\t\tid=\"sow-contact-form-field-message-2\"\n\t\t\trows=\"10\"\n\t\t\t\t\t\t\t\t><\/textarea>\n\t\t\t\t\t\t<\/div>\n\t\t\t\t\t\t\t<\/div>\n\t\t\t\t\t\t<input\n\t\t\t\ttype=\"text\"\n\t\t\t\tname=\"sow-name\"\n\t\t\t\tclass=\"sow-text-field\"\n\t\t\t\tstyle=\"display: none !important; visibility: hidden !important;\"\n\t\t\t\tautocomplete=\"off\"\n\t\t\t\taria-hidden=\"true\"\n\t\t\t>\n\t\t\n\t\t\n\t\t<div class=\"sow-submit-wrapper \n\t\tsow-submit-styled\t\t\">\n\n\t\t\t<button\n\t\t\t\ttype=\"submit\"\n\t\t\t\tclass=\"sow-submit\n\t\t\t\t\t\t\t\t\"\n\t\t\t\tdata-js-key=\"c4ca4238a0b923820dcc509a6f75849b\" \t\t\t>\n\t\t\t\tContact Us\t\t\t<\/button>\n\t\t<\/div>\n\t\t\t\t<input\n\t\t\ttype=\"hidden\"\n\t\t\tname=\"instance_hash-1\"\n\t\t\tvalue=\"8d454901\"\n\t\t\/>\n\n\t\t<input type=\"hidden\" id=\"_wpnonce\" name=\"_wpnonce\" value=\"4e7c4b2432\" \/><input type=\"hidden\" name=\"_wp_http_referer\" value=\"\/index.php\/wp-json\/wp\/v2\/pages\/183\" \/>\t<\/form>\n\t<\/div>","protected":false},"excerpt":{"rendered":"<p>Budujemy systemy \u015bwiadomego bezpiecze\u0144stwa. Specjalizujemy si\u0119 w projektowaniu i wdra\u017caniu rozwi\u0105za\u0144 z zakresu \u015bwiadomo\u015bci sytuacyjnej, opartych na aplikacji ATAK (Android Team Awareness Kit) oraz nowoczesnych systemach TAK. Nasz\u0105 rol\u0105 nie jest wy\u0142\u0105cznie dostarczenie narz\u0119dzia technologicznego. Projektujemy kompleksowe systemy wsparcia decyzyjnego, kt\u00f3re \u0142\u0105cz\u0105: technologi\u0119, procedury, szkolenia, realne do\u015bwiadczenie operacyjne. Praktyka zamiast teorii Zesp\u00f3\u0142 tworz\u0105 byli funkcjonariusze [&hellip;]<\/p>\n","protected":false},"author":1,"featured_media":0,"parent":0,"menu_order":0,"comment_status":"closed","ping_status":"closed","template":"","meta":{"_uag_custom_page_level_css":"","footnotes":""},"class_list":["post-183","page","type-page","status-publish","hentry","post"],"uagb_featured_image_src":{"full":false,"thumbnail":false,"medium":false,"medium_large":false,"large":false,"1536x1536":false,"2048x2048":false,"post-thumbnail":false,"vantage-thumbnail-no-sidebar":false,"vantage-slide":false,"vantage-carousel":false,"vantage-grid-loop":false,"sow-carousel-default":false},"uagb_author_info":{"display_name":"admin1715","author_link":"https:\/\/edutak.pl\/index.php\/author\/admin1715\/"},"uagb_comment_info":0,"uagb_excerpt":"Budujemy systemy \u015bwiadomego bezpiecze\u0144stwa. Specjalizujemy si\u0119 w projektowaniu i wdra\u017caniu rozwi\u0105za\u0144 z zakresu \u015bwiadomo\u015bci sytuacyjnej, opartych na aplikacji ATAK (Android Team Awareness Kit) oraz nowoczesnych systemach TAK. Nasz\u0105 rol\u0105 nie jest wy\u0142\u0105cznie dostarczenie narz\u0119dzia technologicznego. Projektujemy kompleksowe systemy wsparcia decyzyjnego, kt\u00f3re \u0142\u0105cz\u0105: technologi\u0119, procedury, szkolenia, realne do\u015bwiadczenie operacyjne. Praktyka zamiast teorii Zesp\u00f3\u0142 tworz\u0105 byli funkcjonariusze&hellip;","_links":{"self":[{"href":"https:\/\/edutak.pl\/index.php\/wp-json\/wp\/v2\/pages\/183","targetHints":{"allow":["GET"]}}],"collection":[{"href":"https:\/\/edutak.pl\/index.php\/wp-json\/wp\/v2\/pages"}],"about":[{"href":"https:\/\/edutak.pl\/index.php\/wp-json\/wp\/v2\/types\/page"}],"author":[{"embeddable":true,"href":"https:\/\/edutak.pl\/index.php\/wp-json\/wp\/v2\/users\/1"}],"replies":[{"embeddable":true,"href":"https:\/\/edutak.pl\/index.php\/wp-json\/wp\/v2\/comments?post=183"}],"version-history":[{"count":5,"href":"https:\/\/edutak.pl\/index.php\/wp-json\/wp\/v2\/pages\/183\/revisions"}],"predecessor-version":[{"id":202,"href":"https:\/\/edutak.pl\/index.php\/wp-json\/wp\/v2\/pages\/183\/revisions\/202"}],"wp:attachment":[{"href":"https:\/\/edutak.pl\/index.php\/wp-json\/wp\/v2\/media?parent=183"}],"curies":[{"name":"wp","href":"https:\/\/api.w.org\/{rel}","templated":true}]}}