{"id":159,"date":"2026-02-13T15:47:46","date_gmt":"2026-02-13T15:47:46","guid":{"rendered":"https:\/\/edutak.pl\/?page_id=159"},"modified":"2026-02-13T19:04:07","modified_gmt":"2026-02-13T19:04:07","slug":"kadra","status":"publish","type":"page","link":"https:\/\/edutak.pl\/index.php\/kadra\/","title":{"rendered":"KADRA"},"content":{"rendered":"\n<div class=\"wp-block-group is-nowrap is-layout-flex wp-container-core-group-is-layout-ad2f72ca wp-block-group-is-layout-flex\">\n<hr class=\"wp-block-separator has-alpha-channel-opacity\"\/>\n<\/div>\n\n\n<div class=\"tmm tmm_\"><div class=\"tmm_3_columns tmm_wrap tmm_plugin_f\"><span class=\"tmm_two_containers_tablet\"><\/span><div class=\"tmm_container\"><div class=\"tmm_member\" style=\"border-top:#81d742 solid 5px;\"><div class=\"tmm_photo tmm_pic__0\" style=\"background: url(http:\/\/edutak.pl\/wp-content\/uploads\/2026\/02\/pawel-zawadka.jpg); margin-left: auto; margin-right:auto; background-size:cover !important;\"><\/div><div class=\"tmm_textblock\"><div class=\"tmm_names\"><span class=\"tmm_fname\">Pawe\u0142<\/span> <span class=\"tmm_lname\">Zawadka<\/span><\/div><div class=\"tmm_desc\" style=\"text-align:\"><p><span dir=\"auto\" style=\"vertical-align: inherit\"><span dir=\"auto\" style=\"vertical-align: inherit\">Jestem emerytowanym cz\u0142onkiem Policji z 20-letnim do\u015bwiadczeniem zdobytym m.in. w G\u0142\u00f3wnym Sztabie Policji KGP oraz Centralnym Pododdzia\u0142em Kontrterrorystycznym Policji \u201eBOA\u201d. Specjalizuj\u0119 si\u0119 w zarz\u0105dzaniu kryzysowym, reagowaniu na zagro\u017cenia CBRNE, WMD (Weapons of Mass Destruction), a tak\u017ce w ochronie ICS (Incident Command System) oraz UCS (Unified Command System). Bra\u0142em udzia\u0142 w krajowych i nadzorczych projektach wykonawczych, w tym we wsp\u00f3\u0142pracy z Federalnym Biurem \u015aledczym (FBI) oraz Agencj\u0105 Redukcji Zagro\u017ce\u0144 Departamentu Obrony USA (DTRA). Moje \u017ar\u00f3d\u0142o jest wysoko zarz\u0105dzane przez specjalist\u00f3w ww. jednostka, kt\u00f3ra podkre\u015bli\u0142a profesjonalizm i dzia\u0142anie polskie. posiada zaszczyt reprezentowa\u0107 polskie organy \u015bcigania jako ekspert w grupie doradczej stosowanej przy Komisji Europejskiej. Jestem tak\u017ce pomys\u0142odawc\u0105 i koordynatorem najwa\u017cniejszego dzia\u0142ania przez Policj\u0119, z zakresu reakcji na zagro\u017cenia oraz CBRNE pk. \u201eWilk-Ram-23\u201d. Wielokrotnie mo\u017cna skorzysta\u0107 z mo\u017cliwo\u015bci przygotowania i uczestnictwa w szkoleniach dla r\u00f3\u017cnych grup odbiorczych, zar\u00f3wno cywilnych jak i mundurowych. Jednym z najwa\u017cniejszych zagro\u017ce\u0144 jest uko\u0144czenie seminarium w FBI Academy w Quantico oraz otrzymanie imiennych podzi\u0119kowa\u0144 za wieloletni\u0105 prac\u0119 dyrektora FBI.<\/span><\/span><\/p><\/div><div class=\"tmm_scblock\"><a class=\"tmm_sociallink\" href=\"\" title=\"\"><img decoding=\"async\" alt=\"\" src=\"https:\/\/edutak.pl\/wp-content\/plugins\/team-members\/inc\/img\/links\/phone.png\"\/><\/a><a class=\"tmm_sociallink\" href=\"\" title=\"\"><img decoding=\"async\" alt=\"\" src=\"https:\/\/edutak.pl\/wp-content\/plugins\/team-members\/inc\/img\/links\/email.png\"\/><\/a><a target=\"_blank\" class=\"tmm_sociallink\" href=\"\" title=\"\"><img decoding=\"async\" alt=\"\" src=\"https:\/\/edutak.pl\/wp-content\/plugins\/team-members\/inc\/img\/links\/whatsapp.png\"\/><\/a><\/div><\/div><\/div><div class=\"tmm_member\" style=\"border-top:#81d742 solid 5px;\"><div class=\"tmm_photo tmm_pic__1\" style=\"background: url(http:\/\/edutak.pl\/wp-content\/uploads\/2026\/02\/Profilowe.jpg); margin-left: auto; margin-right:auto; background-size:cover !important;\"><\/div><div class=\"tmm_textblock\"><div class=\"tmm_names\"><span class=\"tmm_fname\">Piotr<\/span> <span class=\"tmm_lname\">Nowak<\/span><\/div><div class=\"tmm_desc\" style=\"text-align:\"><p align=\"justify\"><span dir=\"auto\"><span dir=\"auto\" style=\"vertical-align: inherit\"><span dir=\"auto\" style=\"vertical-align: inherit\">By\u0142y funkcjonariusz Policji z ponad 19- letnim do\u015bwiadczeniem zdobytym m.in w WPiIO KWP w Katowicach. Jako pierwszy zapocz\u0105tkowa\u0142 wdro\u017cenia \u015bwiadomo\u015bci sytuacyjnej w oparciu o system TAK i aplikacj\u0119 ATAK w polskiej Policji, OSP. Praktyk <\/span><\/span><\/span>w tworzeniu \u015bwiadomo\u015bci sytuacyjnej podczas dzia\u0142a\u0144 poszukiwawczych, zabezpiecze\u0144 akcji i operacji dzia\u0142a\u0144 ad hok.<span dir=\"auto\"><span dir=\"auto\" style=\"vertical-align: inherit\"><span dir=\"auto\" style=\"vertical-align: inherit\">\u00a0 Ratownik G\u00f3rskiego Ochotniczego Pogotowia Ratunkowego, Druh OSP. Specjalizuj\u0119 si\u0119 w dzia\u0142aniach SA wieloagencyjnych oraz\u00a0 systemach dowodzenia (ATAK, GIS). Jestem inicjatorem wsp\u00f3\u0142pracy mi\u0119dzyinstytucjonalnej \u2013 z jednostkami SOP, BOA, DO RSZ, WOT, PA\u017bP, PSP, WOPR, GOPR, TOPR, s\u0142u\u017cbami specjalistycznymi i instytucjami administracji publicznej JST nadzoruj\u0119 i wypracowuj\u0119 rozwi\u0105zania skutecznej komunikacji \u2013 dzia\u0142ania przez zastosowanie SA w realnych dzia\u0142aniach. Za s\u0142u\u017cb\u0119 dla pa\u0144stwa zosta\u0142 oznaczony <\/span><\/span><\/span><span dir=\"auto\"><span dir=\"auto\" style=\"vertical-align: inherit\"><span dir=\"auto\" style=\"vertical-align: inherit\">Br\u0105zowy Krzy\u017c Zas\u0142ugi, <\/span><\/span><\/span><span dir=\"auto\"><span dir=\"auto\" style=\"vertical-align: inherit\"><span dir=\"auto\" style=\"vertical-align: inherit\">Srebrny Krzy\u017c Zas\u0142ugi, <\/span><\/span><\/span><span dir=\"auto\"><span dir=\"auto\" style=\"vertical-align: inherit\"><span dir=\"auto\" style=\"vertical-align: inherit\">Z\u0142oty Krzy\u017c Zas\u0142ugi dla Ratownictwa G\u00f3rskiego oraz <\/span><\/span><\/span><span dir=\"auto\"><span dir=\"auto\" style=\"vertical-align: inherit\"><span dir=\"auto\" style=\"vertical-align: inherit\">Zas\u0142u\u017cony Honorowy Dawca Krwi II Stopnia.<\/span><\/span><\/span><\/p><p>\u00a0<\/p><\/div><div class=\"tmm_scblock\"><a class=\"tmm_sociallink\" href=\"\" title=\"\"><img decoding=\"async\" alt=\"\" src=\"https:\/\/edutak.pl\/wp-content\/plugins\/team-members\/inc\/img\/links\/phone.png\"\/><\/a><a class=\"tmm_sociallink\" href=\"\" title=\"\"><img decoding=\"async\" alt=\"\" src=\"https:\/\/edutak.pl\/wp-content\/plugins\/team-members\/inc\/img\/links\/email.png\"\/><\/a><a target=\"_blank\" class=\"tmm_sociallink\" href=\"\" title=\"\"><img decoding=\"async\" alt=\"\" src=\"https:\/\/edutak.pl\/wp-content\/plugins\/team-members\/inc\/img\/links\/whatsapp.png\"\/><\/a><\/div><\/div><\/div><div style=\"clear:both;\"><\/div><\/div><\/div><\/div>\n\n\n\n<p><\/p>\n","protected":false},"excerpt":{"rendered":"","protected":false},"author":1,"featured_media":0,"parent":0,"menu_order":0,"comment_status":"closed","ping_status":"closed","template":"","meta":{"_uag_custom_page_level_css":"","footnotes":""},"class_list":["post-159","page","type-page","status-publish","hentry","post"],"uagb_featured_image_src":{"full":false,"thumbnail":false,"medium":false,"medium_large":false,"large":false,"1536x1536":false,"2048x2048":false,"post-thumbnail":false,"vantage-thumbnail-no-sidebar":false,"vantage-slide":false,"vantage-carousel":false,"vantage-grid-loop":false,"sow-carousel-default":false},"uagb_author_info":{"display_name":"admin1715","author_link":"https:\/\/edutak.pl\/index.php\/author\/admin1715\/"},"uagb_comment_info":0,"uagb_excerpt":null,"_links":{"self":[{"href":"https:\/\/edutak.pl\/index.php\/wp-json\/wp\/v2\/pages\/159","targetHints":{"allow":["GET"]}}],"collection":[{"href":"https:\/\/edutak.pl\/index.php\/wp-json\/wp\/v2\/pages"}],"about":[{"href":"https:\/\/edutak.pl\/index.php\/wp-json\/wp\/v2\/types\/page"}],"author":[{"embeddable":true,"href":"https:\/\/edutak.pl\/index.php\/wp-json\/wp\/v2\/users\/1"}],"replies":[{"embeddable":true,"href":"https:\/\/edutak.pl\/index.php\/wp-json\/wp\/v2\/comments?post=159"}],"version-history":[{"count":10,"href":"https:\/\/edutak.pl\/index.php\/wp-json\/wp\/v2\/pages\/159\/revisions"}],"predecessor-version":[{"id":223,"href":"https:\/\/edutak.pl\/index.php\/wp-json\/wp\/v2\/pages\/159\/revisions\/223"}],"wp:attachment":[{"href":"https:\/\/edutak.pl\/index.php\/wp-json\/wp\/v2\/media?parent=159"}],"curies":[{"name":"wp","href":"https:\/\/api.w.org\/{rel}","templated":true}]}}